{"id":81,"date":"2014-10-21T12:54:48","date_gmt":"2014-10-21T12:54:48","guid":{"rendered":"http:\/\/www.sustainable-everyday-project.net\/ecological-and-social-transformation\/?page_id=81"},"modified":"2014-10-21T13:58:22","modified_gmt":"2014-10-21T13:58:22","slug":"exhibition-posters","status":"publish","type":"page","link":"http:\/\/www.sustainable-everyday-project.net\/ecological-and-social-transformation\/?page_id=81","title":{"rendered":"Exhibition Posters &#038; Boards"},"content":{"rendered":"<p><strong>POSTERS (click on images to download)<\/strong><\/p>\n<p><a href=\"http:\/\/www.sustainable-everyday-project.net\/ecological-and-social-transformation\/files\/2014\/10\/Parcours_final_100000-3.pdf\"><img loading=\"lazy\" decoding=\"async\" class=\"alignnone wp-image-94 size-medium\" src=\"http:\/\/www.sustainable-everyday-project.net\/ecological-and-social-transformation\/files\/2014\/10\/100000-212x300.png\" alt=\"100000\" width=\"212\" height=\"300\" srcset=\"http:\/\/www.sustainable-everyday-project.net\/ecological-and-social-transformation\/files\/2014\/10\/100000-212x300.png 212w, http:\/\/www.sustainable-everyday-project.net\/ecological-and-social-transformation\/files\/2014\/10\/100000.png 539w\" sizes=\"auto, (max-width: 212px) 100vw, 212px\" \/><\/a>\u00a0\u00a0<a href=\"http:\/\/www.sustainable-everyday-project.net\/ecological-and-social-transformation\/files\/2014\/10\/Parcours_final_bois.pdf\"><img loading=\"lazy\" decoding=\"async\" class=\"alignnone wp-image-95 size-medium\" src=\"http:\/\/www.sustainable-everyday-project.net\/ecological-and-social-transformation\/files\/2014\/10\/bois-212x300.png\" alt=\"bois\" width=\"212\" height=\"300\" srcset=\"http:\/\/www.sustainable-everyday-project.net\/ecological-and-social-transformation\/files\/2014\/10\/bois-212x300.png 212w, http:\/\/www.sustainable-everyday-project.net\/ecological-and-social-transformation\/files\/2014\/10\/bois.png 539w\" sizes=\"auto, (max-width: 212px) 100vw, 212px\" \/><\/a>\u00a0\u00a0<a href=\"http:\/\/www.sustainable-everyday-project.net\/ecological-and-social-transformation\/files\/2014\/10\/Parcours_final_eau.pdf\"><img loading=\"lazy\" decoding=\"async\" class=\"alignnone wp-image-96 size-medium\" src=\"http:\/\/www.sustainable-everyday-project.net\/ecological-and-social-transformation\/files\/2014\/10\/eau-212x300.png\" alt=\"eau\" width=\"212\" height=\"300\" srcset=\"http:\/\/www.sustainable-everyday-project.net\/ecological-and-social-transformation\/files\/2014\/10\/eau-212x300.png 212w, http:\/\/www.sustainable-everyday-project.net\/ecological-and-social-transformation\/files\/2014\/10\/eau.png 539w\" sizes=\"auto, (max-width: 212px) 100vw, 212px\" \/><\/a>\u00a0 <a href=\"http:\/\/www.sustainable-everyday-project.net\/ecological-and-social-transformation\/files\/2014\/10\/Parcours_final_euralens.pdf\"><img loading=\"lazy\" decoding=\"async\" class=\"alignnone wp-image-97 size-medium\" src=\"http:\/\/www.sustainable-everyday-project.net\/ecological-and-social-transformation\/files\/2014\/10\/euralens-212x300.png\" alt=\"euralens\" width=\"212\" height=\"300\" srcset=\"http:\/\/www.sustainable-everyday-project.net\/ecological-and-social-transformation\/files\/2014\/10\/euralens-212x300.png 212w, http:\/\/www.sustainable-everyday-project.net\/ecological-and-social-transformation\/files\/2014\/10\/euralens.png 539w\" sizes=\"auto, (max-width: 212px) 100vw, 212px\" \/><\/a>\u00a0 <a href=\"http:\/\/www.sustainable-everyday-project.net\/ecological-and-social-transformation\/files\/2014\/10\/Parcours_final_gouv-alim.pdf\"><img loading=\"lazy\" decoding=\"async\" class=\"alignnone wp-image-98 size-medium\" src=\"http:\/\/www.sustainable-everyday-project.net\/ecological-and-social-transformation\/files\/2014\/10\/gouvalim-212x300.png\" alt=\"gouvalim\" width=\"212\" height=\"300\" srcset=\"http:\/\/www.sustainable-everyday-project.net\/ecological-and-social-transformation\/files\/2014\/10\/gouvalim-212x300.png 212w, http:\/\/www.sustainable-everyday-project.net\/ecological-and-social-transformation\/files\/2014\/10\/gouvalim.png 540w\" sizes=\"auto, (max-width: 212px) 100vw, 212px\" \/><\/a>\u00a0 <a href=\"http:\/\/www.sustainable-everyday-project.net\/ecological-and-social-transformation\/files\/2014\/10\/Parcours_final_l3m.pdf\"><img loading=\"lazy\" decoding=\"async\" class=\"alignnone wp-image-99 size-medium\" src=\"http:\/\/www.sustainable-everyday-project.net\/ecological-and-social-transformation\/files\/2014\/10\/l3m-212x300.png\" alt=\"l3m\" width=\"212\" height=\"300\" srcset=\"http:\/\/www.sustainable-everyday-project.net\/ecological-and-social-transformation\/files\/2014\/10\/l3m-212x300.png 212w, http:\/\/www.sustainable-everyday-project.net\/ecological-and-social-transformation\/files\/2014\/10\/l3m.png 539w\" sizes=\"auto, (max-width: 212px) 100vw, 212px\" \/><\/a>\u00a0 <a href=\"http:\/\/www.sustainable-everyday-project.net\/ecological-and-social-transformation\/files\/2014\/10\/Parcours_final_nucl\u00e9aire.pdf\"><img loading=\"lazy\" decoding=\"async\" class=\"alignnone wp-image-100 size-medium\" src=\"http:\/\/www.sustainable-everyday-project.net\/ecological-and-social-transformation\/files\/2014\/10\/nucl\u00e9aire-212x300.png\" alt=\"nucl\u00e9aire\" width=\"212\" height=\"300\" srcset=\"http:\/\/www.sustainable-everyday-project.net\/ecological-and-social-transformation\/files\/2014\/10\/nucl\u00e9aire-212x300.png 212w, http:\/\/www.sustainable-everyday-project.net\/ecological-and-social-transformation\/files\/2014\/10\/nucl\u00e9aire.png 539w\" sizes=\"auto, (max-width: 212px) 100vw, 212px\" \/><\/a><\/p>\n<p>Download the entire exhibition <a href=\"http:\/\/www.strategicdesignscenarios.net\/downloads\/TESR\/Parcours_final_COMPLET.pdf\">here<\/a>.<\/p>\n<p><strong>BOARDS (click on links to download)<\/strong><\/p>\n<p><a href=\"http:\/\/www.sustainable-everyday-project.net\/ecological-and-social-transformation\/files\/2014\/10\/panneaux_lyc\u00e9edu3eme.pdf\">Mon lyc\u00e9e\u00a0du\u00a03eme\u00a0Mill\u00e9naire<\/a><\/p>\n<p><a href=\"http:\/\/www.sustainable-everyday-project.net\/ecological-and-social-transformation\/files\/2014\/10\/panneaux_gouvernancealimentaire.pdf\">Gouvernance\u00a0Alimentaire<\/a><\/p>\n<p><a href=\"http:\/\/www.sustainable-everyday-project.net\/ecological-and-social-transformation\/files\/2014\/10\/panneaux_fili\u00e8rebois.pdf\">Fili\u00e8re bois <\/a> <a href=\"http:\/\/www.sustainable-everyday-project.net\/ecological-and-social-transformation\/files\/2014\/10\/panneaux_euralens.pdf\">Euralens<\/a><\/p>\n<p><a href=\"http:\/\/www.sustainable-everyday-project.net\/ecological-and-social-transformation\/files\/2014\/10\/panneaux_eaudanslaudomarois.pdf\">L&#8217;eau dans l&#8217;Audomarois<\/a><\/p>\n<p><a href=\"http:\/\/www.sustainable-everyday-project.net\/ecological-and-social-transformation\/files\/2014\/10\/panneaux_100000logements.pdf\">Plan 100000 logements<\/a><\/p>\n<p><a href=\"http:\/\/www.sustainable-everyday-project.net\/ecological-and-social-transformation\/files\/2014\/10\/panneaux_d\u00e9mant\u00e8lementdunucl\u00e9aire.pdf\">D\u00e9mant\u00e8lement du nucl\u00e9aire<\/a><\/p>\n<p><a href=\"http:\/\/www.sustainable-everyday-project.net\/ecological-and-social-transformation\/files\/2014\/10\/panneaux_strat\u00e9gieenerg\u00e9tique.pdf\">Strat\u00e9gie \u00e9nerg\u00e9tique\u00a0du territoire<\/a><\/p>\n<p><a href=\"http:\/\/www.sustainable-everyday-project.net\/ecological-and-social-transformation\/files\/2014\/10\/panneaux_diab\u00e8te.pdf\">Lutte contre le diab\u00e8te<\/a><\/p>\n","protected":false},"excerpt":{"rendered":"<p>POSTERS (click on images to download) \u00a0\u00a0\u00a0\u00a0\u00a0 \u00a0 \u00a0 \u00a0 Download the entire exhibition here. BOARDS (click on links to download) Mon lyc\u00e9e\u00a0du\u00a03eme\u00a0Mill\u00e9naire Gouvernance\u00a0Alimentaire Fili\u00e8re bois Euralens L&#8217;eau dans l&#8217;Audomarois Plan 100000 logements D\u00e9mant\u00e8lement du nucl\u00e9aire Strat\u00e9gie \u00e9nerg\u00e9tique\u00a0du territoire Lutte contre le diab\u00e8te<\/p>\n","protected":false},"author":1,"featured_media":0,"parent":0,"menu_order":0,"comment_status":"open","ping_status":"open","template":"","meta":{"footnotes":""},"class_list":["post-81","page","type-page","status-publish","hentry"],"_links":{"self":[{"href":"http:\/\/www.sustainable-everyday-project.net\/ecological-and-social-transformation\/index.php?rest_route=\/wp\/v2\/pages\/81","targetHints":{"allow":["GET"]}}],"collection":[{"href":"http:\/\/www.sustainable-everyday-project.net\/ecological-and-social-transformation\/index.php?rest_route=\/wp\/v2\/pages"}],"about":[{"href":"http:\/\/www.sustainable-everyday-project.net\/ecological-and-social-transformation\/index.php?rest_route=\/wp\/v2\/types\/page"}],"author":[{"embeddable":true,"href":"http:\/\/www.sustainable-everyday-project.net\/ecological-and-social-transformation\/index.php?rest_route=\/wp\/v2\/users\/1"}],"replies":[{"embeddable":true,"href":"http:\/\/www.sustainable-everyday-project.net\/ecological-and-social-transformation\/index.php?rest_route=%2Fwp%2Fv2%2Fcomments&post=81"}],"version-history":[{"count":11,"href":"http:\/\/www.sustainable-everyday-project.net\/ecological-and-social-transformation\/index.php?rest_route=\/wp\/v2\/pages\/81\/revisions"}],"predecessor-version":[{"id":117,"href":"http:\/\/www.sustainable-everyday-project.net\/ecological-and-social-transformation\/index.php?rest_route=\/wp\/v2\/pages\/81\/revisions\/117"}],"wp:attachment":[{"href":"http:\/\/www.sustainable-everyday-project.net\/ecological-and-social-transformation\/index.php?rest_route=%2Fwp%2Fv2%2Fmedia&parent=81"}],"curies":[{"name":"wp","href":"https:\/\/api.w.org\/{rel}","templated":true}]}}