{"id":9,"date":"2014-01-13T14:32:01","date_gmt":"2014-01-13T14:32:01","guid":{"rendered":"http:\/\/www.sustainable-everyday-project.net\/innovation-futures\/?page_id=9"},"modified":"2014-01-27T16:42:06","modified_gmt":"2014-01-27T16:42:06","slug":"mini-panel-visions","status":"publish","type":"page","link":"http:\/\/www.sustainable-everyday-project.net\/innovation-futures\/mini-panel-visions\/","title":{"rendered":"Mini-Panel visions"},"content":{"rendered":"<p><strong>Please do not forget to turn on your loudspeakers!<\/strong><\/p>\n<p><iframe loading=\"lazy\" src=\"http:\/\/player.vimeo.com\/video\/32099660?title=0&amp;byline=0&amp;portrait=0\" frameborder=\"0\" width=\"160\" height=\"120\"><\/iframe> <iframe loading=\"lazy\" src=\"http:\/\/player.vimeo.com\/video\/32084920?title=0&amp;byline=0&amp;portrait=0\" frameborder=\"0\" width=\"160\" height=\"120\"><\/iframe> <iframe loading=\"lazy\" src=\"http:\/\/player.vimeo.com\/video\/32095073?title=0&amp;byline=0&amp;portrait=0\" frameborder=\"0\" width=\"160\" height=\"120\"><\/iframe><\/p>\n<p><iframe loading=\"lazy\" src=\"http:\/\/player.vimeo.com\/video\/32096342?title=0&amp;byline=0&amp;portrait=0\" frameborder=\"0\" width=\"160\" height=\"120\"><\/iframe> <iframe loading=\"lazy\" src=\"http:\/\/player.vimeo.com\/video\/32097276?title=0&amp;byline=0&amp;portrait=0\" frameborder=\"0\" width=\"160\" height=\"120\"><\/iframe> <iframe loading=\"lazy\" src=\"http:\/\/player.vimeo.com\/video\/32098388?title=0&amp;byline=0&amp;portrait=0\" frameborder=\"0\" width=\"160\" height=\"120\"><\/iframe><\/p>\n<p><iframe loading=\"lazy\" src=\"http:\/\/player.vimeo.com\/video\/32099011?title=0&amp;byline=0&amp;portrait=0\" frameborder=\"0\" width=\"160\" height=\"120\"><\/iframe> <iframe loading=\"lazy\" src=\"http:\/\/player.vimeo.com\/video\/32099282?title=0&amp;byline=0&amp;portrait=0\" frameborder=\"0\" width=\"160\" height=\"120\"><\/iframe> <iframe loading=\"lazy\" src=\"http:\/\/player.vimeo.com\/video\/32099424?title=0&amp;byline=0&amp;portrait=0\" frameborder=\"0\" width=\"160\" height=\"120\"><\/iframe><\/p>\n<p>Weak signals of change in the way we innovate have been amplified and used to prompt strategic conversation between a range of experts and stakeholders. 8 topics emerged and were investigated more in-depth in different countries and in the arenas they relate to.<\/p>\n<p style=\"margin: 0.0px 0.0px 0.0px 0.0px; font: 12.0px Tahoma; color: #303030;\">More details:<\/p>\n<p style=\"margin: 0.0px 0.0px 0.0px 0.0px; font: 12.0px Tahoma; color: #303030; min-height: 14.0px;\">\n<p style=\"margin: 0.0px 0.0px 0.0px 0.0px; font: 12.0px Tahoma; color: #303030;\"><strong><a name=\"synthesis\"><\/a>Synthesis:<\/strong><\/p>\n<p><iframe loading=\"lazy\" src=\"http:\/\/player.vimeo.com\/video\/32099660?title=0&amp;byline=0&amp;portrait=0\" frameborder=\"0\" width=\"499\" height=\"374\"><\/iframe><\/p>\n<p style=\"margin: 0.0px 0.0px 0.0px 0.0px; font: 12.0px Tahoma; color: #303030;\">\n<p style=\"margin: 0.0px 0.0px 0.0px 0.0px; font: 12.0px Tahoma; color: #303030;\">The emerging visions introduce fundamental changes in the mechanisms coordinating innovation supply and innovation demand such as:<\/p>\n<p style=\"margin: 0.0px 0.0px 0.0px 0.0px; font: 12.0px Tahoma; color: #303030; min-height: 14.0px;\">\n<p style=\"margin: 0.0px 0.0px 6.0px 0.0px; font: 12.0px Tahoma; color: #303030;\">&#8211; fab lab infrastructures enabling self-prototyping;<\/p>\n<p style=\"margin: 0.0px 0.0px 6.0px 0.0px; font: 12.0px Tahoma; color: #303030;\">&#8211; deliberation processes moderating innovation;<\/p>\n<p style=\"margin: 0.0px 0.0px 6.0px 0.0px; font: 12.0px Tahoma; color: #303030;\">&#8211; innocamps for collaborative problem solving;<\/p>\n<p style=\"margin: 0.0px 0.0px 6.0px 0.0px; font: 12.0px Tahoma; color: #303030;\">&#8211; citizen agencies to promote local public innovations;<\/p>\n<p style=\"margin: 0.0px 0.0px 6.0px 0.0px; font: 12.0px Tahoma; color: #303030;\">&#8211; innovation chain masters coordinating \u00a0various actors and ideas;<\/p>\n<p style=\"margin: 0.0px 0.0px 6.0px 0.0px; font: 12.0px Tahoma; color: #303030;\">&#8211; a Surplus Ecosystem exchanging it\u2019s own Surplus with society<\/p>\n<p style=\"margin: 0.0px 0.0px 6.0px 0.0px; font: 12.0px Tahoma; color: #303030;\">&#8211; city open data available for innovation;<\/p>\n<p style=\"margin: 0.0px 0.0px 6.0px 0.0px; font: 12.0px Tahoma; color: #303030;\">&#8211; algorithms tracking promising opportunities;<\/p>\n<p style=\"margin: 0.0px 0.0px 6.0px 0.0px; font: 12.0px Tahoma; color: #303030;\">&#8211; creativity supporting environments<\/p>\n<p style=\"margin: 0.0px 0.0px 6.0px 0.0px; font: 12.0px Tahoma; color: #303030;\">&#8211; shared infrastrutures mixing innovation actors;<\/p>\n<p style=\"margin: 0.0px 0.0px 0.0px 0.0px; font: 12.0px Tahoma; color: #303030; min-height: 14.0px;\">\n<p style=\"margin: 0.0px 0.0px 0.0px 0.0px; font: 12.0px Tahoma; color: #303030;\">These new ways of coordination generate new type of outcomes such as:<\/p>\n<p style=\"margin: 0.0px 0.0px 0.0px 0.0px; font: 12.0px Tahoma; color: #303030; min-height: 14.0px;\">\n<p style=\"margin: 0.0px 0.0px 6.0px 0.0px; font: 12.0px Tahoma; color: #303030;\">&#8211; solutions for societal needs;<\/p>\n<p style=\"margin: 0.0px 0.0px 6.0px 0.0px; font: 12.0px Tahoma; color: #303030;\">&#8211; new relations between people and things<\/p>\n<p style=\"margin: 0.0px 0.0px 6.0px 0.0px; font: 12.0px Tahoma; color: #303030;\">&#8211; cultural innovations changing meanings and identities;<\/p>\n<p style=\"margin: 0.0px 0.0px 6.0px 0.0px; font: 12.0px Tahoma; color: #303030;\">&#8211; solutioning systems<\/p>\n<div><\/div>\n<div>\n<p style=\"margin: 0.0px 0.0px 0.0px 0.0px; font: 12.0px Tahoma; color: #303030;\"><strong>Innocamp Society<\/strong><\/p>\n<p><iframe loading=\"lazy\" src=\"http:\/\/player.vimeo.com\/video\/32084920?title=0&amp;byline=0&amp;portrait=0&amp;color=59a5d1\" frameborder=\"0\" width=\"499\" height=\"374\"><\/iframe><\/p>\n<p style=\"margin: 0.0px 0.0px 0.0px 0.0px; font: 12.0px Tahoma; color: #303030;\"><em>Dominik Wind,\u00a0<\/em><\/p>\n<p style=\"margin: 0.0px 0.0px 0.0px 0.0px; font: 12.0px Tahoma; color: #303030;\"><em>Until we see new land, Germany.<\/em><\/p>\n<p style=\"margin: 0.0px 0.0px 0.0px 0.0px; font: 12.0px Tahoma; color: #303030;\"><em>Workshop with stakeholders of future innovation camps (Berlin).<\/em><\/p>\n<p style=\"margin: 0.0px 0.0px 0.0px 0.0px; font: 12.0px Tahoma; color: #303030; min-height: 14.0px;\">\n<p style=\"margin: 0.0px 0.0px 0.0px 0.0px; font: 12.0px Tahoma; color: #303030;\">People regularly join \u201cInnovation camps\u201d set up by private and public actors for a limited time span for experimental, collaborative problem solving, foresight, participatory decision making and joint learning.<\/p>\n<p style=\"margin: 0.0px 0.0px 0.0px 0.0px; font: 12.0px Tahoma; color: #303030; min-height: 14.0px;\">\n<p style=\"margin: 0.0px 0.0px 0.0px 0.0px; font: 12.0px Tahoma; color: #303030;\">Innovation Camps are protected spaces providing facilities for collaborative living, working and prototyping in intense physical gatherings of interdisciplinary groups.<\/p>\n<p style=\"margin: 0.0px 0.0px 0.0px 0.0px; font: 12.0px Tahoma; color: #303030; min-height: 14.0px;\">\n<p style=\"margin: 0.0px 0.0px 0.0px 0.0px; font: 12.0px Tahoma; color: #303030;\"><a href=\"\/innovation-futures\/files\/2014\/01\/5_Innocamp Society_1 of 2.pdf \">Download the complete Mini-panel report 1 of 2<\/a><\/p>\n<p style=\"margin: 0.0px 0.0px 0.0px 0.0px; font: 12.0px Tahoma; color: #303030;\"><a href=\"\/innovation-futures\/files\/2014\/01\/5_Innocamp Society_2 of 2.pdf \">Download the complete Mini-panel report 2 of 2<\/a><\/p>\n<p>&nbsp;<\/p>\n<\/div>\n<p style=\"margin: 0.0px 0.0px 0.0px 0.0px; font: 12.0px Tahoma; color: #303030;\"><strong>Ubiquitous Innovation<\/strong><\/p>\n<p><iframe loading=\"lazy\" src=\"http:\/\/player.vimeo.com\/video\/32095073?title=0&amp;byline=0&amp;portrait=0\" frameborder=\"0\" width=\"499\" height=\"374\"><\/iframe><\/p>\n<p style=\"margin: 0.0px 0.0px 0.0px 0.0px; font: 12.0px Tahoma; color: #303030;\">\n<p style=\"margin: 0.0px 0.0px 0.0px 0.0px; font: 12.0px Tahoma; color: #303030;\"><em>Base on the mini-panel &#8220;Widespread Creativity&#8221;\u00a0<\/em><\/p>\n<p style=\"margin: 0.0px 0.0px 0.0px 0.0px; font: 12.0px Tahoma; color: #303030;\"><em>Rolandas Strazdas, Global Creators, Lithuania<\/em><\/p>\n<p style=\"margin: 0.0px 0.0px 0.0px 0.0px; font: 12.0px Tahoma; color: #303030;\"><em>Professor innovation management, company consultant<\/em><\/p>\n<p style=\"margin: 0.0px 0.0px 0.0px 0.0px; font: 12.0px Tahoma; color: #303030;\"><em>Creative session with innovation management experts (Vilnius)<\/em><\/p>\n<p style=\"margin: 0.0px 0.0px 0.0px 0.0px; font: 12.0px Tahoma; color: #303030;\">\n<p>All actors in all value creation steps contribute creativity, no longer artists and designers only. All professions are recognised as \u201ccreative\u201d. High emphasis is placed on relational innovation.<\/p>\n<p style=\"margin: 0.0px 0.0px 0.0px 0.0px; font: 12.0px Tahoma;\">Managers&#8217; role evolves fundamentally from coordinating workflows to become creativity-enhancing facilitators.<\/p>\n<p style=\"margin: 0.0px 0.0px 0.0px 0.0px; font: 12.0px Tahoma; min-height: 14.0px;\">\n<p style=\"margin: 0.0px 0.0px 0.0px 0.0px; font: 12.0px Tahoma;\">Employees are constantly involved in internal processes and product innovation projects, annual innovation contests, generating company-ideas for new products or services or improving internal processes and working conditions.<\/p>\n<p style=\"margin: 0.0px 0.0px 0.0px 0.0px; font: 12.0px Tahoma; min-height: 14.0px;\">\n<p style=\"margin: 0.0px 0.0px 0.0px 0.0px; font: 12.0px Tahoma;\"><a href=\"http:\/\/www.innovation-futures.org\/sites\/default\/files\/7_Widespread Creativity.doc \">Download the complete Mini-panel report&#8230;<\/a><\/p>\n<p style=\"margin: 0.0px 0.0px 0.0px 0.0px; font: 12.0px Tahoma; min-height: 14.0px;\">\n<p style=\"margin: 0.0px 0.0px 0.0px 0.0px; font: 12.0px Tahoma;\"><strong>Deliberative Innovation<\/strong><\/p>\n<p><iframe loading=\"lazy\" src=\"http:\/\/player.vimeo.com\/video\/32096342?title=0&amp;byline=0&amp;portrait=0\" frameborder=\"0\" width=\"499\" height=\"374\"><\/iframe><\/p>\n<p style=\"margin: 0.0px 0.0px 0.0px 0.0px; font: 12.0px Tahoma; color: #303030;\"><em>Base on the mini-panel &#8220;Deliberative Innovation&#8221;\u00a0<\/em><\/p>\n<p style=\"margin: 0.0px 0.0px 0.0px 0.0px; font: 12.0px Tahoma; color: #303030;\"><em>Anders Jacobi, Denmark<\/em><\/p>\n<p style=\"margin: 0.0px 0.0px 0.0px 0.0px; font: 12.0px Tahoma; color: #303030;\"><em>Danish Board of Technology, Denmark<\/em><\/p>\n<p style=\"margin: 0.0px 0.0px 0.0px 0.0px; font: 12.0px Tahoma; color: #303030;\"><em>Visioning session among actors of participatory technology assessment (Kopenhagen<\/em>)<\/p>\n<p style=\"margin: 0.0px 0.0px 0.0px 0.0px; font: 12.0px Tahoma; color: #303030; min-height: 14.0px;\">\n<p style=\"margin: 0.0px 0.0px 0.0px 0.0px; font: 12.0px Tahoma; color: #303030;\">There are two main drivers of deliberative innovation: societal needs and citizens ideas:<\/p>\n<p><span style=\"font: 12.0px Symbol;\">\u00a0\u00a0 \u00a0\u2022<\/span>Representative citizens\u2019 panels are involved in exploring societal needs, developing and assessing different innovative solutions and \u00a0 \u00a0 finally proposing the concept to be adopted.<\/p>\n<p><span style=\"font: 12.0px Symbol;\">\u00a0\u00a0 \u00a0\u2022<\/span>In a structured process, citizens ideas are regularily put forward and fed into companies\u2019 and other institutions open innovation processes.<\/p>\n<p style=\"margin: 0.0px 0.0px 0.0px 0.0px; font: 12.0px Tahoma; color: #303030;\"><a href=\"\/innovation-futures\/files\/2014\/01\/2_Deliberative Innovation final Vision.pdf \">Download the complete Mini-panel report&#8230;<\/a><\/p>\n<p style=\"margin: 0.0px 0.0px 0.0px 0.0px; font: 12.0px Tahoma; color: #303030;\">\n<p style=\"margin: 0.0px 0.0px 0.0px 0.0px; font: 12.0px Tahoma; color: #303030;\"><strong>Open Innovation City<\/strong><\/p>\n<p><iframe loading=\"lazy\" src=\"http:\/\/player.vimeo.com\/video\/32097276?title=0&amp;byline=0&amp;portrait=0\" frameborder=\"0\" width=\"499\" height=\"374\"><\/iframe><\/p>\n<p style=\"margin: 0.0px 0.0px 0.0px 0.0px; font: 12.0px Tahoma; color: #303030;\"><em>Base on the mini-panel &#8220;Open Innovation City&#8221;\u00a0<\/em><\/p>\n<p style=\"margin: 0.0px 0.0px 0.0px 0.0px; font: 12.0px Tahoma; color: #303030;\"><em>Daniel Kaplan, Fran\u00e7ois J\u00e9gou, France<\/em><\/p>\n<p style=\"margin: 0.0px 0.0px 0.0px 0.0px; font: 12.0px Tahoma; color: #303030;\"><em>FING &#8211; The Next Generation Internet Foundation<\/em><\/p>\n<p style=\"margin: 0.0px 0.0px 0.0px 0.0px; font: 12.0px Tahoma; color: #303030;\"><em>Workshop envisioning the \u201copen innovation city\u201d with actors from city councils and companies involved with city level innovation (Paris)<\/em><\/p>\n<p style=\"margin: 0.0px 0.0px 0.0px 0.0px; font: 12.0px Tahoma; color: #303030; min-height: 14.0px;\">\n<p style=\"margin: 0.0px 0.0px 0.0px 0.0px; font: 12.0px Tahoma; color: #303030;\">Public-private partnerships, permanent innovation in urban services, public discussions, users interventions, co-design, customisation and even hacking are usual practices&#8230;<\/p>\n<p style=\"margin: 0.0px 0.0px 0.0px 0.0px; font: 12.0px Tahoma; color: #303030; min-height: 14.0px;\">\n<p style=\"margin: 0.0px 0.0px 0.0px 0.0px; font: 12.0px Tahoma; color: #303030;\">Multiplication from the micro to the macro levels, of all kinds of initiatives, experimentations, projects and their up-scaling is facilitated.<\/p>\n<p style=\"margin: 0.0px 0.0px 0.0px 0.0px; font: 12.0px Tahoma; color: #303030;\">Reflexive processes as constant data gathering, feedback analysis, experimentation observation drives permanent improvement<\/p>\n<p style=\"margin: 0.0px 0.0px 0.0px 0.0px; font: 12.0px Tahoma; color: #303030; min-height: 14.0px;\">\n<p style=\"margin: 0.0px 0.0px 0.0px 0.0px; font: 12.0px Tahoma; color: #303030;\">Key resources are:<\/p>\n<p style=\"margin: 0.0px 0.0px 0.0px 0.0px; font: 12.0px Tahoma; color: #303030;\">&#8211; open data, be they public-service information, crowdsourced or other data<\/p>\n<p style=\"margin: 0.0px 0.0px 0.0px 0.0px; font: 12.0px Tahoma; color: #303030;\">&#8211; flexible places that can support different kinds of activities at different moments<\/p>\n<p style=\"margin: 0.0px 0.0px 0.0px 0.0px; font: 12.0px Tahoma; color: #303030;\">&#8211; co-production places, including Fab Labs to prototype and produce physical as well as digital artefacts<\/p>\n<p style=\"margin: 0.0px 0.0px 0.0px 0.0px; font: 12.0px Tahoma; color: #303030;\">&#8211; political vision and guidance is needed to regulate the resulting landscape of players, representations, and services.<\/p>\n<p style=\"margin: 0.0px 0.0px 0.0px 0.0px; font: 12.0px Tahoma; color: #303030; min-height: 14.0px;\">\n<p style=\"margin: 0.0px 0.0px 0.0px 0.0px; font: 12.0px Tahoma; color: #303030;\"><a href=\"\/innovation-futures\/files\/2014\/01\/4_Open Innovation City.pdf \">Download the complete Mini-panel report&#8230;<\/a><\/p>\n<p style=\"margin: 0.0px 0.0px 0.0px 0.0px; font: 12.0px Tahoma; color: #303030;\">\n<p style=\"margin: 0.0px 0.0px 0.0px 0.0px; font: 12.0px Tahoma;\"><strong>Waste Based Open Innovation<\/strong><\/p>\n<p><iframe loading=\"lazy\" src=\"http:\/\/player.vimeo.com\/video\/32098388?title=0&amp;byline=0&amp;portrait=0\" frameborder=\"0\" width=\"499\" height=\"374\"><\/iframe><\/p>\n<p style=\"margin: 0.0px 0.0px 0.0px 0.0px; font: 12.0px Tahoma;\"><em>Base on the mini-panel &#8220;Waste Based Innovation&#8221;\u00a0<\/em><\/p>\n<p style=\"margin: 0.0px 0.0px 0.0px 0.0px; font: 12.0px Tahoma;\"><em>Jay Cousins, US\/Germany<\/em><\/p>\n<p style=\"margin: 0.0px 0.0px 0.0px 0.0px; font: 12.0px Tahoma;\"><em>Founder of Open Design City Berlin<\/em><\/p>\n<p style=\"margin: 0.0px 0.0px 0.0px 0.0px; font: 12.0px Tahoma;\"><em>Workshop in Berlin with stakeholders and key actors from cradle to cradle community (Berlin)<\/em><\/p>\n<p style=\"margin: 0.0px 0.0px 0.0px 0.0px; font: 12.0px Tahoma; min-height: 14.0px;\">\n<p style=\"margin: 0.0px 0.0px 0.0px 0.0px; font: 12.0px Tahoma;\">Waste-Based Innovation relies on:<\/p>\n<p style=\"margin: 0.0px 0.0px 0.0px 0.0px; font: 12.0px Tahoma;\">&#8211; waste reduced through producing only on demand;<\/p>\n<p style=\"margin: 0.0px 0.0px 0.0px 0.0px; font: 12.0px Tahoma;\">&#8211; the Access Culture an autonomous distributed network providing everyone with access to knowledge, tools and resources they need to improve their lives and environment.<\/p>\n<p style=\"margin: 0.0px 0.0px 0.0px 0.0px; font: 12.0px Tahoma;\">&#8211; a Surplus Ecosystem that treats waste as material resource and exchanges it\u2019s own Surplus with society.<\/p>\n<p style=\"margin: 0.0px 0.0px 0.0px 0.0px; font: 12.0px Tahoma; min-height: 14.0px;\">\n<p style=\"margin: 0.0px 0.0px 0.0px 0.0px; font: 12.0px Tahoma;\">In the Suplus ecosystem &#8230;<\/p>\n<p style=\"margin: 0.0px 0.0px 0.0px 0.0px; font: 12.0px Tahoma;\">&#8211; Waste Mines provide access to waste resources.<\/p>\n<p style=\"margin: 0.0px 0.0px 0.0px 0.0px; font: 12.0px Tahoma;\">&#8211; RFID chips in all products allow identifying materials, production processes and potential use in afterlife.<\/p>\n<p style=\"margin: 0.0px 0.0px 0.0px 0.0px; font: 12.0px Tahoma;\">&#8211; Material Labs store and extract resources from waste.<\/p>\n<p style=\"margin: 0.0px 0.0px 0.0px 0.0px; font: 12.0px Tahoma;\">&#8211; Both localised and virtual spaces facilitate object swapping.<\/p>\n<p style=\"margin: 0.0px 0.0px 0.0px 0.0px; font: 12.0px Tahoma;\">&#8211; Modular products can be recombined \u201clego style\u201d.<\/p>\n<p style=\"margin: 0.0px 0.0px 0.0px 0.0px; font: 12.0px Tahoma;\">&#8211; Home Labs, Local Labs and Factories enable citizens to produce their own products.<\/p>\n<p style=\"margin: 0.0px 0.0px 0.0px 0.0px; font: 12.0px Tahoma; min-height: 14.0px;\">\n<p style=\"margin: 0.0px 0.0px 0.0px 0.0px; font: 12.0px Tahoma;\"><a href=\"\/innovation-futures\/files\/2014\/01\/6_Waste Based Innovation.pdf \">Download the complete Mini-panel report&#8230;<\/a><\/p>\n<p style=\"margin: 0.0px 0.0px 0.0px 0.0px; font: 12.0px Tahoma;\">\n<p style=\"margin: 0.0px 0.0px 0.0px 0.0px; font: 12.0px Tahoma;\"><strong>Automatising innovation<\/strong><\/p>\n<p><iframe loading=\"lazy\" src=\"http:\/\/player.vimeo.com\/video\/32099011?title=0&amp;byline=0&amp;portrait=0\" frameborder=\"0\" width=\"499\" height=\"374\"><\/iframe><\/p>\n<p style=\"margin: 0.0px 0.0px 0.0px 0.0px; font: 12.0px Tahoma;\"><em>Base on the mini-panel &#8220;Automatised Innovation&#8221;\u00a0<\/em><\/p>\n<p style=\"margin: 0.0px 0.0px 0.0px 0.0px; font: 12.0px Tahoma;\"><em>Patrick Corsi, Belgium<\/em><\/p>\n<p style=\"margin: 0.0px 0.0px 0.0px 0.0px; font: 12.0px Tahoma;\"><em>Independent Consultant<\/em><\/p>\n<p style=\"margin: 0.0px 0.0px 0.0px 0.0px; font: 12.0px Tahoma;\"><em>Four Interviews with key companies (IBM, EPFL, INSEAT ISTIA innovation) and group telephone discussion<\/em><\/p>\n<p style=\"margin: 0.0px 0.0px 0.0px 0.0px; font: 12.0px Tahoma; min-height: 14.0px;\">\n<p style=\"margin: 0.0px 0.0px 0.0px 0.0px; font: 12.0px Tahoma;\">Automatisation of innovation is based on:<\/p>\n<p style=\"margin: 0.0px 0.0px 0.0px 0.0px; font: 12.0px Tahoma; min-height: 14.0px;\">\n<p style=\"margin: 0.0px 0.0px 0.0px 0.0px; font: 12.0px Tahoma;\">&#8211; permanent scanning of the Internet for emerging ideas;<\/p>\n<p style=\"margin: 0.0px 0.0px 0.0px 0.0px; font: 12.0px Tahoma; min-height: 14.0px;\">\n<p style=\"margin: 0.0px 0.0px 0.0px 0.0px; font: 12.0px Tahoma;\">&#8211; digital systems randomly creating enormous amounts of variants;<\/p>\n<p style=\"margin: 0.0px 0.0px 0.0px 0.0px; font: 12.0px Tahoma; min-height: 14.0px;\">\n<p style=\"margin: 0.0px 0.0px 0.0px 0.0px; font: 12.0px Tahoma;\">&#8211; semantic web-filters tracking changes in consumer preferences in real time;<\/p>\n<p style=\"margin: 0.0px 0.0px 0.0px 0.0px; font: 12.0px Tahoma; min-height: 14.0px;\">\n<p style=\"margin: 0.0px 0.0px 0.0px 0.0px; font: 12.0px Tahoma;\">&#8211; virtual simulation of innovation to be tested with users before realising them.<\/p>\n<p style=\"margin: 0.0px 0.0px 0.0px 0.0px; font: 12.0px Tahoma; min-height: 14.0px;\">\n<p style=\"margin: 0.0px 0.0px 0.0px 0.0px; font: 12.0px Tahoma;\">&#8211; automatised platforms with matching algorithms permanently tracking promising opportunities.<\/p>\n<p style=\"margin: 0.0px 0.0px 0.0px 0.0px; font: 12.0px Tahoma; min-height: 14.0px;\">\n<p style=\"margin: 0.0px 0.0px 0.0px 0.0px; font: 12.0px Tahoma;\"><a href=\"\/innovation-futures\/files\/2014\/01\/1_Automatised Innovation Final Document.pdf \">Download the complete Mini-panel report&#8230;<\/a><\/p>\n<p style=\"margin: 0.0px 0.0px 0.0px 0.0px; font: 12.0px Tahoma; min-height: 14.0px;\">\n<p style=\"margin: 0.0px 0.0px 0.0px 0.0px; font: 12.0px Tahoma;\"><strong>New spatial distribution of innovation<\/strong><\/p>\n<p><iframe loading=\"lazy\" src=\"http:\/\/player.vimeo.com\/video\/32099282?title=0&amp;byline=0&amp;portrait=0\" frameborder=\"0\" width=\"499\" height=\"374\"><\/iframe><\/p>\n<p style=\"margin: 0.0px 0.0px 0.0px 0.0px; font: 12.0px Tahoma;\"><em>Base on the mini-panel &#8220;Innovation Chain Master&#8221;\u00a0<\/em><\/p>\n<p style=\"margin: 0.0px 0.0px 0.0px 0.0px; font: 12.0px Tahoma;\"><em>Anna Trifilova, Russia and Bettina von Stamm, UK<\/em><\/p>\n<p style=\"margin: 0.0px 0.0px 0.0px 0.0px; font: 12.0px Tahoma;\"><em>Professors Innovation Management; Innovation Leadership Forum<\/em><\/p>\n<p style=\"margin: 0.0px 0.0px 0.0px 0.0px; font: 12.0px Tahoma;\"><em>Three seminars in the framework of international conferences with researchers and company representatives\u00a0 (N\u00fcrnberg, London, Exeter)<\/em><\/p>\n<p style=\"margin: 0.0px 0.0px 0.0px 0.0px; font: 12.0px Tahoma; min-height: 14.0px;\">\n<p style=\"margin: 0.0px 0.0px 0.0px 0.0px; font: 12.0px Tahoma;\">&#8211; Innovation is globally distributed and happens where it is needed.<\/p>\n<p style=\"margin: 0.0px 0.0px 0.0px 0.0px; font: 12.0px Tahoma; min-height: 14.0px;\">\n<p style=\"margin: 0.0px 0.0px 0.0px 0.0px; font: 12.0px Tahoma;\">&#8211; Innovation mindset and skills are widespread in particular among leaders.<\/p>\n<p style=\"margin: 0.0px 0.0px 0.0px 0.0px; font: 12.0px Tahoma; min-height: 14.0px;\">\n<p style=\"margin: 0.0px 0.0px 0.0px 0.0px; font: 12.0px Tahoma;\">&#8211; Actors with special skills facilitate coordination of innovation chain elements (rather than pure self-organisation).<\/p>\n<p style=\"margin: 0.0px 0.0px 0.0px 0.0px; font: 12.0px Tahoma; min-height: 14.0px;\">\n<p style=\"margin: 0.0px 0.0px 0.0px 0.0px; font: 12.0px Tahoma;\"><a href=\"\/innovation-futures\/files\/2014\/01\/3_Global Innovation Chain Management_1 of 2.pdf \">Download the complete Mini-panel report 1 of 2<\/a><\/p>\n<p style=\"margin: 0.0px 0.0px 0.0px 0.0px; font: 12.0px Tahoma;\"><a href=\"\/innovation-futures\/files\/2014\/01\/3_Global Innovation Chain Management_2 of 2.pdf \">Download the complete Mini-panel report 2 of 2<\/a><\/p>\n<p style=\"margin: 0.0px 0.0px 0.0px 0.0px; font: 12.0px Tahoma;\">\n<p style=\"margin: 0.0px 0.0px 0.0px 0.0px; font: 12.0px Tahoma;\"><strong>Social experimentation<\/strong><\/p>\n<p><iframe loading=\"lazy\" src=\"http:\/\/player.vimeo.com\/video\/32099424?title=0&amp;byline=0&amp;portrait=0\" frameborder=\"0\" width=\"499\" height=\"374\"><\/iframe><\/p>\n<p style=\"margin: 0.0px 0.0px 0.0px 0.0px; font: 12.0px Tahoma;\"><em>Base on the mini-panel &#8220;Participatory Innovation&#8221;\u00a0<\/em><\/p>\n<p style=\"margin: 0.0px 0.0px 0.0px 0.0px; font: 12.0px Tahoma;\"><em>St\u00e9phane Vincent, Fran\u00e7ois J\u00e9gou, France<\/em><\/p>\n<p style=\"margin: 0.0px 0.0px 0.0px 0.0px; font: 12.0px Tahoma;\"><em>La 27e R\u00e9gion<\/em><\/p>\n<p style=\"margin: 0.0px 0.0px 0.0px 0.0px; font: 12.0px Tahoma;\"><em>Drafting of Citizens Agency in a visioning session with actors in social innovation. Brussels<\/em><\/p>\n<p style=\"margin: 0.0px 0.0px 0.0px 0.0px; font: 12.0px Tahoma; min-height: 14.0px;\">\n<p style=\"margin: 0.0px 0.0px 0.0px 0.0px; font: 12.0px Tahoma;\">A new culture of innovation within public sector would be characterised by:<\/p>\n<p style=\"margin: 0.0px 0.0px 0.0px 0.0px; font: 12.0px Tahoma; min-height: 14.0px;\">\n<p style=\"margin: 0.0px 0.0px 0.0px 0.0px; font: 12.0px Tahoma;\">&#8211; availability of flexible interdisciplinary professional meso-level structure functioning as \u201cinnovation mediator\u201d aligning social and technological innovation through stakeholder dialogue.<\/p>\n<p style=\"margin: 0.0px 0.0px 0.0px 0.0px; font: 12.0px Tahoma; min-height: 14.0px;\">\n<p style=\"margin: 0.0px 0.0px 0.0px 0.0px; font: 12.0px Tahoma;\">&#8211; an open network of social micro-experimentations involving local stakeholders participation to stimulate, try and debug new ideas;<\/p>\n<p style=\"margin: 0.0px 0.0px 0.0px 0.0px; font: 12.0px Tahoma; min-height: 14.0px;\">\n<p style=\"margin: 0.0px 0.0px 0.0px 0.0px; font: 12.0px Tahoma;\">&#8211; a growing range of trans-disciplinary tools and methods used to facilitate the process of social change;<\/p>\n<p style=\"margin: 0.0px 0.0px 0.0px 0.0px; font: 12.0px Tahoma; min-height: 14.0px;\">\n<p style=\"margin: 0.0px 0.0px 0.0px 0.0px; font: 12.0px Tahoma;\">&#8211; a budget based on anticipation of the social and economic impact, public\/private international founders and local micro-credit;<\/p>\n<p style=\"margin: 0.0px 0.0px 0.0px 0.0px; font: 12.0px Tahoma; min-height: 14.0px;\">\n<p><a href=\"\/innovation-futures\/files\/2014\/01\/8_Participatory Social Innovation.pdf \">Download the complete Mini-panel report&#8230;<\/a><\/p>\n","protected":false},"excerpt":{"rendered":"<p>Please do not forget to turn on your loudspeakers! Weak signals of change in the way we innovate have been amplified and used to prompt strategic conversation between a range of experts and stakeholders. 8 topics emerged and were investigated more in-depth in different countries and in the arenas they relate to. More details: Synthesis: [&hellip;]<\/p>\n","protected":false},"author":1,"featured_media":0,"parent":0,"menu_order":0,"comment_status":"open","ping_status":"open","template":"","meta":{"footnotes":""},"class_list":["post-9","page","type-page","status-publish","hentry"],"_links":{"self":[{"href":"http:\/\/www.sustainable-everyday-project.net\/innovation-futures\/wp-json\/wp\/v2\/pages\/9","targetHints":{"allow":["GET"]}}],"collection":[{"href":"http:\/\/www.sustainable-everyday-project.net\/innovation-futures\/wp-json\/wp\/v2\/pages"}],"about":[{"href":"http:\/\/www.sustainable-everyday-project.net\/innovation-futures\/wp-json\/wp\/v2\/types\/page"}],"author":[{"embeddable":true,"href":"http:\/\/www.sustainable-everyday-project.net\/innovation-futures\/wp-json\/wp\/v2\/users\/1"}],"replies":[{"embeddable":true,"href":"http:\/\/www.sustainable-everyday-project.net\/innovation-futures\/wp-json\/wp\/v2\/comments?post=9"}],"version-history":[{"count":3,"href":"http:\/\/www.sustainable-everyday-project.net\/innovation-futures\/wp-json\/wp\/v2\/pages\/9\/revisions"}],"predecessor-version":[{"id":11,"href":"http:\/\/www.sustainable-everyday-project.net\/innovation-futures\/wp-json\/wp\/v2\/pages\/9\/revisions\/11"}],"wp:attachment":[{"href":"http:\/\/www.sustainable-everyday-project.net\/innovation-futures\/wp-json\/wp\/v2\/media?parent=9"}],"curies":[{"name":"wp","href":"https:\/\/api.w.org\/{rel}","templated":true}]}}