{"id":221,"date":"2014-03-10T13:24:17","date_gmt":"2014-03-10T13:24:17","guid":{"rendered":"http:\/\/www.sustainable-everyday-project.net\/lesagendas21dedemain\/?page_id=221"},"modified":"2014-04-07T13:00:25","modified_gmt":"2014-04-07T13:00:25","slug":"a-propos-de-la-demarche","status":"publish","type":"page","link":"http:\/\/www.sustainable-everyday-project.net\/lesagendas21dedemain\/a-propos-de-la-demarche\/","title":{"rendered":"\u00c0 propos de la d\u00e9marche"},"content":{"rendered":"<p>Le Minist\u00e8re en charge du d\u00e9veloppement durable, en \u00e9troite collaboration avec le Comit\u00e9 National Agenda 21, organise <strong>le 4 d\u00e9cembre 2014 un colloque national<\/strong> sur les Agendas 21 de demain, qui aura lieu \u00e0 la cit\u00e9 universitaire internationale. Ce colloque a pour ambition, gr\u00e2ce aux agendas 21 locaux, de <strong>co-construire des territoires en m\u00e9tamorphose vers une soci\u00e9t\u00e9 plus durable<\/strong>.<\/p>\n<p>Toutes les collectivit\u00e9s, en agendas 21 ou souhaitant s\u2019y engager ainsi que les acteurs du territoire, seront invit\u00e9s \u00e0 venir \u00e9changer. Un *<strong>document strat\u00e9gique et op\u00e9rationnel<\/strong>*, issu d\u2019une ann\u00e9e de r\u00e9flexion nationale et partenariale, pr\u00e9sentera les enjeux et le r\u00f4le de chacun dans les Agendas 21 de demain pour les ann\u00e9es \u00e0 venir.<\/p>\n<p>Sur un mode collaboratif, <strong>cette plateforme relate les travaux pr\u00e9paratoires<\/strong> au colloque national. Pr\u00e8s de 10 ateliers nationaux et\/ou r\u00e9gionaux regroupant des minist\u00e8res, collectivit\u00e9s, associations, associations d\u2019\u00e9lus, etc. sont actuellement en cours.Qu\u2019il s\u2019agisse du comit\u00e9 national en charge de la co-construction du document strat\u00e9gique et op\u00e9rationnel, de l\u2019atelier consacr\u00e9 aux deuxi\u00e8mes agendas 21 ou encore de l\u2019atelier d\u00e9di\u00e9 \u00e0 la prospective participative, cette plateforme est au service des partenaires du colloque qui peuvent ainsi contribuer \u00e0 enrichir les contenus, \u00e9changent et s&rsquo;informent de l&rsquo;\u00e9volution des diff\u00e9rents groupes de travail. Partager le futur de ces projets territoriaux de d\u00e9veloppement durable en s\u2019appuyant sur les innovations d\u00e9j\u00e0 en place, imaginer comment les accompagner, les faire \u00e9merger, les p\u00e9renniser pour poursuivre la transition \u00e9cologique vers le d\u00e9veloppement durable. Tels seront les objectifs du colloque d\u00e9di\u00e9 aux Agendas 21 de demain, un point d\u2019\u00e9tape dans une dynamique sans cesse renouvel\u00e9e des Agendas 21 locaux.<\/p>\n<p>&nbsp;<\/p>\n","protected":false},"excerpt":{"rendered":"<p>Le Minist\u00e8re en charge du d\u00e9veloppement durable, en \u00e9troite collaboration avec le Comit\u00e9 National Agenda 21, organise le 4 d\u00e9cembre 2014 un colloque national sur les Agendas 21 de demain, qui aura lieu \u00e0 la cit\u00e9 universitaire internationale. Ce colloque a pour ambition, gr\u00e2ce aux agendas 21 locaux, de co-construire des territoires en m\u00e9tamorphose vers [&hellip;]<\/p>\n","protected":false},"author":1,"featured_media":0,"parent":0,"menu_order":0,"comment_status":"closed","ping_status":"open","template":"","meta":{"footnotes":""},"class_list":["post-221","page","type-page","status-publish","hentry"],"_links":{"self":[{"href":"http:\/\/www.sustainable-everyday-project.net\/lesagendas21dedemain\/wp-json\/wp\/v2\/pages\/221","targetHints":{"allow":["GET"]}}],"collection":[{"href":"http:\/\/www.sustainable-everyday-project.net\/lesagendas21dedemain\/wp-json\/wp\/v2\/pages"}],"about":[{"href":"http:\/\/www.sustainable-everyday-project.net\/lesagendas21dedemain\/wp-json\/wp\/v2\/types\/page"}],"author":[{"embeddable":true,"href":"http:\/\/www.sustainable-everyday-project.net\/lesagendas21dedemain\/wp-json\/wp\/v2\/users\/1"}],"replies":[{"embeddable":true,"href":"http:\/\/www.sustainable-everyday-project.net\/lesagendas21dedemain\/wp-json\/wp\/v2\/comments?post=221"}],"version-history":[{"count":19,"href":"http:\/\/www.sustainable-everyday-project.net\/lesagendas21dedemain\/wp-json\/wp\/v2\/pages\/221\/revisions"}],"predecessor-version":[{"id":276,"href":"http:\/\/www.sustainable-everyday-project.net\/lesagendas21dedemain\/wp-json\/wp\/v2\/pages\/221\/revisions\/276"}],"wp:attachment":[{"href":"http:\/\/www.sustainable-everyday-project.net\/lesagendas21dedemain\/wp-json\/wp\/v2\/media?parent=221"}],"curies":[{"name":"wp","href":"https:\/\/api.w.org\/{rel}","templated":true}]}}