{"id":41,"date":"2013-11-14T09:19:30","date_gmt":"2013-11-14T09:19:30","guid":{"rendered":"http:\/\/www.sustainable-everyday-project.net\/monlyceedutroisiememillenaire\/?page_id=41"},"modified":"2014-03-06T13:42:00","modified_gmt":"2014-03-06T13:42:00","slug":"materiel-a-telecharger","status":"publish","type":"page","link":"http:\/\/www.sustainable-everyday-project.net\/monlyceedutroisiememillenaire\/?page_id=41","title":{"rendered":"Mat\u00e9riel \u00e0 t\u00e9l\u00e9charger"},"content":{"rendered":"<p><br class=\"Apple-interchange-newline\" \/><img loading=\"lazy\" decoding=\"async\" class=\"alignleft  wp-image-43\" title=\"images\" src=\"http:\/\/www.sustainable-everyday-project.net\/monlyceedutroisiememillenaire\/files\/2013\/11\/images.jpeg\" alt=\"\" width=\"44\" height=\"44\" srcset=\"http:\/\/www.sustainable-everyday-project.net\/monlyceedutroisiememillenaire\/files\/2013\/11\/images.jpeg 204w, http:\/\/www.sustainable-everyday-project.net\/monlyceedutroisiememillenaire\/files\/2013\/11\/images-150x150.jpeg 150w\" sizes=\"auto, (max-width: 44px) 100vw, 44px\" \/><\/p>\n<p>Dans cette section du site, vous pouvez t\u00e9l\u00e9charger toutes les ressources n\u00e9cessaires pour r\u00e9aliser vos pockets films.<\/p>\n<hr \/>\n<p><strong>Comment r\u00e9aliser votre auto-reportage ?<\/strong><\/p>\n<p>T\u00e9l\u00e9chargez d&rsquo;abord ce guide de l&rsquo;auto-reportage avec les objectifs,\u00a0d\u00e9roul\u00e9 des diff\u00e9rentes \u00e9tapes et les r\u00e9sultats attendus\u2026<\/p>\n<p><a href=\"http:\/\/www.sustainable-everyday-project.net\/monlyceedutroisiememillenaire\/files\/2013\/11\/Capture-d\u2019\u00e9cran-2013-11-13-\u00e0-16.09.33.png\"><img loading=\"lazy\" decoding=\"async\" class=\"alignleft  wp-image-44\" style=\"border: 1px solid grey;\" title=\"Capture d\u2019\u00e9cran 2013-11-13 \u00e0 16.09.33\" src=\"http:\/\/www.sustainable-everyday-project.net\/monlyceedutroisiememillenaire\/files\/2013\/11\/Capture-d\u2019\u00e9cran-2013-11-13-\u00e0-16.09.33-300x224.png\" alt=\"\" width=\"180\" height=\"135\" srcset=\"http:\/\/www.sustainable-everyday-project.net\/monlyceedutroisiememillenaire\/files\/2013\/11\/Capture-d\u2019\u00e9cran-2013-11-13-\u00e0-16.09.33-300x224.png 300w, http:\/\/www.sustainable-everyday-project.net\/monlyceedutroisiememillenaire\/files\/2013\/11\/Capture-d\u2019\u00e9cran-2013-11-13-\u00e0-16.09.33.png 678w\" sizes=\"auto, (max-width: 180px) 100vw, 180px\" \/><\/a><\/p>\n<p>&nbsp;<\/p>\n<p>&nbsp;<\/p>\n<p>T\u00e9l\u00e9charger la version .ppt (powerpoint) &gt;\u00a0<a title=\"Comment on fait ?\" href=\"http:\/\/www.sustainable-everyday-project.net\/monlyceedutroisiememillenaire\/files\/2014\/02\/TESR_LYC\u00c9E_Cartes_V4-v-notice.ppt\"><span style=\"color: #ff9900;\"><span style=\"color: #ff9900;\">ICI<\/span><\/span><\/a><\/p>\n<p>T\u00e9l\u00e9charger la version .pdf &gt;\u00a0<a title=\"Comment on fait ?\" href=\"http:\/\/www.sustainable-everyday-project.net\/monlyceedutroisiememillenaire\/files\/2014\/02\/TESR_LYC\u00c9E_Cartes_V4-v-notice.pdf\"><span style=\"color: #ff9900;\"><span style=\"color: #ff9900;\">ICI<\/span><\/span><\/a><br \/>\n<strong><\/strong><\/p>\n<p>&nbsp;<\/p>\n<p>&nbsp;<\/p>\n<hr \/>\n<p><strong>Cartes-exemples<\/strong><\/p>\n<p>T\u00e9l\u00e9chargez une s\u00e9rie de \u00ab\u00a0cartes-exemples\u00a0\u00bb d&rsquo;autres lyc\u00e9es \u00e0 regarder\/\u00e9changer\/discuter en classe.\u00a0Qu&rsquo;est ce que mon lyc\u00e9e a d&rsquo;\u00e9cologique, de social?<\/p>\n<h3><img loading=\"lazy\" decoding=\"async\" class=\"alignleft  wp-image-52\" style=\"border: 1px solid grey;\" title=\"Cartes exemples\" src=\"http:\/\/www.sustainable-everyday-project.net\/monlyceedutroisiememillenaire\/files\/2013\/11\/Capture-d\u2019\u00e9cran-2013-11-14-\u00e0-10.09.34-300x225.png\" alt=\"\" width=\"180\" height=\"135\" srcset=\"http:\/\/www.sustainable-everyday-project.net\/monlyceedutroisiememillenaire\/files\/2013\/11\/Capture-d\u2019\u00e9cran-2013-11-14-\u00e0-10.09.34-300x225.png 300w, http:\/\/www.sustainable-everyday-project.net\/monlyceedutroisiememillenaire\/files\/2013\/11\/Capture-d\u2019\u00e9cran-2013-11-14-\u00e0-10.09.34.png 791w\" sizes=\"auto, (max-width: 180px) 100vw, 180px\" \/><\/h3>\n<p>&nbsp;<\/p>\n<h3><\/h3>\n<p>T\u00e9l\u00e9charger la version .ppt (powerpoint) &gt;\u00a0<span style=\"color: #ff9900;\"><a title=\"Cartes lyc\u00e9es\" href=\"http:\/\/www.sustainable-everyday-project.net\/monlyceedutroisiememillenaire\/files\/2013\/11\/TESR_LYC\u00c9E_Cartes_V4.pptx\"><span style=\"color: #ff9900;\">ICI<\/span><\/a><\/span><\/p>\n<p>T\u00e9l\u00e9charger la version .pdf &gt;\u00a0<span style=\"color: #ff9900;\"><a href=\"http:\/\/www.sustainable-everyday-project.net\/monlyceedutroisiememillenaire\/files\/2013\/11\/TESR_LYC\u00c9E_Cartes_V4.pdf\"><span style=\"color: #ff9900;\">ICI<\/span><\/a><\/span><\/p>\n<p>&nbsp;<\/p>\n<hr \/>\n<p><strong>Carte \u00ab\u00a0Modes de repr\u00e9sentation\u00a0\u00bb<\/strong><\/p>\n<p><img loading=\"lazy\" decoding=\"async\" class=\"wp-image-184 alignleft\" style=\"font-size: 13px;\" title=\"Capture d\u2019\u00e9cran 2014-03-06 \u00e0 14.35.24\" src=\"http:\/\/www.sustainable-everyday-project.net\/monlyceedutroisiememillenaire\/files\/2013\/11\/Capture-d\u2019\u00e9cran-2014-03-06-\u00e0-14.35.24.png\" alt=\"\" width=\"128\" height=\"170\" srcset=\"http:\/\/www.sustainable-everyday-project.net\/monlyceedutroisiememillenaire\/files\/2013\/11\/Capture-d\u2019\u00e9cran-2014-03-06-\u00e0-14.35.24.png 493w, http:\/\/www.sustainable-everyday-project.net\/monlyceedutroisiememillenaire\/files\/2013\/11\/Capture-d\u2019\u00e9cran-2014-03-06-\u00e0-14.35.24-225x300.png 225w\" sizes=\"auto, (max-width: 128px) 100vw, 128px\" \/><\/p>\n<p>&nbsp;<\/p>\n<p>&nbsp;<\/p>\n<p>&nbsp;<\/p>\n<p><span style=\"font-size: 13px;\">T\u00e9l\u00e9chargez ici la version .ptt (powerpoint) &gt; <\/span><a style=\"font-size: 13px;\" href=\"http:\/\/www.sustainable-everyday-project.net\/monlyceedutroisiememillenaire\/files\/2013\/11\/TESR_LYCEE_outilsderepr\u00e9sentation_cartes_4032014.pptx\">ici<\/a><\/p>\n<p><span style=\"font-size: 13px;\">T\u00e9l\u00e9charger ici la version .pdf &gt; <a href=\"http:\/\/www.sustainable-everyday-project.net\/monlyceedutroisiememillenaire\/files\/2013\/11\/TESR_LYCEE_outilsderepr\u00e9sentation_cartes_4032014.pdf\">ici<\/a><\/span><\/p>\n<p><span style=\"font-size: 13px;\">\u00a0<\/span><\/p>\n<hr \/>\n<p><strong>Droit \u00e0 l&rsquo;image\u00a0<\/strong><\/p>\n<p>T\u00e9l\u00e9chargez ici un formulaire de\u00a0cession\u00a0de droit \u00e0 l&rsquo;image <span style=\"text-decoration: underline;\">\u00e0 faire signer pour chaque personne apparaissant sur les films<\/span><\/p>\n<p><a href=\"http:\/\/www.sustainable-everyday-project.net\/monlyceedutroisiememillenaire\/files\/2013\/11\/Capture-d\u2019\u00e9cran-2013-11-19-\u00e0-16.11.29_droit-image.jpg\"><img loading=\"lazy\" decoding=\"async\" class=\"alignleft  wp-image-78\" style=\"border: 1px solid grey;\" title=\"Capture d\u2019\u00e9cran 2013-11-19 \u00e0 16.11.29_droit image\" src=\"http:\/\/www.sustainable-everyday-project.net\/monlyceedutroisiememillenaire\/files\/2013\/11\/Capture-d\u2019\u00e9cran-2013-11-19-\u00e0-16.11.29_droit-image-227x300.jpg\" alt=\"\" width=\"180\" height=\"250\" \/><\/a><\/p>\n<p>&nbsp;<\/p>\n<p>&nbsp;<\/p>\n<p>T\u00e9l\u00e9charger la version .doc (word) &gt;\u00a0<span style=\"color: #ff9900;\"><a href=\"http:\/\/www.sustainable-everyday-project.net\/monlyceedutroisiememillenaire\/files\/2013\/11\/droit-\u00e0-limage-autoreportage.doc\"><span style=\"color: #ff9900;\">ICI<\/span><\/a><\/span><\/p>\n","protected":false},"excerpt":{"rendered":"<p>Dans cette section du site, vous pouvez t\u00e9l\u00e9charger toutes les ressources n\u00e9cessaires pour r\u00e9aliser vos pockets films. Comment r\u00e9aliser votre auto-reportage ? T\u00e9l\u00e9chargez d&rsquo;abord ce guide de l&rsquo;auto-reportage avec les objectifs,\u00a0d\u00e9roul\u00e9 des diff\u00e9rentes \u00e9tapes et les r\u00e9sultats attendus\u2026 &nbsp; &nbsp; T\u00e9l\u00e9charger la version .ppt (powerpoint) &gt;\u00a0ICI T\u00e9l\u00e9charger la version .pdf &gt;\u00a0ICI &nbsp; &nbsp; Cartes-exemples T\u00e9l\u00e9chargez [&hellip;]<\/p>\n","protected":false},"author":1,"featured_media":0,"parent":0,"menu_order":0,"comment_status":"open","ping_status":"open","template":"","meta":{"footnotes":""},"class_list":["post-41","page","type-page","status-publish","hentry"],"_links":{"self":[{"href":"http:\/\/www.sustainable-everyday-project.net\/monlyceedutroisiememillenaire\/index.php?rest_route=\/wp\/v2\/pages\/41","targetHints":{"allow":["GET"]}}],"collection":[{"href":"http:\/\/www.sustainable-everyday-project.net\/monlyceedutroisiememillenaire\/index.php?rest_route=\/wp\/v2\/pages"}],"about":[{"href":"http:\/\/www.sustainable-everyday-project.net\/monlyceedutroisiememillenaire\/index.php?rest_route=\/wp\/v2\/types\/page"}],"author":[{"embeddable":true,"href":"http:\/\/www.sustainable-everyday-project.net\/monlyceedutroisiememillenaire\/index.php?rest_route=\/wp\/v2\/users\/1"}],"replies":[{"embeddable":true,"href":"http:\/\/www.sustainable-everyday-project.net\/monlyceedutroisiememillenaire\/index.php?rest_route=%2Fwp%2Fv2%2Fcomments&post=41"}],"version-history":[{"count":38,"href":"http:\/\/www.sustainable-everyday-project.net\/monlyceedutroisiememillenaire\/index.php?rest_route=\/wp\/v2\/pages\/41\/revisions"}],"predecessor-version":[{"id":58,"href":"http:\/\/www.sustainable-everyday-project.net\/monlyceedutroisiememillenaire\/index.php?rest_route=\/wp\/v2\/pages\/41\/revisions\/58"}],"wp:attachment":[{"href":"http:\/\/www.sustainable-everyday-project.net\/monlyceedutroisiememillenaire\/index.php?rest_route=%2Fwp%2Fv2%2Fmedia&parent=41"}],"curies":[{"name":"wp","href":"https:\/\/api.w.org\/{rel}","templated":true}]}}