{"id":3640,"date":"2020-08-05T15:05:27","date_gmt":"2020-08-05T15:05:27","guid":{"rendered":"http:\/\/www.sustainable-everyday-project.net\/ville-collaborative\/?page_id=3640"},"modified":"2020-08-05T15:12:38","modified_gmt":"2020-08-05T15:12:38","slug":"press-release","status":"publish","type":"page","link":"http:\/\/www.sustainable-everyday-project.net\/ville-collaborative\/press-release\/","title":{"rendered":"Press release"},"content":{"rendered":"\n<div style=\"height:50px\" aria-hidden=\"true\" class=\"wp-block-spacer\"><\/div>\n\n\n\n<h2 class=\"has-text-align-center wp-block-heading\">Press release<\/h2>\n\n\n\n<div style=\"height:50px\" aria-hidden=\"true\" class=\"wp-block-spacer\"><\/div>\n\n\n\n<figure class=\"wp-block-gallery aligncenter columns-1 is-cropped wp-block-gallery-1 is-layout-flex wp-block-gallery-is-layout-flex\"><ul class=\"blocks-gallery-grid\"><li class=\"blocks-gallery-item\"><figure><img decoding=\"async\" src=\"http:\/\/www.sustainable-everyday-project.net\/ville-collaborative\/files\/2020\/08\/VilleRenouvel\u00e9e_F\u00eatedesJardinsR\u00eav\u00e8s2013-1024x683.jpg\" alt=\"\"\/><figcaption class=\"blocks-gallery-item__caption\">POC SEM Ville Renouvell\u00e9e, Garden Party Dreams,<br> \u00a9SEM Ville Renouvel\u00e9e<\/figcaption><\/figure><\/li><\/ul><\/figure>\n\n\n\n<div style=\"height:50px\" aria-hidden=\"true\" class=\"wp-block-spacer\"><\/div>\n\n\n\n<h3 class=\"wp-block-heading\"><strong>How can design facilitate collaboration in\u00a0cities and\u00a0move towards more <\/strong><\/h3>\n\n\n\n<h3 class=\"wp-block-heading\"><strong>unified, sustainable and democratic lifestyles?<\/strong><\/h3>\n\n\n\n<div style=\"height:25px\" aria-hidden=\"true\" class=\"wp-block-spacer\"><\/div>\n\n\n\n<p><strong>The&nbsp;Maison POC&nbsp;Collaborative City explores, through design shows, a hundred local and international projects, in order to restore,&nbsp;in our&nbsp;society experiencing physical distancing, visions of sharing, mutual aid and cooperation&#8230;<\/strong><\/p>\n\n\n\n<p>Modern lifestyles are focused solely on the individual, solutions are increasingly personalised, algorithms are becoming more and more targeted, individualistic mindsets are omnipresent, and&nbsp;now, socialising is done at a distance&#8230;&nbsp;<\/p>\n\n\n\n<p>While the whole world is still in shock and trying to figure out how it can learn from the health crisis in order to rebuild itself, the design challenge of the Collaborative City is to restore the collective, regenerate common goods, find the community again, encourage mutual aid.<\/p>\n\n\n\n<p>It is as much a \u00ab\u00a0Design Show-journey\u00a0\u00bb as it is a lively forum for exchange and debate. The visitor conducts the investigation to detect proofs of a collaborative future. In dialogue with a hundred of POC in the territory, it will host the international DESIS Network labs (Design for Social Innovation and Sustainability) and the design of initiatives of doing and living together of the European Cities belonging to the URBACT Network.<\/p>\n\n\n\n<p>It will explore how the health crisis is \u00ab\u00a0redesigning\u00a0\u00bb our world and how design will take an active part in it. This \u00ab\u00a0non-expo-action\u00a0\u00bb begins to take shape online as of May 2020 and will continue to be enriched with workshops, meetings, sessions, interactions and events from September 2020.<\/p>\n\n\n\n<div style=\"height:100px\" aria-hidden=\"true\" class=\"wp-block-spacer\"><\/div>\n\n\n\n<hr class=\"wp-block-separator\"\/>\n\n\n\n<h6 class=\"wp-block-heading\">LA CHAUFFERIE HUET, La Madeleine <\/h6>\n\n\n\n<h6 class=\"wp-block-heading\">An original production  of Lille M\u00e9tropole 2020, World Design Capital<\/h6>\n\n\n\n<h6 class=\"wp-block-heading\">Curator : Fran\u00e7ois J\u00e9gou, designer, Strategic Design Scenarios<br><\/h6>\n","protected":false},"excerpt":{"rendered":"<p>Press release How can design facilitate collaboration in\u00a0cities and\u00a0move towards more unified, sustainable and democratic lifestyles? The&nbsp;Maison POC&nbsp;Collaborative City explores, through design shows, a hundred local and international projects, in order to restore,&nbsp;in our&nbsp;society experiencing physical distancing, visions of sharing, mutual aid and cooperation&#8230; Modern lifestyles are focused solely on the individual, solutions are increasingly <a href=\"http:\/\/www.sustainable-everyday-project.net\/ville-collaborative\/press-release\/\" rel=\"nofollow\"><span class=\"sr-only\">Read more about Press release<\/span>[&hellip;]<\/a><\/p>\n","protected":false},"author":1,"featured_media":0,"parent":0,"menu_order":0,"comment_status":"closed","ping_status":"closed","template":"","meta":{"footnotes":""},"class_list":["post-3640","page","type-page","status-publish","hentry"],"_links":{"self":[{"href":"http:\/\/www.sustainable-everyday-project.net\/ville-collaborative\/wp-json\/wp\/v2\/pages\/3640","targetHints":{"allow":["GET"]}}],"collection":[{"href":"http:\/\/www.sustainable-everyday-project.net\/ville-collaborative\/wp-json\/wp\/v2\/pages"}],"about":[{"href":"http:\/\/www.sustainable-everyday-project.net\/ville-collaborative\/wp-json\/wp\/v2\/types\/page"}],"author":[{"embeddable":true,"href":"http:\/\/www.sustainable-everyday-project.net\/ville-collaborative\/wp-json\/wp\/v2\/users\/1"}],"replies":[{"embeddable":true,"href":"http:\/\/www.sustainable-everyday-project.net\/ville-collaborative\/wp-json\/wp\/v2\/comments?post=3640"}],"version-history":[{"count":4,"href":"http:\/\/www.sustainable-everyday-project.net\/ville-collaborative\/wp-json\/wp\/v2\/pages\/3640\/revisions"}],"predecessor-version":[{"id":3648,"href":"http:\/\/www.sustainable-everyday-project.net\/ville-collaborative\/wp-json\/wp\/v2\/pages\/3640\/revisions\/3648"}],"wp:attachment":[{"href":"http:\/\/www.sustainable-everyday-project.net\/ville-collaborative\/wp-json\/wp\/v2\/media?parent=3640"}],"curies":[{"name":"wp","href":"https:\/\/api.w.org\/{rel}","templated":true}]}}