{"id":2,"date":"2014-03-03T17:04:23","date_gmt":"2014-03-03T17:04:23","guid":{"rendered":"http:\/\/www.sustainable-everyday-project.net\/boite-a-outils-visions-21\/?page_id=2"},"modified":"2021-04-02T11:49:14","modified_gmt":"2021-04-02T11:49:14","slug":"sample-page","status":"publish","type":"page","link":"https:\/\/www.sustainable-everyday-project.net\/boite-a-outils-visions-21\/?page_id=2","title":{"rendered":"VISIONS+21 en action dans les territoires"},"content":{"rendered":"\n<figure><iframe loading=\"lazy\" width=\"100%\" height=\"600px\" allowfullscreen=\"\" src=\"\/\/umap.openstreetmap.fr\/fr\/map\/visions21_303837?scaleControl=false&amp;miniMap=false&amp;scrollWheelZoom=false&amp;zoomControl=true&amp;allowEdit=false&amp;moreControl=true&amp;searchControl=null&amp;tilelayersControl=null&amp;embedControl=null&amp;datalayersControl=true&amp;onLoadPanel=undefined&amp;captionBar=false\"><\/iframe><\/figure>\n\n\n\n<p><a href=\"\/\/umap.openstreetmap.fr\/fr\/map\/visions21_303837\">Voir en plein \u00e9cran<\/a><\/p>\n\n\n<p>D\u00e9couvrez les territoires ayant particip\u00e9 \u00e0 co-construire la boite \u00e0 outils Visions+21 ainsi que les territoires ayant utilis\u00e9 la bo\u00eete \u00e0 outils Visions+21 depuis sa cr\u00e9ation et ce, avec l&#8217;aide du CERDD, du Cerema et de la DREAL Bretagne.<\/p>\n<p><strong>Les 5 territoires\u00a0de co-construction de Visions+21\u00a0(orange) :<\/strong><\/p>\n<ul>\n<li>St Orens de Gameville<\/li>\n<li>Conseil D\u00e9partemental de Gironde<\/li>\n<li>DREAL Midi-Pyr\u00e9n\u00e9es<\/li>\n<li>Lorient Agglom\u00e9ration<\/li>\n<li>DREAL Bretagne<\/li>\n<\/ul>\n<p><strong>Les 5 territoires pilotes de formation-action (vert) :<\/strong><\/p>\n<ul>\n<li>Coglais Communaut\u00e9<\/li>\n<li>Contrex\u00e9ville<\/li>\n<li>Cluses, Arves et Montagne<\/li>\n<li>Naintr\u00e9<\/li>\n<li>Conseil D\u00e9partemental de la Ni\u00e8vre<\/li>\n<\/ul>\n<p><strong>Et depuis sa cr\u00e9ation, des dizaines de territoires l&#8217;ont utilis\u00e9 un peu partout en France !<\/strong><\/p>\n<p><strong>Les territoires ayant utilis\u00e9s Visions+21 (bleu) :<br \/><\/strong><\/p>\n<ul>\n<li><span style=\"font-weight: 400;\">Concarneau (Dreal Bretagne)<\/span><\/li>\n<li><span style=\"font-weight: 400;\">Guidel (Dreal Bretagne)<\/span><\/li>\n<li><span style=\"font-weight: 400;\">Lannester (Elu form\u00e9 par la Dreal Bretagne)<\/span><\/li>\n<li><a href=\"http:\/\/www.sustainable-everyday-project.net\/boite-a-outils-visions-21\/?p=379\"><span style=\"font-weight: 400;\">SCOT du Pays de Guingamp (Dreal Bretagne \/ DDTM 22)<\/span><\/a><\/li>\n<li><span style=\"font-weight: 400;\">Communaut\u00e9 d\u2019agglom\u00e9ration du Saint Quentinois (Cerdd)<\/span><\/li>\n<li><span style=\"font-weight: 400;\">Communaut\u00e9 d\u2019agglom\u00e9ration Creil sud Oise (Cerdd)<\/span><\/li>\n<li><a href=\"http:\/\/www.sustainable-everyday-project.net\/boite-a-outils-visions-21\/?p=381\"><span style=\"font-weight: 400;\">Amiens M\u00e9tropole (Cerdd)<\/span><\/a><\/li>\n<li><span style=\"font-weight: 400;\">Cap Nord\/ Lamentin Martinique (Cerema)<\/span><\/li>\n<li><span style=\"font-weight: 400;\">Saint-Hilaire de Riez en Vend\u00e9e (Cerema)<\/span><\/li>\n<li><a href=\"http:\/\/www.sustainable-everyday-project.net\/boite-a-outils-visions-21\/?p=383\"><span style=\"font-weight: 400;\">Marcoussis en Ile de France (Cerema)<\/span><\/a><\/li>\n<li><span style=\"font-weight: 400;\">Communaut\u00e9 de communes de Bruy\u00e8res Vallons des Vosges (Cerema)<\/span><\/li>\n<li><span style=\"font-weight: 400;\">Fontenay dans les Vosges (Cerema)<\/span><\/li>\n<li><span style=\"font-weight: 400;\">Vals du Dauphin\u00e9 (Cerema)<\/span><\/li>\n<li><span style=\"font-weight: 400;\">R\u00e9seau r\u00e9gional Ecoquartiers de Bourgogne Franche Comt\u00e9\/DREAL BFC (Cerema)<\/span><\/li>\n<li><span style=\"font-weight: 400;\">DDT 39 &#8211; Prospective adaptation au changement climatique des missions et activit\u00e9s de la DDT (Cerema)<\/span><\/li>\n<li><span style=\"font-weight: 400;\">R\u00e9seau national des Ecocit\u00e9s \/MTES-DGALN- prospective de la mobilit\u00e9 (Cerema)<\/span><\/li>\n<li><span style=\"font-weight: 400;\">Ile de la R\u00e9union (Cerema)<\/span><\/li>\n<li><a href=\"http:\/\/www.sustainable-everyday-project.net\/boite-a-outils-visions-21\/?p=305\"><span style=\"font-weight: 400;\">CTE Haute C\u00f4te d\u2019Or &#8211; communaut\u00e9s de communes du Ch\u00e2tillonnais et du Montbardois (Cerema)<\/span><\/a><\/li>\n<li><span style=\"font-weight: 400;\">PCAET de Montfort Communaut\u00e9 (DDTM 35\/Cerema)<\/span><\/li>\n<li><span style=\"font-weight: 400;\">Saugues (DDT43\/Cerema)<\/span><\/li>\n<\/ul>","protected":false},"excerpt":{"rendered":"<p>Voir en plein \u00e9cran D\u00e9couvrez les territoires ayant particip\u00e9 \u00e0 co-construire la boite \u00e0 outils Visions+21 ainsi que les territoires ayant utilis\u00e9 la bo\u00eete \u00e0 outils Visions+21 depuis sa cr\u00e9ation et ce, avec l&#8217;aide du CERDD, du Cerema et de la DREAL Bretagne. Les 5 territoires\u00a0de co-construction de Visions+21\u00a0(orange) : St Orens de Gameville Conseil [&hellip;]<\/p>\n","protected":false},"author":1,"featured_media":0,"parent":0,"menu_order":0,"comment_status":"open","ping_status":"open","template":"","meta":{"footnotes":""},"class_list":["post-2","page","type-page","status-publish","hentry"],"_links":{"self":[{"href":"https:\/\/www.sustainable-everyday-project.net\/boite-a-outils-visions-21\/index.php?rest_route=\/wp\/v2\/pages\/2","targetHints":{"allow":["GET"]}}],"collection":[{"href":"https:\/\/www.sustainable-everyday-project.net\/boite-a-outils-visions-21\/index.php?rest_route=\/wp\/v2\/pages"}],"about":[{"href":"https:\/\/www.sustainable-everyday-project.net\/boite-a-outils-visions-21\/index.php?rest_route=\/wp\/v2\/types\/page"}],"author":[{"embeddable":true,"href":"https:\/\/www.sustainable-everyday-project.net\/boite-a-outils-visions-21\/index.php?rest_route=\/wp\/v2\/users\/1"}],"replies":[{"embeddable":true,"href":"https:\/\/www.sustainable-everyday-project.net\/boite-a-outils-visions-21\/index.php?rest_route=%2Fwp%2Fv2%2Fcomments&post=2"}],"version-history":[{"count":22,"href":"https:\/\/www.sustainable-everyday-project.net\/boite-a-outils-visions-21\/index.php?rest_route=\/wp\/v2\/pages\/2\/revisions"}],"predecessor-version":[{"id":388,"href":"https:\/\/www.sustainable-everyday-project.net\/boite-a-outils-visions-21\/index.php?rest_route=\/wp\/v2\/pages\/2\/revisions\/388"}],"wp:attachment":[{"href":"https:\/\/www.sustainable-everyday-project.net\/boite-a-outils-visions-21\/index.php?rest_route=%2Fwp%2Fv2%2Fmedia&parent=2"}],"curies":[{"name":"wp","href":"https:\/\/api.w.org\/{rel}","templated":true}]}}