{"id":354,"date":"2015-06-18T16:27:24","date_gmt":"2015-06-18T14:27:24","guid":{"rendered":"http:\/\/www.sustainable-everyday-project.net\/monlyceedutroisiememillenaire\/?page_id=354"},"modified":"2015-06-23T11:10:11","modified_gmt":"2015-06-23T09:10:11","slug":"les-lycees-participants","status":"publish","type":"page","link":"https:\/\/www.sustainable-everyday-project.net\/monlyceedutroisiememillenaire\/?page_id=354","title":{"rendered":"Les lyc\u00e9es participants"},"content":{"rendered":"<p>Voici\u00a0les \u00e9tablissements qui participent d\u00e9j\u00e0 \u00e0 la\u00a0construction de la vision collective\u00a0du lyc\u00e9e du Troisi\u00e8me\u00a0Mill\u00e9naire en R\u00e9gion Nord pas de Calais.<\/p>\n<p><strong>Les deux lyc\u00e9es pilotes :<\/strong><\/p>\n<p>Lyc\u00e9e Auguste B\u00e9hal, Lens<br \/>\nLyc\u00e9e Cazin, Boulogne-sur-mer<\/p>\n<p><strong>Les lyc\u00e9es qui ont rejoint la d\u00e9marche :<\/strong><\/p>\n<p>Lyc\u00e9e Pierre Mend\u00e8s France,\u00a0Saint Pol sur Ternoise<br \/>\nLyc\u00e9e Horticole, Raismes,<br \/>\nLyc\u00e9e Horticole, Lomme<br \/>\nLyc\u00e9e de Douai-Wagnonwille, Douai<br \/>\nLyc\u00e9e de l&rsquo;Europe, Dunkerque<br \/>\nLyc\u00e9e Faidherbe, Lille<br \/>\nLyc\u00e9e Professeur Clerc, Outreau<br \/>\nLyc\u00e9e d&rsquo;Excellence, Douai<br \/>\nLyc\u00e9e Bernard Chochoy, Lumbres<br \/>\nLyc\u00e9e Pierre Mend\u00e8s France, Bruay la Buissi\u00e8re<br \/>\nLyc\u00e9e des 2 Caps, Marquise<\/p>\n<p>&nbsp;<\/p>\n<hr \/>\n<h2>Vous voulez participer ?<\/h2>\n<p>Si vous souhaitez participer \u00e0 la d\u00e9marche et r\u00e9aliser des auto-reportages dans votre lyc\u00e9e, inscrivez-vous via le formulaire ci-dessous. Vous serez alors directement contact\u00e9 par l&rsquo;\u00e9quipe projet.<\/p>\n<p>[contact-form-7 id=\u00a0\u00bb358&Prime; title=\u00a0\u00bbVous souhaitez participer, inscrivez vous !\u00a0\u00bb]<\/p>\n","protected":false},"excerpt":{"rendered":"<p>Voici\u00a0les \u00e9tablissements qui participent d\u00e9j\u00e0 \u00e0 la\u00a0construction de la vision collective\u00a0du lyc\u00e9e du Troisi\u00e8me\u00a0Mill\u00e9naire en R\u00e9gion Nord pas de Calais. Les deux lyc\u00e9es pilotes : Lyc\u00e9e Auguste B\u00e9hal, Lens Lyc\u00e9e Cazin, Boulogne-sur-mer Les lyc\u00e9es qui ont rejoint la d\u00e9marche : Lyc\u00e9e Pierre Mend\u00e8s France,\u00a0Saint Pol sur Ternoise Lyc\u00e9e Horticole, Raismes, Lyc\u00e9e Horticole, Lomme Lyc\u00e9e de [&hellip;]<\/p>\n","protected":false},"author":1,"featured_media":0,"parent":0,"menu_order":0,"comment_status":"open","ping_status":"open","template":"","meta":{"footnotes":""},"class_list":["post-354","page","type-page","status-publish","hentry"],"_links":{"self":[{"href":"https:\/\/www.sustainable-everyday-project.net\/monlyceedutroisiememillenaire\/index.php?rest_route=\/wp\/v2\/pages\/354","targetHints":{"allow":["GET"]}}],"collection":[{"href":"https:\/\/www.sustainable-everyday-project.net\/monlyceedutroisiememillenaire\/index.php?rest_route=\/wp\/v2\/pages"}],"about":[{"href":"https:\/\/www.sustainable-everyday-project.net\/monlyceedutroisiememillenaire\/index.php?rest_route=\/wp\/v2\/types\/page"}],"author":[{"embeddable":true,"href":"https:\/\/www.sustainable-everyday-project.net\/monlyceedutroisiememillenaire\/index.php?rest_route=\/wp\/v2\/users\/1"}],"replies":[{"embeddable":true,"href":"https:\/\/www.sustainable-everyday-project.net\/monlyceedutroisiememillenaire\/index.php?rest_route=%2Fwp%2Fv2%2Fcomments&post=354"}],"version-history":[{"count":11,"href":"https:\/\/www.sustainable-everyday-project.net\/monlyceedutroisiememillenaire\/index.php?rest_route=\/wp\/v2\/pages\/354\/revisions"}],"predecessor-version":[{"id":377,"href":"https:\/\/www.sustainable-everyday-project.net\/monlyceedutroisiememillenaire\/index.php?rest_route=\/wp\/v2\/pages\/354\/revisions\/377"}],"wp:attachment":[{"href":"https:\/\/www.sustainable-everyday-project.net\/monlyceedutroisiememillenaire\/index.php?rest_route=%2Fwp%2Fv2%2Fmedia&parent=354"}],"curies":[{"name":"wp","href":"https:\/\/api.w.org\/{rel}","templated":true}]}}