{"id":301,"date":"2020-03-17T17:11:08","date_gmt":"2020-03-17T17:11:08","guid":{"rendered":"http:\/\/www.sustainable-everyday-project.net\/ville-collaborative\/?page_id=301"},"modified":"2020-08-06T08:56:28","modified_gmt":"2020-08-06T08:56:28","slug":"informations-pratiques","status":"publish","type":"page","link":"https:\/\/www.sustainable-everyday-project.net\/ville-collaborative\/informations-pratiques\/","title":{"rendered":"Informations pratiques"},"content":{"rendered":"\n<div style=\"height:25px\" aria-hidden=\"true\" class=\"wp-block-spacer\"><\/div>\n\n\n\n<figure class=\"wp-block-image size-large\"><img loading=\"lazy\" decoding=\"async\" width=\"1024\" height=\"768\" src=\"http:\/\/www.sustainable-everyday-project.net\/ville-collaborative\/files\/2020\/03\/IMG_1977-1-1024x768.jpeg\" alt=\"\" class=\"wp-image-807\" srcset=\"https:\/\/www.sustainable-everyday-project.net\/ville-collaborative\/files\/2020\/03\/IMG_1977-1-1024x768.jpeg 1024w, https:\/\/www.sustainable-everyday-project.net\/ville-collaborative\/files\/2020\/03\/IMG_1977-1-300x225.jpeg 300w, https:\/\/www.sustainable-everyday-project.net\/ville-collaborative\/files\/2020\/03\/IMG_1977-1-768x576.jpeg 768w, https:\/\/www.sustainable-everyday-project.net\/ville-collaborative\/files\/2020\/03\/IMG_1977-1-285x214.jpeg 285w, https:\/\/www.sustainable-everyday-project.net\/ville-collaborative\/files\/2020\/03\/IMG_1977-1.jpeg 1280w\" sizes=\"auto, (max-width: 1024px) 100vw, 1024px\" \/><\/figure>\n\n\n\n<div style=\"height:25px\" aria-hidden=\"true\" class=\"wp-block-spacer\"><\/div>\n\n\n\n<h5 class=\"wp-block-heading\"><strong>Dates<\/strong><\/h5>\n\n\n\n<p>En ligne\u00a0de mars \u00e0 septembre 2020 :\u00a0<br><em>La Ville Collaborative \u00e0 la Maison, confin\u00e9e mais d\u00e9termin\u00e9e\u00a0!<\/em><\/p>\n\n\n\n<p>Ouverture de l\u2019espace d\u2019exposition\u00a0:<br>le 9 septembre 2020<\/p>\n\n\n\n<h5 class=\"wp-block-heading\"><strong>Lieu<\/strong><\/h5>\n\n\n\n<p>La Chaufferie Huet&nbsp;<br>Rue du Pr\u00e9 Catelan&nbsp;<br>FR-59110 La Madeleine | FRANCE<\/p>\n\n\n\n<h5 class=\"wp-block-heading\"><strong>Horaires d\u2019ouverture<\/strong><\/h5>\n\n\n\n<p>Mercredi 14:00 &#8211; 18:00<br>Jeudi 14:00 &#8211; 21:00<br>Samedi 14:00 &#8211; 18:00<br>Dimanche 11:00 &#8211; 17:00<\/p>\n\n\n\n<h5 class=\"wp-block-heading\"><strong>Transports<\/strong><\/h5>\n\n\n\n<p>Depuis la gare de Lille Europe\u2009\u2014\u200915&nbsp;min. Bus 50 Arr\u00eat Salengro ou 30 min. \u00e0&nbsp;pied<br>Depuis la gare de Lille Flandre\u2009\u2014\u200920&nbsp;min. Bus 14 Arr\u00eat Pr\u00e9 Catelan ou 35 min. \u00e0&nbsp;pied<\/p>\n\n\n\n<h5 class=\"wp-block-heading\"><strong>Tarif&nbsp;<\/strong><\/h5>\n\n\n\n<p>Entr\u00e9e libre<\/p>\n","protected":false},"excerpt":{"rendered":"<p>Dates En ligne\u00a0de mars \u00e0 septembre 2020 :\u00a0La Ville Collaborative \u00e0 la Maison, confin\u00e9e mais d\u00e9termin\u00e9e\u00a0! Ouverture de l\u2019espace d\u2019exposition\u00a0:le 9 septembre 2020 Lieu La Chaufferie Huet&nbsp;Rue du Pr\u00e9 Catelan&nbsp;FR-59110 La Madeleine | FRANCE Horaires d\u2019ouverture Mercredi 14:00 &#8211; 18:00Jeudi 14:00 &#8211; 21:00Samedi 14:00 &#8211; 18:00Dimanche 11:00 &#8211; 17:00 Transports Depuis la gare de Lille <a href=\"https:\/\/www.sustainable-everyday-project.net\/ville-collaborative\/informations-pratiques\/\" rel=\"nofollow\"><span class=\"sr-only\">Read more about Informations pratiques<\/span>[&hellip;]<\/a><\/p>\n","protected":false},"author":1,"featured_media":0,"parent":0,"menu_order":0,"comment_status":"closed","ping_status":"closed","template":"","meta":{"footnotes":""},"class_list":["post-301","page","type-page","status-publish","hentry"],"_links":{"self":[{"href":"https:\/\/www.sustainable-everyday-project.net\/ville-collaborative\/wp-json\/wp\/v2\/pages\/301","targetHints":{"allow":["GET"]}}],"collection":[{"href":"https:\/\/www.sustainable-everyday-project.net\/ville-collaborative\/wp-json\/wp\/v2\/pages"}],"about":[{"href":"https:\/\/www.sustainable-everyday-project.net\/ville-collaborative\/wp-json\/wp\/v2\/types\/page"}],"author":[{"embeddable":true,"href":"https:\/\/www.sustainable-everyday-project.net\/ville-collaborative\/wp-json\/wp\/v2\/users\/1"}],"replies":[{"embeddable":true,"href":"https:\/\/www.sustainable-everyday-project.net\/ville-collaborative\/wp-json\/wp\/v2\/comments?post=301"}],"version-history":[{"count":11,"href":"https:\/\/www.sustainable-everyday-project.net\/ville-collaborative\/wp-json\/wp\/v2\/pages\/301\/revisions"}],"predecessor-version":[{"id":3663,"href":"https:\/\/www.sustainable-everyday-project.net\/ville-collaborative\/wp-json\/wp\/v2\/pages\/301\/revisions\/3663"}],"wp:attachment":[{"href":"https:\/\/www.sustainable-everyday-project.net\/ville-collaborative\/wp-json\/wp\/v2\/media?parent=301"}],"curies":[{"name":"wp","href":"https:\/\/api.w.org\/{rel}","templated":true}]}}