{"id":3499,"date":"2020-08-05T09:58:44","date_gmt":"2020-08-05T09:58:44","guid":{"rendered":"http:\/\/www.sustainable-everyday-project.net\/ville-collaborative\/?page_id=3499"},"modified":"2020-08-06T12:39:24","modified_gmt":"2020-08-06T12:39:24","slug":"colophon","status":"publish","type":"page","link":"https:\/\/www.sustainable-everyday-project.net\/ville-collaborative\/colophon\/","title":{"rendered":"Colophon"},"content":{"rendered":"\n<figure class=\"wp-block-image size-large is-resized\"><img loading=\"lazy\" decoding=\"async\" src=\"http:\/\/www.sustainable-everyday-project.net\/ville-collaborative\/files\/2020\/06\/72527795_695290847543166_2638350675666272256_o-1024x367.jpg\" alt=\"\" class=\"wp-image-1498\" width=\"823\" height=\"294\" srcset=\"https:\/\/www.sustainable-everyday-project.net\/ville-collaborative\/files\/2020\/06\/72527795_695290847543166_2638350675666272256_o-1024x367.jpg 1024w, https:\/\/www.sustainable-everyday-project.net\/ville-collaborative\/files\/2020\/06\/72527795_695290847543166_2638350675666272256_o-300x107.jpg 300w, https:\/\/www.sustainable-everyday-project.net\/ville-collaborative\/files\/2020\/06\/72527795_695290847543166_2638350675666272256_o-768x275.jpg 768w, https:\/\/www.sustainable-everyday-project.net\/ville-collaborative\/files\/2020\/06\/72527795_695290847543166_2638350675666272256_o-1536x550.jpg 1536w, https:\/\/www.sustainable-everyday-project.net\/ville-collaborative\/files\/2020\/06\/72527795_695290847543166_2638350675666272256_o-2048x734.jpg 2048w\" sizes=\"auto, (max-width: 823px) 100vw, 823px\" \/><\/figure>\n\n\n\n<div style=\"height:50px\" aria-hidden=\"true\" class=\"wp-block-spacer\"><\/div>\n\n\n\n<p>L\u2019\u00e9quipe de la Maison POC Ville Collaborative remercie tous les porteur.euse.s de POC, designer.euse.s et l\u2019ensemble de leurs partenaires pour leurs projets, leur enthousiasme et leur engagement dans cette aventure.<\/p>\n\n\n\n<div style=\"height:25px\" aria-hidden=\"true\" class=\"wp-block-spacer\"><\/div>\n\n\n\n<p>Elle remercie \u00e9galement&nbsp;:<\/p>\n\n\n\n<ul class=\"wp-block-list\"><li>le r\u00e9seaux des <strong>DESIS Lab et DESIS International<\/strong> pour leurs contributions de projets&nbsp;<em>Design Post-Pandemic<\/em> ;<\/li><\/ul>\n\n\n\n<ul class=\"wp-block-list\"><li>le r\u00e9seau <strong>URBACT et le Secr\u00e9tariat URBACT<\/strong> pour les exemples inspirants de&nbsp;villes europ\u00e9ennes collaboratives ;<\/li><\/ul>\n\n\n\n<ul class=\"wp-block-list\"><li>l\u2019<strong>ESAD<\/strong> pour leur contribution au projet de sc\u00e9nographie.<\/li><\/ul>\n\n\n\n<div style=\"height:25px\" aria-hidden=\"true\" class=\"wp-block-spacer\"><\/div>\n\n\n\n<div class=\"wp-block-image\"><figure class=\"aligncenter is-resized\"><img loading=\"lazy\" decoding=\"async\" src=\"http:\/\/www.sustainable-everyday-project.net\/ville-collaborative\/files\/2020\/06\/MPOC-villecollab-mail.png\" alt=\"\" class=\"wp-image-1542\" width=\"510\" height=\"212\" srcset=\"https:\/\/www.sustainable-everyday-project.net\/ville-collaborative\/files\/2020\/06\/MPOC-villecollab-mail.png 600w, https:\/\/www.sustainable-everyday-project.net\/ville-collaborative\/files\/2020\/06\/MPOC-villecollab-mail-300x125.png 300w\" sizes=\"auto, (max-width: 510px) 100vw, 510px\" \/><\/figure><\/div>\n\n\n\n<div style=\"height:25px\" aria-hidden=\"true\" class=\"wp-block-spacer\"><\/div>\n\n\n\n<p>La <strong>Maison POC Ville Collaborative<\/strong>&nbsp;est une production originale de Lille M\u00e9tropole 2020, Capitale Mondiale du Design. Elle est accueillie par la ville de La Madeleine au c\u0153ur de la M\u00e9tropole Europ\u00e9enne de Lille.<\/p>\n\n\n\n<div style=\"height:50px\" aria-hidden=\"true\" class=\"wp-block-spacer\"><\/div>\n\n\n\n<h4 class=\"wp-block-heading\"><strong>L&rsquo;\u00e9quipe :<\/strong><\/h4>\n\n\n\n<ul class=\"wp-block-list\"><li><strong>Fran\u00e7ois J\u00e9gou<\/strong>, Strategic Design Scenarios : commissaire de la Maison POC Ville Collaborative ;<\/li><li><strong>Dom\u00e9thilde Majek<\/strong>, Rives Nord : coordination g\u00e9n\u00e9rale &amp; charg\u00e9e de production ;<\/li><li><strong>Pascal Payeur<\/strong>, Expositif : sc\u00e9nographe ;<\/li><li><strong>Jean-Denis Filliozat<\/strong>, Interfacedesign : \u00e9lectrotechnicien &amp; designer ;<\/li><li><strong>Bruno Sou\u00eatre<\/strong>, graphiste ;<\/li><li><strong>Fiora No\u00ebl<\/strong>, <strong>Christophe Gouache<\/strong>, <strong>Selam Mebrahtu<\/strong>,\u00a0<strong>Jemima Kulumba<\/strong>, <strong>Elin Tobias<\/strong> \u2013 Strategic Design Scenarios : \u00e9quipe commissariat ;<\/li><li><strong>Charles Assier<\/strong>, <strong>Benjamin Poupel<\/strong>, <strong>Nicolas Croissant<\/strong>\u00a0:\u00a0\u00e9quipe de montage ;<\/li><li><strong>Clotilde Delsart<\/strong>, <strong>Julia Laurent<\/strong>, <strong>Coralie Macaret<\/strong>, <strong>Ashley-Kelly Lopez<\/strong>\u00a0:\u00a0\u00a0stagiaires.<\/li><\/ul>\n\n\n\n<div style=\"height:25px\" aria-hidden=\"true\" class=\"wp-block-spacer\"><\/div>\n\n\n\n<h4 class=\"wp-block-heading\"><strong>Les partenaires :<\/strong><\/h4>\n\n\n\n<div class=\"wp-block-columns are-vertically-aligned-center is-layout-flex wp-container-core-columns-is-layout-9d6595d7 wp-block-columns-is-layout-flex\">\n<div class=\"wp-block-column is-vertically-aligned-center is-layout-flow wp-block-column-is-layout-flow\">\n<div class=\"wp-block-image\"><figure class=\"aligncenter size-large is-resized\"><img loading=\"lazy\" decoding=\"async\" src=\"http:\/\/www.sustainable-everyday-project.net\/ville-collaborative\/files\/2020\/06\/1200px-Logo_Ceetrus_2018.svg_-1-1024x391.png\" alt=\"\" class=\"wp-image-1530\" width=\"163\" height=\"61\" srcset=\"https:\/\/www.sustainable-everyday-project.net\/ville-collaborative\/files\/2020\/06\/1200px-Logo_Ceetrus_2018.svg_-1-1024x391.png 1024w, https:\/\/www.sustainable-everyday-project.net\/ville-collaborative\/files\/2020\/06\/1200px-Logo_Ceetrus_2018.svg_-1-300x115.png 300w, https:\/\/www.sustainable-everyday-project.net\/ville-collaborative\/files\/2020\/06\/1200px-Logo_Ceetrus_2018.svg_-1-768x293.png 768w, https:\/\/www.sustainable-everyday-project.net\/ville-collaborative\/files\/2020\/06\/1200px-Logo_Ceetrus_2018.svg_-1.png 1200w\" sizes=\"auto, (max-width: 163px) 100vw, 163px\" \/><\/figure><\/div>\n<\/div>\n\n\n\n<div class=\"wp-block-column is-vertically-aligned-center is-layout-flow wp-block-column-is-layout-flow\">\n<div style=\"height:20px\" aria-hidden=\"true\" class=\"wp-block-spacer\"><\/div>\n\n\n\n<div class=\"wp-block-image\"><figure class=\"aligncenter size-large is-resized\"><img loading=\"lazy\" decoding=\"async\" src=\"http:\/\/www.sustainable-everyday-project.net\/ville-collaborative\/files\/2020\/06\/0204235500077-web-1-1024x576.jpg\" alt=\"\" class=\"wp-image-1532\" width=\"193\" height=\"108\" srcset=\"https:\/\/www.sustainable-everyday-project.net\/ville-collaborative\/files\/2020\/06\/0204235500077-web-1-1024x576.jpg 1024w, https:\/\/www.sustainable-everyday-project.net\/ville-collaborative\/files\/2020\/06\/0204235500077-web-1-300x169.jpg 300w, https:\/\/www.sustainable-everyday-project.net\/ville-collaborative\/files\/2020\/06\/0204235500077-web-1-768x432.jpg 768w, https:\/\/www.sustainable-everyday-project.net\/ville-collaborative\/files\/2020\/06\/0204235500077-web-1.jpg 1280w\" sizes=\"auto, (max-width: 193px) 100vw, 193px\" \/><\/figure><\/div>\n<\/div>\n<\/div>\n\n\n\n<h4 class=\"wp-block-heading\"><strong>Les partenaires contributeurs<\/strong> :<\/h4>\n\n\n\n<div class=\"wp-block-columns are-vertically-aligned-center is-layout-flex wp-container-core-columns-is-layout-9d6595d7 wp-block-columns-is-layout-flex\">\n<div class=\"wp-block-column is-vertically-aligned-center is-layout-flow wp-block-column-is-layout-flow\">\n<div style=\"height:20px\" aria-hidden=\"true\" class=\"wp-block-spacer\"><\/div>\n\n\n\n<div class=\"wp-block-image\"><figure class=\"aligncenter size-large is-resized\"><img loading=\"lazy\" decoding=\"async\" src=\"http:\/\/www.sustainable-everyday-project.net\/ville-collaborative\/files\/2020\/06\/LOGO_Desis-Network-1.png\" alt=\"\" class=\"wp-image-1535\" width=\"114\" height=\"118\"\/><\/figure><\/div>\n\n\n\n<div style=\"height:45px\" aria-hidden=\"true\" class=\"wp-block-spacer\"><\/div>\n<\/div>\n\n\n\n<div class=\"wp-block-column is-vertically-aligned-center is-layout-flow wp-block-column-is-layout-flow\">\n<div class=\"wp-block-image\"><figure class=\"aligncenter size-large is-resized\"><img loading=\"lazy\" decoding=\"async\" src=\"http:\/\/www.sustainable-everyday-project.net\/ville-collaborative\/files\/2020\/06\/Unknown.png\" alt=\"\" class=\"wp-image-1536\" width=\"127\" height=\"157\"\/><\/figure><\/div>\n\n\n\n<div style=\"height:20px\" aria-hidden=\"true\" class=\"wp-block-spacer\"><\/div>\n<\/div>\n<\/div>\n\n\n\n<div class=\"wp-block-image\"><figure class=\"aligncenter size-large is-resized\"><img loading=\"lazy\" decoding=\"async\" src=\"http:\/\/www.sustainable-everyday-project.net\/ville-collaborative\/files\/2020\/08\/Capture-d\u2019\u00e9cran-2020-07-03-\u00e0-09.31.29-1-1024x215.png\" alt=\"\" class=\"wp-image-3502\" width=\"562\" height=\"117\" srcset=\"https:\/\/www.sustainable-everyday-project.net\/ville-collaborative\/files\/2020\/08\/Capture-d\u2019\u00e9cran-2020-07-03-\u00e0-09.31.29-1-1024x215.png 1024w, https:\/\/www.sustainable-everyday-project.net\/ville-collaborative\/files\/2020\/08\/Capture-d\u2019\u00e9cran-2020-07-03-\u00e0-09.31.29-1-300x63.png 300w, https:\/\/www.sustainable-everyday-project.net\/ville-collaborative\/files\/2020\/08\/Capture-d\u2019\u00e9cran-2020-07-03-\u00e0-09.31.29-1-768x161.png 768w, https:\/\/www.sustainable-everyday-project.net\/ville-collaborative\/files\/2020\/08\/Capture-d\u2019\u00e9cran-2020-07-03-\u00e0-09.31.29-1-1536x323.png 1536w, https:\/\/www.sustainable-everyday-project.net\/ville-collaborative\/files\/2020\/08\/Capture-d\u2019\u00e9cran-2020-07-03-\u00e0-09.31.29-1.png 1646w\" sizes=\"auto, (max-width: 562px) 100vw, 562px\" \/><\/figure><\/div>\n\n\n\n<p><\/p>\n","protected":false},"excerpt":{"rendered":"<p>L\u2019\u00e9quipe de la Maison POC Ville Collaborative remercie tous les porteur.euse.s de POC, designer.euse.s et l\u2019ensemble de leurs partenaires pour leurs projets, leur enthousiasme et leur engagement dans cette aventure. Elle remercie \u00e9galement&nbsp;: le r\u00e9seaux des DESIS Lab et DESIS International pour leurs contributions de projets&nbsp;Design Post-Pandemic ; le r\u00e9seau URBACT et le Secr\u00e9tariat URBACT <a href=\"https:\/\/www.sustainable-everyday-project.net\/ville-collaborative\/colophon\/\" rel=\"nofollow\"><span class=\"sr-only\">Read more about Colophon<\/span>[&hellip;]<\/a><\/p>\n","protected":false},"author":1,"featured_media":0,"parent":0,"menu_order":0,"comment_status":"closed","ping_status":"closed","template":"","meta":{"footnotes":""},"class_list":["post-3499","page","type-page","status-publish","hentry"],"_links":{"self":[{"href":"https:\/\/www.sustainable-everyday-project.net\/ville-collaborative\/wp-json\/wp\/v2\/pages\/3499","targetHints":{"allow":["GET"]}}],"collection":[{"href":"https:\/\/www.sustainable-everyday-project.net\/ville-collaborative\/wp-json\/wp\/v2\/pages"}],"about":[{"href":"https:\/\/www.sustainable-everyday-project.net\/ville-collaborative\/wp-json\/wp\/v2\/types\/page"}],"author":[{"embeddable":true,"href":"https:\/\/www.sustainable-everyday-project.net\/ville-collaborative\/wp-json\/wp\/v2\/users\/1"}],"replies":[{"embeddable":true,"href":"https:\/\/www.sustainable-everyday-project.net\/ville-collaborative\/wp-json\/wp\/v2\/comments?post=3499"}],"version-history":[{"count":12,"href":"https:\/\/www.sustainable-everyday-project.net\/ville-collaborative\/wp-json\/wp\/v2\/pages\/3499\/revisions"}],"predecessor-version":[{"id":3690,"href":"https:\/\/www.sustainable-everyday-project.net\/ville-collaborative\/wp-json\/wp\/v2\/pages\/3499\/revisions\/3690"}],"wp:attachment":[{"href":"https:\/\/www.sustainable-everyday-project.net\/ville-collaborative\/wp-json\/wp\/v2\/media?parent=3499"}],"curies":[{"name":"wp","href":"https:\/\/api.w.org\/{rel}","templated":true}]}}