{"id":3512,"date":"2020-08-05T10:11:29","date_gmt":"2020-08-05T10:11:29","guid":{"rendered":"http:\/\/www.sustainable-everyday-project.net\/ville-collaborative\/?page_id=3512"},"modified":"2020-08-05T15:11:09","modified_gmt":"2020-08-05T15:11:09","slug":"communique-de-presse","status":"publish","type":"page","link":"https:\/\/www.sustainable-everyday-project.net\/ville-collaborative\/communique-de-presse\/","title":{"rendered":"Communiqu\u00e9 de presse"},"content":{"rendered":"\n<div style=\"height:50px\" aria-hidden=\"true\" class=\"wp-block-spacer\"><\/div>\n\n\n\n<h2 class=\"has-text-align-center wp-block-heading\">Communiqu\u00e9 de presse<\/h2>\n\n\n\n<div style=\"height:50px\" aria-hidden=\"true\" class=\"wp-block-spacer\"><\/div>\n\n\n\n<figure class=\"wp-block-gallery aligncenter columns-1 is-cropped wp-block-gallery-1 is-layout-flex wp-block-gallery-is-layout-flex\"><ul class=\"blocks-gallery-grid\"><li class=\"blocks-gallery-item\"><figure><img loading=\"lazy\" decoding=\"async\" width=\"1024\" height=\"683\" src=\"http:\/\/www.sustainable-everyday-project.net\/ville-collaborative\/files\/2020\/08\/VilleRenouvel\u00e9e_F\u00eatedesJardinsR\u00eav\u00e8s2013-1024x683.jpg\" alt=\"\" data-id=\"3514\" data-full-url=\"http:\/\/www.sustainable-everyday-project.net\/ville-collaborative\/files\/2020\/08\/VilleRenouvel\u00e9e_F\u00eatedesJardinsR\u00eav\u00e8s2013-scaled.jpg\" data-link=\"http:\/\/www.sustainable-everyday-project.net\/ville-collaborative\/?attachment_id=3514\" class=\"wp-image-3514\" srcset=\"https:\/\/www.sustainable-everyday-project.net\/ville-collaborative\/files\/2020\/08\/VilleRenouvel\u00e9e_F\u00eatedesJardinsR\u00eav\u00e8s2013-1024x683.jpg 1024w, https:\/\/www.sustainable-everyday-project.net\/ville-collaborative\/files\/2020\/08\/VilleRenouvel\u00e9e_F\u00eatedesJardinsR\u00eav\u00e8s2013-300x200.jpg 300w, https:\/\/www.sustainable-everyday-project.net\/ville-collaborative\/files\/2020\/08\/VilleRenouvel\u00e9e_F\u00eatedesJardinsR\u00eav\u00e8s2013-768x512.jpg 768w, https:\/\/www.sustainable-everyday-project.net\/ville-collaborative\/files\/2020\/08\/VilleRenouvel\u00e9e_F\u00eatedesJardinsR\u00eav\u00e8s2013-1536x1024.jpg 1536w, https:\/\/www.sustainable-everyday-project.net\/ville-collaborative\/files\/2020\/08\/VilleRenouvel\u00e9e_F\u00eatedesJardinsR\u00eav\u00e8s2013-2048x1365.jpg 2048w, https:\/\/www.sustainable-everyday-project.net\/ville-collaborative\/files\/2020\/08\/VilleRenouvel\u00e9e_F\u00eatedesJardinsR\u00eav\u00e8s2013-750x500.jpg 750w\" sizes=\"auto, (max-width: 1024px) 100vw, 1024px\" \/><figcaption class=\"blocks-gallery-item__caption\">POC SEM Ville Renouvell\u00e9e, F\u00eate des jardins rev\u00e9s, \u00a9SEM Ville Renouvel\u00e9e<\/figcaption><\/figure><\/li><\/ul><\/figure>\n\n\n\n<div style=\"height:50px\" aria-hidden=\"true\" class=\"wp-block-spacer\"><\/div>\n\n\n\n<h3 class=\"wp-block-heading\"><strong>Comment le design peut-il faciliter la collaboration dans la ville pour <\/strong><\/h3>\n\n\n\n<h3 class=\"wp-block-heading\"><strong>inventer des modes de vie plus solidaires, soutenables et d\u00e9mocratiques ?<\/strong><\/h3>\n\n\n\n<div style=\"height:25px\" aria-hidden=\"true\" class=\"wp-block-spacer\"><\/div>\n\n\n\n<p><strong>La Maison POC Ville collaborative propose des exp\u00e9riences ludiques et immersives qui permettent aux visiteurs de se projeter dans les modes de vie de demain. Elle explore, \u00e0 travers des \u201cspectacles de design\u201d, une centaine de projets locaux et du monde pour d\u00e9tecter les visions \u00e9mergentes de partage, d\u2019entre-aide et de coop\u00e9ration.<\/strong><\/p>\n\n\n\n<p>Les modes de vie contemporains sont centr\u00e9s sur l\u2019individu, les solutions sont toujours plus personnalis\u00e9es, les algorithmes sont plus cibl\u00e9s, les mentalit\u00e9s individualistes et aujourd\u2019hui, la socialisation est mise \u00e0 distance\u2026&nbsp;<\/p>\n\n\n\n<p>Encore sous le choc, alors que le monde cherche comment apprendre de la crise sanitaire pour se recomposer, l\u2019enjeu du design de la Ville Collaborative est de restaurer le collectif, r\u00e9g\u00e9n\u00e9rer les biens communs, retrouver la communaut\u00e9, favoriser l\u2019entre-aide.<\/p>\n\n\n\n<p>C\u2019est autant un parcours-spectacle qu\u2019un forum vivant d\u2019\u00e9changes et de d\u00e9bats. Le visiteur m\u00e8ne l\u2019enqu\u00eate pour d\u00e9tecter des preuves du futur collaboratif. En dialogue avec une centaine de POC du territoire, elle accueillera les laboratoires DESIS d\u2019\u00e9coles et universit\u00e9s de design du monde entier, le design du faire et du vivre ensemble des villes europ\u00e9ennes des r\u00e9seaux URBACT.&nbsp;<\/p>\n\n\n\n<p>Elle explorera comment la crise sanitaire \u00ab&nbsp;redesigne&nbsp;\u00bb notre monde et comment le design y prend part activement. Cette \u201cnon-expo-action\u201d commence \u00e0 se constituer en ligne d\u00e8s mai 2020 et continue \u00e0 s\u2019enrichir d\u2019ateliers, de rencontres, de sessions, d\u2019interactions et d\u2019\u00e9v\u00e9nements \u00e0 partir de septembre 2020.<\/p>\n\n\n\n<div style=\"height:50px\" aria-hidden=\"true\" class=\"wp-block-spacer\"><\/div>\n\n\n\n<hr class=\"wp-block-separator\"\/>\n\n\n\n<h6 class=\"wp-block-heading\">LA CHAUFFERIE HUET, La Madeleine <\/h6>\n\n\n\n<h6 class=\"wp-block-heading\">Une production originale de Lille M\u00e9tropole 2020, Capitale Mondiale du Design<\/h6>\n\n\n\n<h6 class=\"wp-block-heading\">Commissariat : Fran\u00e7ois J\u00e9gou, designer, Strategic Design Scenarios<\/h6>\n","protected":false},"excerpt":{"rendered":"<p>Communiqu\u00e9 de presse Comment le design peut-il faciliter la collaboration dans la ville pour inventer des modes de vie plus solidaires, soutenables et d\u00e9mocratiques ? La Maison POC Ville collaborative propose des exp\u00e9riences ludiques et immersives qui permettent aux visiteurs de se projeter dans les modes de vie de demain. Elle explore, \u00e0 travers des <a href=\"https:\/\/www.sustainable-everyday-project.net\/ville-collaborative\/communique-de-presse\/\" rel=\"nofollow\"><span class=\"sr-only\">Read more about Communiqu\u00e9 de presse<\/span>[&hellip;]<\/a><\/p>\n","protected":false},"author":1,"featured_media":0,"parent":0,"menu_order":0,"comment_status":"closed","ping_status":"closed","template":"","meta":{"footnotes":""},"class_list":["post-3512","page","type-page","status-publish","hentry"],"_links":{"self":[{"href":"https:\/\/www.sustainable-everyday-project.net\/ville-collaborative\/wp-json\/wp\/v2\/pages\/3512","targetHints":{"allow":["GET"]}}],"collection":[{"href":"https:\/\/www.sustainable-everyday-project.net\/ville-collaborative\/wp-json\/wp\/v2\/pages"}],"about":[{"href":"https:\/\/www.sustainable-everyday-project.net\/ville-collaborative\/wp-json\/wp\/v2\/types\/page"}],"author":[{"embeddable":true,"href":"https:\/\/www.sustainable-everyday-project.net\/ville-collaborative\/wp-json\/wp\/v2\/users\/1"}],"replies":[{"embeddable":true,"href":"https:\/\/www.sustainable-everyday-project.net\/ville-collaborative\/wp-json\/wp\/v2\/comments?post=3512"}],"version-history":[{"count":7,"href":"https:\/\/www.sustainable-everyday-project.net\/ville-collaborative\/wp-json\/wp\/v2\/pages\/3512\/revisions"}],"predecessor-version":[{"id":3644,"href":"https:\/\/www.sustainable-everyday-project.net\/ville-collaborative\/wp-json\/wp\/v2\/pages\/3512\/revisions\/3644"}],"wp:attachment":[{"href":"https:\/\/www.sustainable-everyday-project.net\/ville-collaborative\/wp-json\/wp\/v2\/media?parent=3512"}],"curies":[{"name":"wp","href":"https:\/\/api.w.org\/{rel}","templated":true}]}}