{"id":3518,"date":"2020-08-05T10:35:20","date_gmt":"2020-08-05T10:35:20","guid":{"rendered":"http:\/\/www.sustainable-everyday-project.net\/ville-collaborative\/?page_id=3518"},"modified":"2020-08-05T10:35:20","modified_gmt":"2020-08-05T10:35:20","slug":"entretien-avec-le-commissaire","status":"publish","type":"page","link":"https:\/\/www.sustainable-everyday-project.net\/ville-collaborative\/entretien-avec-le-commissaire\/","title":{"rendered":"Entretien avec le commissaire"},"content":{"rendered":"\n<div style=\"height:50px\" aria-hidden=\"true\" class=\"wp-block-spacer\"><\/div>\n\n\n\n<h2 class=\"has-text-align-center wp-block-heading\">Entretien avec le commissaire<\/h2>\n\n\n\n<div style=\"height:50px\" aria-hidden=\"true\" class=\"wp-block-spacer\"><\/div>\n\n\n\n<div class=\"wp-block-columns is-layout-flex wp-container-core-columns-is-layout-9d6595d7 wp-block-columns-is-layout-flex\">\n<div class=\"wp-block-column is-layout-flow wp-block-column-is-layout-flow\">\n<h5 class=\"wp-block-heading\"><strong>La M\u00e9tropole de Lille est en 2020 Capitale Mondiale du Design, qu\u2019est-ce que cela signifie pour vous\u00a0?<\/strong><\/h5>\n\n\n\n<div style=\"height:25px\" aria-hidden=\"true\" class=\"wp-block-spacer\"><\/div>\n\n\n\n<p class=\"has-small-font-size\"><em>\u00ab&nbsp;La candidature de Lille a repr\u00e9sent\u00e9 pour toute l\u2019\u00e9quipe du commissariat une motivation tr\u00e8s importante&nbsp;: contrairement \u00e0 des villes d\u00e9j\u00e0 reconnues pour leur faits d\u2019armes en mati\u00e8re de design, la M\u00e9tropole de Lille a propos\u00e9 de faire du design un levier au service de son territoire. Et c\u2019est cette posture qui nous semble particuli\u00e8rement int\u00e9ressante parce que tourn\u00e9e vers l\u2019avenir. En d\u00e9cembre 2020, ce ne sera pas la fin de Lille M\u00e9tropole capitale du design, mais le d\u00e9but d\u2019un mouvement de design au service de l\u2019innovation sociale, du d\u00e9veloppement soutenable et de la d\u00e9mocratie&nbsp;\u00bb<\/em><\/p>\n<\/div>\n\n\n\n<div class=\"wp-block-column is-layout-flow wp-block-column-is-layout-flow\">\n<h5 class=\"wp-block-heading\"><strong>Vous avez rencontr\u00e9 plus d\u2019une centaine de porteurs de POC, de designers&#8230; Que vous a apport\u00e9 cette exp\u00e9rience\u00a0?<\/strong><\/h5>\n\n\n\n<div style=\"height:25px\" aria-hidden=\"true\" class=\"wp-block-spacer\"><\/div>\n\n\n\n<p class=\"has-small-font-size\"><em>\u00ab\u00a0 Tout d\u2019abord une belle aventure humaine\u00a0: quand le Comit\u00e9 de la Capitale Mondiale du Design appelle les acteurs priv\u00e9s, publics du territoire, la soci\u00e9t\u00e9 civile pour mobiliser plus de 500 intentions de projets en moins d\u2019un an, il en r\u00e9sulte un grand mouvement qu\u2019il faut explorer en d\u00e9tail, analyser pour comprendre quelles sont les tendances \u00e9mergentes. Nous en avons identifi\u00e9 une quinzaine autour du vivre et du faire ensemble, des communs, des nouveaux usages, de partage et d\u2019entraide&#8230; Mais pour en savoir plus, il faudra visiter la Maison POC Ville Collaborative\u00a0qui propose aux visiteurs de mener l\u2019enqu\u00eate comme notre \u00e9quipe l\u2019a fait et de sentir les tendances \u00e9merger&#8230;\u00a0<\/em><\/p>\n<\/div>\n<\/div>\n\n\n\n<figure class=\"wp-block-gallery columns-1 wp-block-gallery-1 is-layout-flex wp-block-gallery-is-layout-flex\"><ul class=\"blocks-gallery-grid\"><li class=\"blocks-gallery-item\"><figure><img loading=\"lazy\" decoding=\"async\" width=\"1024\" height=\"719\" src=\"http:\/\/www.sustainable-everyday-project.net\/ville-collaborative\/files\/2020\/08\/Screen-Shot-2020-08-05-at-12.21.38-1024x719.png\" alt=\"\" data-id=\"3530\" data-full-url=\"http:\/\/www.sustainable-everyday-project.net\/ville-collaborative\/files\/2020\/08\/Screen-Shot-2020-08-05-at-12.21.38.png\" data-link=\"http:\/\/www.sustainable-everyday-project.net\/ville-collaborative\/?attachment_id=3530\" class=\"wp-image-3530\" srcset=\"https:\/\/www.sustainable-everyday-project.net\/ville-collaborative\/files\/2020\/08\/Screen-Shot-2020-08-05-at-12.21.38-1024x719.png 1024w, https:\/\/www.sustainable-everyday-project.net\/ville-collaborative\/files\/2020\/08\/Screen-Shot-2020-08-05-at-12.21.38-300x211.png 300w, https:\/\/www.sustainable-everyday-project.net\/ville-collaborative\/files\/2020\/08\/Screen-Shot-2020-08-05-at-12.21.38-768x539.png 768w, https:\/\/www.sustainable-everyday-project.net\/ville-collaborative\/files\/2020\/08\/Screen-Shot-2020-08-05-at-12.21.38-1536x1079.png 1536w, https:\/\/www.sustainable-everyday-project.net\/ville-collaborative\/files\/2020\/08\/Screen-Shot-2020-08-05-at-12.21.38.png 1862w\" sizes=\"auto, (max-width: 1024px) 100vw, 1024px\" \/><figcaption class=\"blocks-gallery-item__caption\">Ville Collaborative, non-expo dans une salle en r\u00e9glage. \u00a9Strategic Design Scenarios<\/figcaption><\/figure><\/li><\/ul><\/figure>\n\n\n\n<div style=\"height:60px\" aria-hidden=\"true\" class=\"wp-block-spacer\"><\/div>\n\n\n\n<div class=\"wp-block-columns is-layout-flex wp-container-core-columns-is-layout-9d6595d7 wp-block-columns-is-layout-flex\">\n<div class=\"wp-block-column is-layout-flow wp-block-column-is-layout-flow\">\n<h5 class=\"wp-block-heading\"><strong>Quels enseignements tirez-vous en mati\u00e8re de design\u00a0?<\/strong><\/h5>\n\n\n\n<div style=\"height:25px\" aria-hidden=\"true\" class=\"wp-block-spacer\"><\/div>\n\n\n\n<p class=\"has-small-font-size\"><em>\u00ab&nbsp;<\/em><em>On peut dire que les m\u00e9thodologies de conception participatives caract\u00e9ristiques des approches de design deviennent monnaie courante dans les projets tant pour les acteurs priv\u00e9s que les collectivit\u00e9s locales ou la soci\u00e9t\u00e9 civile. \u00ab Nothing about me without me \u00bb comme le dit l\u2019expression consacr\u00e9e : rien qui me concerne ne doit \u00eatre fait sans m\u2019impliquer ! Et cette \u00e9volution en cours, constat\u00e9e dans l\u2019\u00e9chantillon d\u2019une centaine de projets du territoire de la Maison POC Ville Collaborative est une bonne nouvelle et certainement un gage de qualit\u00e9 pour l\u2019avenir dans un pays comme la France trop souvent \u00e9pingl\u00e9 pour ses approches descendantes, ces processus hi\u00e9rarchiques et en surplomb coup\u00e9s des parties prenantes et d\u00e9connect\u00e9s des usagers finaux !&nbsp;\u00bb<\/em><\/p>\n\n\n\n<h5 class=\"wp-block-heading\"><strong>Quel impact avez-vous constat\u00e9 suite \u00e0 la propagation de la pand\u00e9mie\u00a0?<\/strong><\/h5>\n\n\n\n<div style=\"height:25px\" aria-hidden=\"true\" class=\"wp-block-spacer\"><\/div>\n\n\n\n<p class=\"has-small-font-size\"><em>\u00ab\u00a0La crise sanitaire actuelle a plong\u00e9 le projet de la Maison POC Ville Collaborative dans un choc profond mais aussi dans un paradoxe tr\u00e8s stimulant pour le design : les m\u00e9canismes de socialisation se sont arr\u00eat\u00e9s, les \u00e9lans de solidarit\u00e9 ne doivent pas d\u00e9passer le m\u00e8tre cinquante r\u00e9glementaire, les r\u00e9flexes d\u2019entraide sont maintenus \u00e0 distance, <\/em><\/p>\n<\/div>\n\n\n\n<div class=\"wp-block-column is-layout-flow wp-block-column-is-layout-flow\">\n<p class=\"has-small-font-size\"><em>l\u2019empathie naturelle est frein\u00e9e&#8230; La pand\u00e9mie convoque le design d\u2019une nouvelle prox\u00e9mie de la ville collaborative. Les POC pr\u00e9sent\u00e9s explorent des questions fondamentales pour le design comme la digitalisation en marche forc\u00e9e de l\u2019enseignement, la r\u00e9silience de nos territoires en mati\u00e8re de s\u00e9curit\u00e9 alimentaire, les nouvelles solidarit\u00e9s dans les quartiers, l\u2019\u00e9conomie de l\u2019attention et de la confiance&#8230;\u00a0\u00bb<\/em><\/p>\n\n\n\n<h5 class=\"wp-block-heading\"><strong>Vous d\u00e9clarez que la Maison POC Ville Collaborative est une \u00ab\u00a0non-exposition\u00a0\u00bb, Qu\u2019entendez-vous par l\u00e0\u00a0?<\/strong><\/h5>\n\n\n\n<div style=\"height:25px\" aria-hidden=\"true\" class=\"wp-block-spacer\"><\/div>\n\n\n\n<p class=\"has-small-font-size\"><em>\u00ab&nbsp;Les formes de monstration traditionnelles que sont les expositions d\u2019art\u00e9facts sur des socles ou la photographie d\u2019objets sur les pages d\u2019une revue peinent \u00e0 traduire les formes \u00e9mergentes de design pour l\u2019innovation sociale, l\u2019action publique, les modes de vie soutenables&nbsp;: quand votre POC consiste \u00e0 coordonner la consommation d\u2019\u00e9nergies photovolta\u00efque entre voisins ou \u00e0 r\u00e9duire le gaspillage alimentaire dans les cantines, il n\u2019y a pas forc\u00e9ment quelque chose \u00e0 exposer ou une belle photo \u00e0 faire&nbsp;! C\u2019est pourquoi nous avons choisi de montrer le design par des formes de spectacles, de th\u00e9\u00e2tre, de narration, de performances en live ou en vid\u00e9o, bien plus \u00e0 m\u00eame de faire comprendre les probl\u00e8mes complexes, de raconter les processus, de r\u00e9v\u00e9ler l\u2019intangible, etc.&nbsp;\u00bb&nbsp;<\/em><\/p>\n<\/div>\n<\/div>\n\n\n\n<div style=\"height:50px\" aria-hidden=\"true\" class=\"wp-block-spacer\"><\/div>\n\n\n\n<h6 class=\"has-very-dark-gray-color has-text-color has-text-align-right wp-block-heading\">Fran\u00e7ois J\u00e9gou, designer, Strategic Design Scenarios <\/h6>\n\n\n\n<h6 class=\"has-very-dark-gray-color has-text-color has-text-align-right wp-block-heading\">Commissaire de la Maison POC Ville Collaborative<\/h6>\n","protected":false},"excerpt":{"rendered":"<p>Entretien avec le commissaire La M\u00e9tropole de Lille est en 2020 Capitale Mondiale du Design, qu\u2019est-ce que cela signifie pour vous\u00a0? \u00ab&nbsp;La candidature de Lille a repr\u00e9sent\u00e9 pour toute l\u2019\u00e9quipe du commissariat une motivation tr\u00e8s importante&nbsp;: contrairement \u00e0 des villes d\u00e9j\u00e0 reconnues pour leur faits d\u2019armes en mati\u00e8re de design, la M\u00e9tropole de Lille a <a href=\"https:\/\/www.sustainable-everyday-project.net\/ville-collaborative\/entretien-avec-le-commissaire\/\" rel=\"nofollow\"><span class=\"sr-only\">Read more about Entretien avec le commissaire<\/span>[&hellip;]<\/a><\/p>\n","protected":false},"author":1,"featured_media":0,"parent":0,"menu_order":0,"comment_status":"closed","ping_status":"closed","template":"","meta":{"footnotes":""},"class_list":["post-3518","page","type-page","status-publish","hentry"],"_links":{"self":[{"href":"https:\/\/www.sustainable-everyday-project.net\/ville-collaborative\/wp-json\/wp\/v2\/pages\/3518","targetHints":{"allow":["GET"]}}],"collection":[{"href":"https:\/\/www.sustainable-everyday-project.net\/ville-collaborative\/wp-json\/wp\/v2\/pages"}],"about":[{"href":"https:\/\/www.sustainable-everyday-project.net\/ville-collaborative\/wp-json\/wp\/v2\/types\/page"}],"author":[{"embeddable":true,"href":"https:\/\/www.sustainable-everyday-project.net\/ville-collaborative\/wp-json\/wp\/v2\/users\/1"}],"replies":[{"embeddable":true,"href":"https:\/\/www.sustainable-everyday-project.net\/ville-collaborative\/wp-json\/wp\/v2\/comments?post=3518"}],"version-history":[{"count":21,"href":"https:\/\/www.sustainable-everyday-project.net\/ville-collaborative\/wp-json\/wp\/v2\/pages\/3518\/revisions"}],"predecessor-version":[{"id":3548,"href":"https:\/\/www.sustainable-everyday-project.net\/ville-collaborative\/wp-json\/wp\/v2\/pages\/3518\/revisions\/3548"}],"wp:attachment":[{"href":"https:\/\/www.sustainable-everyday-project.net\/ville-collaborative\/wp-json\/wp\/v2\/media?parent=3518"}],"curies":[{"name":"wp","href":"https:\/\/api.w.org\/{rel}","templated":true}]}}