{"id":3549,"date":"2020-08-05T12:42:26","date_gmt":"2020-08-05T12:42:26","guid":{"rendered":"http:\/\/www.sustainable-everyday-project.net\/ville-collaborative\/?page_id=3549"},"modified":"2020-08-06T09:35:40","modified_gmt":"2020-08-06T09:35:40","slug":"la-maison-poc-ville-collaborative","status":"publish","type":"page","link":"https:\/\/www.sustainable-everyday-project.net\/ville-collaborative\/la-maison-poc-ville-collaborative\/","title":{"rendered":"La Maison POC"},"content":{"rendered":"\n<div style=\"height:50px\" aria-hidden=\"true\" class=\"wp-block-spacer\"><\/div>\n\n\n\n<h2 class=\"has-text-align-center wp-block-heading\">La Maison POC Ville Collaborative<\/h2>\n\n\n\n<div style=\"height:50px\" aria-hidden=\"true\" class=\"wp-block-spacer\"><\/div>\n\n\n\n<div class=\"wp-block-media-text alignwide is-vertically-aligned-top is-image-fill\" style=\"grid-template-columns:48% auto\"><figure class=\"wp-block-media-text__media\" style=\"background-image:url(http:\/\/www.sustainable-everyday-project.net\/ville-collaborative\/files\/2020\/08\/Hot-EL_Conf\u00e9renceS\u00e9bastienJarry_AtelierElectriqueTourcoing-682x1024.jpg);background-position:50% 50%\"><img loading=\"lazy\" decoding=\"async\" width=\"682\" height=\"1024\" src=\"http:\/\/www.sustainable-everyday-project.net\/ville-collaborative\/files\/2020\/08\/Hot-EL_Conf\u00e9renceS\u00e9bastienJarry_AtelierElectriqueTourcoing-682x1024.jpg\" alt=\"\" class=\"wp-image-3550\" srcset=\"https:\/\/www.sustainable-everyday-project.net\/ville-collaborative\/files\/2020\/08\/Hot-EL_Conf\u00e9renceS\u00e9bastienJarry_AtelierElectriqueTourcoing-682x1024.jpg 682w, https:\/\/www.sustainable-everyday-project.net\/ville-collaborative\/files\/2020\/08\/Hot-EL_Conf\u00e9renceS\u00e9bastienJarry_AtelierElectriqueTourcoing-200x300.jpg 200w, https:\/\/www.sustainable-everyday-project.net\/ville-collaborative\/files\/2020\/08\/Hot-EL_Conf\u00e9renceS\u00e9bastienJarry_AtelierElectriqueTourcoing-768x1153.jpg 768w, https:\/\/www.sustainable-everyday-project.net\/ville-collaborative\/files\/2020\/08\/Hot-EL_Conf\u00e9renceS\u00e9bastienJarry_AtelierElectriqueTourcoing-1023x1536.jpg 1023w, https:\/\/www.sustainable-everyday-project.net\/ville-collaborative\/files\/2020\/08\/Hot-EL_Conf\u00e9renceS\u00e9bastienJarry_AtelierElectriqueTourcoing-1364x2048.jpg 1364w, https:\/\/www.sustainable-everyday-project.net\/ville-collaborative\/files\/2020\/08\/Hot-EL_Conf\u00e9renceS\u00e9bastienJarry_AtelierElectriqueTourcoing-scaled.jpg 1705w\" sizes=\"auto, (max-width: 682px) 100vw, 682px\" \/><\/figure><div class=\"wp-block-media-text__content\">\n<div style=\"height:30px\" aria-hidden=\"true\" class=\"wp-block-spacer\"><\/div>\n\n\n\n<p class=\"has-medium-font-size\"><strong>Preuves du futur<\/strong><\/p>\n\n\n\n<p><strong>Les POC sont des projets en exp\u00e9rimentation, c\u2019est l\u2019anticipation des possibles qui dessinent l\u2019avenir.&nbsp;&nbsp;<\/strong><\/p>\n\n\n\n<p>Faire un POC, une \u00ab&nbsp;proof of concept&nbsp;\u00bb ou preuve du concept c\u2019est mat\u00e9rialiser une id\u00e9e dans un scenario, une maquette ou un prototype, la concr\u00e9tiser suffisamment afin qu\u2019elle soit exp\u00e9rimentable, la confronter \u00e0 la r\u00e9alit\u00e9 des usages et des usagers tout en laissant encore ouverte la mani\u00e8re dont elle deviendra r\u00e9alit\u00e9. Cette mat\u00e9rialisation est une \u00ab hypoth\u00e8se concr\u00e8te \u00bb, une \u00ab anticipation de l\u2019avenir potentiel \u00bb et une fois confirm\u00e9e dans un POC elle devient une \u00ab preuve du futur \u00bb en devenir&#8230;<\/p>\n\n\n\n<div style=\"height:30px\" aria-hidden=\"true\" class=\"wp-block-spacer\"><\/div>\n\n\n\n<p class=\"has-medium-font-size\"><strong>Territoire en devenir<\/strong><\/p>\n\n\n\n<p><strong>Une centaine de POC d\u2019ici et d\u2019ailleurs pour d\u00e9tecter les nouvelles formes de collaboration dans la ville&nbsp;&nbsp;<\/strong><\/p>\n\n\n\n<p>Tous ensemble les POC activ\u00e9s par Lille M\u00e9tropole 2020, Capitale Mondiale du Design, sont autant d\u2019exp\u00e9rimentations de \u00ab&nbsp;visions en devenir&nbsp;\u00bb. Ils forment ce que la prospective appelle des signaux faibles d\u2019un avenir \u00e9mergent. Les POC d\u2019ici, du territoire de la M\u00e9tropole de Lille sont mis en r\u00e9sonnance avec les POC d\u2019ailleurs, d\u2019Europe et du monde pour \u00e9clairer les modes de faire et de vivre ensemble. La visite est une enqu\u00eate, un inventaire des nouvelles formes de partage, d\u2019entraide et de coop\u00e9ration dans la ville.<\/p>\n<\/div><\/div>\n\n\n\n<div style=\"height:50px\" aria-hidden=\"true\" class=\"wp-block-spacer\"><\/div>\n\n\n\n<p><strong>Une quinzaine de nouvelles formes de collaboration dans la ville \u00e9mergent regroup\u00e9es en 3 th\u00e9matiques&nbsp;:<\/strong><\/p>\n\n\n\n<figure class=\"wp-block-gallery columns-1 is-cropped wp-block-gallery-1 is-layout-flex wp-block-gallery-is-layout-flex\"><ul class=\"blocks-gallery-grid\"><li class=\"blocks-gallery-item\"><figure><a href=\"http:\/\/www.sustainable-everyday-project.net\/ville-collaborative\/files\/2020\/08\/Carte_th\u00e9matiqueFR-scaled.jpg\"><img loading=\"lazy\" decoding=\"async\" width=\"1024\" height=\"768\" src=\"http:\/\/www.sustainable-everyday-project.net\/ville-collaborative\/files\/2020\/08\/Carte_th\u00e9matiqueFR-1024x768.jpg\" alt=\"\" data-id=\"3667\" data-full-url=\"http:\/\/www.sustainable-everyday-project.net\/ville-collaborative\/files\/2020\/08\/Carte_th\u00e9matiqueFR-scaled.jpg\" data-link=\"http:\/\/www.sustainable-everyday-project.net\/ville-collaborative\/fr\/la-maison-poc-ville-collaborative\/carte_thematiquefr\/\" class=\"wp-image-3667\" srcset=\"https:\/\/www.sustainable-everyday-project.net\/ville-collaborative\/files\/2020\/08\/Carte_th\u00e9matiqueFR-1024x768.jpg 1024w, https:\/\/www.sustainable-everyday-project.net\/ville-collaborative\/files\/2020\/08\/Carte_th\u00e9matiqueFR-300x225.jpg 300w, https:\/\/www.sustainable-everyday-project.net\/ville-collaborative\/files\/2020\/08\/Carte_th\u00e9matiqueFR-768x576.jpg 768w, https:\/\/www.sustainable-everyday-project.net\/ville-collaborative\/files\/2020\/08\/Carte_th\u00e9matiqueFR-1536x1152.jpg 1536w, https:\/\/www.sustainable-everyday-project.net\/ville-collaborative\/files\/2020\/08\/Carte_th\u00e9matiqueFR-2048x1536.jpg 2048w, https:\/\/www.sustainable-everyday-project.net\/ville-collaborative\/files\/2020\/08\/Carte_th\u00e9matiqueFR-285x214.jpg 285w\" sizes=\"auto, (max-width: 1024px) 100vw, 1024px\" \/><\/a><\/figure><\/li><\/ul><\/figure>\n\n\n\n<h3 class=\"wp-block-heading\"><strong>Installer le \u00ab vivre ensemble \u00bb (comme un atout)<\/strong><\/h3>\n\n\n\n<p>La Ville Collaborative est une ville o\u00f9 des lieux, des infrastructures, des dispositifs\u2026 sont pens\u00e9s pour favoriser la&nbsp;rencontre entre des populations, des acteurs, des entit\u00e9s qui n\u2019ont pas l\u2019occasion de se retrouver ensemble.&nbsp;Pour pouvoir collaborer il faut se croiser, se retrouver, se familiariser, se conna\u00eetre&#8230;aujourd\u2019hui, le design doit inventer un \u00ab&nbsp;vivre ensemble&nbsp;\u00bb qui r\u00e9siste aux probl\u00e8mes \u00e9mergeants et contribue \u00e0 les r\u00e9sorber&#8230;<\/p>\n\n\n\n<div style=\"height:25px\" aria-hidden=\"true\" class=\"wp-block-spacer\"><\/div>\n\n\n\n<div class=\"wp-block-columns is-layout-flex wp-container-core-columns-is-layout-9d6595d7 wp-block-columns-is-layout-flex\">\n<div class=\"wp-block-column is-layout-flow wp-block-column-is-layout-flow\">\n<figure class=\"wp-block-gallery aligncenter columns-1 is-cropped wp-block-gallery-2 is-layout-flex wp-block-gallery-is-layout-flex\"><ul class=\"blocks-gallery-grid\"><li class=\"blocks-gallery-item\"><figure><img loading=\"lazy\" decoding=\"async\" width=\"1024\" height=\"683\" src=\"http:\/\/www.sustainable-everyday-project.net\/ville-collaborative\/files\/2020\/08\/lieu-convivialite-3-1-1024x683.jpg\" alt=\"\" data-id=\"3571\" data-full-url=\"http:\/\/www.sustainable-everyday-project.net\/ville-collaborative\/files\/2020\/08\/lieu-convivialite-3-1.jpg\" data-link=\"http:\/\/www.sustainable-everyday-project.net\/ville-collaborative\/?attachment_id=3571\" class=\"wp-image-3571\" srcset=\"https:\/\/www.sustainable-everyday-project.net\/ville-collaborative\/files\/2020\/08\/lieu-convivialite-3-1-1024x683.jpg 1024w, https:\/\/www.sustainable-everyday-project.net\/ville-collaborative\/files\/2020\/08\/lieu-convivialite-3-1-300x200.jpg 300w, https:\/\/www.sustainable-everyday-project.net\/ville-collaborative\/files\/2020\/08\/lieu-convivialite-3-1-768x512.jpg 768w, https:\/\/www.sustainable-everyday-project.net\/ville-collaborative\/files\/2020\/08\/lieu-convivialite-3-1-1536x1024.jpg 1536w, https:\/\/www.sustainable-everyday-project.net\/ville-collaborative\/files\/2020\/08\/lieu-convivialite-3-1-2048x1366.jpg 2048w, https:\/\/www.sustainable-everyday-project.net\/ville-collaborative\/files\/2020\/08\/lieu-convivialite-3-1-750x500.jpg 750w\" sizes=\"auto, (max-width: 1024px) 100vw, 1024px\" \/><figcaption class=\"blocks-gallery-item__caption\">\u00a9 IEM Dabbadie<\/figcaption><\/figure><\/li><\/ul><\/figure>\n<\/div>\n\n\n\n<div class=\"wp-block-column is-layout-flow wp-block-column-is-layout-flow\">\n<p><strong>Comme une grande maison de famille&nbsp;!<\/strong><strong><\/strong><\/p>\n\n\n\n<p class=\"has-small-font-size\">L\u2019Institut d\u2019\u00c9ducation Motrice Dabbadie cherche \u00e0 cr\u00e9er un lieu de rencontre entre le monde du handicap et le monde ordinaire.<\/p>\n\n\n\n<p class=\"has-small-font-size\">Espace de co-working, handifablab, r\u00e9sidences d\u2019artistes, lieu d\u2019exposition, restaurant, espace de s\u00e9minaire&#8230; \u00ab La Grande Maison \u00bb&nbsp;&nbsp;une ancienne maison de ma\u00eetre qui fait partie de l\u2019\u00e9tablissement exp\u00e9rimente des am\u00e9nagements \u00ab universels \u00bb favorisant le faire ensemble. L\u2019enjeu du design du lieu est de fluidifier l\u2019accueil, la rencontre et la collaboration entre tous les diff\u00e9rents publics et les 200 enfants en situation de handicap qu\u2019elle accueille.<\/p>\n<\/div>\n<\/div>\n\n\n\n<div style=\"height:50px\" aria-hidden=\"true\" class=\"wp-block-spacer\"><\/div>\n\n\n\n<h3 class=\"wp-block-heading\"><strong>Faciliter la collaboration (pour r\u00e9inventer le monde)<\/strong><\/h3>\n\n\n\n<p>Dans la Ville Collaborative les pratiques, les processus, les m\u00e9thodes aident \u00e0 croiser, \u00e0 conjuguer, \u00e0 retisser la soci\u00e9t\u00e9 et \u00e0 nous mettre en synergie. La collaboration ne va pas de soi, elle n\u00e9cessite de syst\u00e9matiser les rencontres, d\u2019outiller les \u00e9changes, de faciliter les interactions. (Aujourd\u2019hui plus que jamais, repenser une ville plus r\u00e9siliante aux crises n\u00e9cessite des approches de design collaboratif)&nbsp;<\/p>\n\n\n\n<div style=\"height:25px\" aria-hidden=\"true\" class=\"wp-block-spacer\"><\/div>\n\n\n\n<div class=\"wp-block-columns is-layout-flex wp-container-core-columns-is-layout-9d6595d7 wp-block-columns-is-layout-flex\">\n<div class=\"wp-block-column is-layout-flow wp-block-column-is-layout-flow\">\n<p><strong>Construire la ville avec les gens qui vivent l\u00e0&#8230;<\/strong><\/p>\n\n\n\n<p class=\"has-small-font-size\">Comment appr\u00e9hender diff\u00e9remment les politiques publiques d\u2019am\u00e9nagement du territoire avec les gens qui vivent l\u00e0 et tous ceux qui vont y venir, sans oublier personne&nbsp;?&nbsp;<\/p>\n\n\n\n<p class=\"has-small-font-size\">Pour le d\u00e9veloppement r\u00e9sidentiel projet\u00e9 \u00e0 l\u2019horizon 2040 sur le secteur de la De\u00fble, le Service planification urbaine de la M\u00e9tropole Europ\u00e9enne de Lille a imagin\u00e9 une d\u00e9marche \u00e0 l\u2019\u00e9coute d\u2019un grand territoire&nbsp;: organiser des ateliers de co-construction&nbsp;; r\u00e9unir des gens d\u2019horizons tr\u00e8s diff\u00e9rents&nbsp;; imaginer des solutions&nbsp;; maquetter et cartographier&#8230;<\/p>\n<\/div>\n\n\n\n<div class=\"wp-block-column is-layout-flow wp-block-column-is-layout-flow\">\n<figure class=\"wp-block-gallery aligncenter columns-1 is-cropped wp-block-gallery-3 is-layout-flex wp-block-gallery-is-layout-flex\"><ul class=\"blocks-gallery-grid\"><li class=\"blocks-gallery-item\"><figure><img loading=\"lazy\" decoding=\"async\" width=\"1024\" height=\"576\" src=\"http:\/\/www.sustainable-everyday-project.net\/ville-collaborative\/files\/2020\/08\/MEL_BORDS-DE-DEULE-10-1024x576.jpg\" alt=\"\" data-id=\"3573\" data-full-url=\"http:\/\/www.sustainable-everyday-project.net\/ville-collaborative\/files\/2020\/08\/MEL_BORDS-DE-DEULE-10.jpg\" data-link=\"http:\/\/www.sustainable-everyday-project.net\/ville-collaborative\/?attachment_id=3573\" class=\"wp-image-3573\" srcset=\"https:\/\/www.sustainable-everyday-project.net\/ville-collaborative\/files\/2020\/08\/MEL_BORDS-DE-DEULE-10-1024x576.jpg 1024w, https:\/\/www.sustainable-everyday-project.net\/ville-collaborative\/files\/2020\/08\/MEL_BORDS-DE-DEULE-10-300x169.jpg 300w, https:\/\/www.sustainable-everyday-project.net\/ville-collaborative\/files\/2020\/08\/MEL_BORDS-DE-DEULE-10-768x432.jpg 768w, https:\/\/www.sustainable-everyday-project.net\/ville-collaborative\/files\/2020\/08\/MEL_BORDS-DE-DEULE-10-1536x864.jpg 1536w, https:\/\/www.sustainable-everyday-project.net\/ville-collaborative\/files\/2020\/08\/MEL_BORDS-DE-DEULE-10.jpg 1920w\" sizes=\"auto, (max-width: 1024px) 100vw, 1024px\" \/><figcaption class=\"blocks-gallery-item__caption\">\u00a9 M\u00e9tropole Europ\u00e9enne de Lille<\/figcaption><\/figure><\/li><\/ul><\/figure>\n<\/div>\n<\/div>\n\n\n\n<div style=\"height:50px\" aria-hidden=\"true\" class=\"wp-block-spacer\"><\/div>\n\n\n\n<h3 class=\"wp-block-heading\"><strong>Produire (la r\u00e9silience) en commun<\/strong><\/h3>\n\n\n\n<p>Dans la Ville Collaborative les produits, les services, les politiques publiques sont con\u00e7us, \u00e9labor\u00e9s et d\u00e9velopp\u00e9s en commun. La collaboration permet plus d\u2019efficience, plus d\u2019int\u00e9gration, elle retisse les liens sociaux, favorise l\u2019inclusion, et permet de retrouver un \u00e9tat d\u2019\u00e9quilibre.<\/p>\n\n\n\n<div style=\"height:25px\" aria-hidden=\"true\" class=\"wp-block-spacer\"><\/div>\n\n\n\n<div class=\"wp-block-columns is-layout-flex wp-container-core-columns-is-layout-9d6595d7 wp-block-columns-is-layout-flex\">\n<div class=\"wp-block-column is-layout-flow wp-block-column-is-layout-flow\">\n<figure class=\"wp-block-gallery aligncenter columns-1 is-cropped wp-block-gallery-4 is-layout-flex wp-block-gallery-is-layout-flex\"><ul class=\"blocks-gallery-grid\"><li class=\"blocks-gallery-item\"><figure><img loading=\"lazy\" decoding=\"async\" width=\"1024\" height=\"684\" src=\"http:\/\/www.sustainable-everyday-project.net\/ville-collaborative\/files\/2020\/08\/trio-1-1024x684.jpg\" alt=\"\" data-id=\"3575\" data-full-url=\"http:\/\/www.sustainable-everyday-project.net\/ville-collaborative\/files\/2020\/08\/trio-1-scaled.jpg\" data-link=\"http:\/\/www.sustainable-everyday-project.net\/ville-collaborative\/?attachment_id=3575\" class=\"wp-image-3575\" srcset=\"https:\/\/www.sustainable-everyday-project.net\/ville-collaborative\/files\/2020\/08\/trio-1-1024x684.jpg 1024w, https:\/\/www.sustainable-everyday-project.net\/ville-collaborative\/files\/2020\/08\/trio-1-300x200.jpg 300w, https:\/\/www.sustainable-everyday-project.net\/ville-collaborative\/files\/2020\/08\/trio-1-768x513.jpg 768w, https:\/\/www.sustainable-everyday-project.net\/ville-collaborative\/files\/2020\/08\/trio-1-1536x1026.jpg 1536w, https:\/\/www.sustainable-everyday-project.net\/ville-collaborative\/files\/2020\/08\/trio-1-2048x1368.jpg 2048w, https:\/\/www.sustainable-everyday-project.net\/ville-collaborative\/files\/2020\/08\/trio-1-750x500.jpg 750w\" sizes=\"auto, (max-width: 1024px) 100vw, 1024px\" \/><figcaption class=\"blocks-gallery-item__caption\">\u00a9 Marc Mounier-Kuhn<\/figcaption><\/figure><\/li><\/ul><\/figure>\n<\/div>\n\n\n\n<div class=\"wp-block-column is-layout-flow wp-block-column-is-layout-flow\">\n<p><strong>Le collectif au c\u0153ur des projets immobiliers&#8230;<\/strong><\/p>\n\n\n\n<p class=\"has-small-font-size\">La construction de nouveaux logements sur le site Brunel dans le quartier de Lille Fives explore comment faire collaborer le collectif de riverains BW Friches et l\u2019op\u00e9rateur immobilier 3F Nord-Artois \u00e0 toutes les \u00e9tapes du projet&nbsp;: r\u00e9daction du cahier des charges, choix du bailleur social, s\u00e9lection de l\u2019architecte et du paysagiste, chaque habitant a eu son mot \u00e0 dire dans le choix du nom, de toitures v\u00e9g\u00e9talis\u00e9es et abris \u00e0 v\u00e9lo, dans la r\u00e9flexion autour des services et des espaces partag\u00e9s. Un collage, sur la fa\u00e7ade de la friche industrielle, de portraits g\u00e9ants d\u2019habitants et d\u2019habitantes r\u00e9alis\u00e9s par le photographe Marc Mounier-Kuhn appuie la d\u00e9marche&#8230;<\/p>\n<\/div>\n<\/div>\n\n\n\n<div style=\"height:100px\" aria-hidden=\"true\" class=\"wp-block-spacer\"><\/div>\n","protected":false},"excerpt":{"rendered":"<p>La Maison POC Ville Collaborative Une quinzaine de nouvelles formes de collaboration dans la ville \u00e9mergent regroup\u00e9es en 3 th\u00e9matiques&nbsp;: Installer le \u00ab vivre ensemble \u00bb (comme un atout) La Ville Collaborative est une ville o\u00f9 des lieux, des infrastructures, des dispositifs\u2026 sont pens\u00e9s pour favoriser la&nbsp;rencontre entre des populations, des acteurs, des entit\u00e9s qui <a href=\"https:\/\/www.sustainable-everyday-project.net\/ville-collaborative\/la-maison-poc-ville-collaborative\/\" rel=\"nofollow\"><span class=\"sr-only\">Read more about La Maison POC<\/span>[&hellip;]<\/a><\/p>\n","protected":false},"author":1,"featured_media":0,"parent":0,"menu_order":0,"comment_status":"closed","ping_status":"closed","template":"","meta":{"footnotes":""},"class_list":["post-3549","page","type-page","status-publish","hentry"],"_links":{"self":[{"href":"https:\/\/www.sustainable-everyday-project.net\/ville-collaborative\/wp-json\/wp\/v2\/pages\/3549","targetHints":{"allow":["GET"]}}],"collection":[{"href":"https:\/\/www.sustainable-everyday-project.net\/ville-collaborative\/wp-json\/wp\/v2\/pages"}],"about":[{"href":"https:\/\/www.sustainable-everyday-project.net\/ville-collaborative\/wp-json\/wp\/v2\/types\/page"}],"author":[{"embeddable":true,"href":"https:\/\/www.sustainable-everyday-project.net\/ville-collaborative\/wp-json\/wp\/v2\/users\/1"}],"replies":[{"embeddable":true,"href":"https:\/\/www.sustainable-everyday-project.net\/ville-collaborative\/wp-json\/wp\/v2\/comments?post=3549"}],"version-history":[{"count":25,"href":"https:\/\/www.sustainable-everyday-project.net\/ville-collaborative\/wp-json\/wp\/v2\/pages\/3549\/revisions"}],"predecessor-version":[{"id":3674,"href":"https:\/\/www.sustainable-everyday-project.net\/ville-collaborative\/wp-json\/wp\/v2\/pages\/3549\/revisions\/3674"}],"wp:attachment":[{"href":"https:\/\/www.sustainable-everyday-project.net\/ville-collaborative\/wp-json\/wp\/v2\/media?parent=3549"}],"curies":[{"name":"wp","href":"https:\/\/api.w.org\/{rel}","templated":true}]}}