{"id":3578,"date":"2020-08-05T13:33:06","date_gmt":"2020-08-05T13:33:06","guid":{"rendered":"http:\/\/www.sustainable-everyday-project.net\/ville-collaborative\/?page_id=3578"},"modified":"2020-08-06T10:44:14","modified_gmt":"2020-08-06T10:44:14","slug":"parcours-de-lexposition","status":"publish","type":"page","link":"https:\/\/www.sustainable-everyday-project.net\/ville-collaborative\/parcours-de-lexposition\/","title":{"rendered":"Parcours de l&rsquo;exposition"},"content":{"rendered":"\n<div style=\"height:50px\" aria-hidden=\"true\" class=\"wp-block-spacer\"><\/div>\n\n\n\n<h2 class=\"has-text-align-center wp-block-heading\">Parcours de l&rsquo;exposition<\/h2>\n\n\n\n<div style=\"height:50px\" aria-hidden=\"true\" class=\"wp-block-spacer\"><\/div>\n\n\n\n<h3 class=\"wp-block-heading\"><strong>R\u00e9p\u00e9tition g\u00e9n\u00e9rale<\/strong><\/h3>\n\n\n\n<div style=\"height:25px\" aria-hidden=\"true\" class=\"wp-block-spacer\"><\/div>\n\n\n\n<p>La Maison POC est une invitation \u00e0 parcourir le spectacle de la ville collaborative en pr\u00e9paration&nbsp;<\/p>\n\n\n\n<p class=\"has-small-font-size\">La Maison POC Ville Collaborative met en sc\u00e8ne un grand chantier de design \u00e0 explorer&nbsp;: comment&nbsp;la collaboration \u00e9merge, comment les habitants exp\u00e9rimentent des nouvelles mani\u00e8res de vivre ensemble, comment la ville s\u2019invente et se construit plus collectivement. Elle est comme une salle de&nbsp;spectacle \u00ab en r\u00e9glage \u00bb&nbsp;: les POC sont encore en gestation. Ils se pr\u00e9parent \u00e0 monter sur sc\u00e8ne, \u00e0 \u00ab faire leurs preuves \u00bb. Dans ses coulisses, la p\u00e9nombre, sous les projecteurs&#8230; tout est en pr\u00e9paration, tout est encore possible&#8230;<\/p>\n\n\n\n<p>Les visiteurs seront accueillis en respect des normes sanitaires en vigueur d\u00e9but septembre et invit\u00e9 \u00e0 un parcours en 6 sections&nbsp;:&nbsp;<\/p>\n\n\n\n<div style=\"height:25px\" aria-hidden=\"true\" class=\"wp-block-spacer\"><\/div>\n\n\n\n<figure class=\"wp-block-gallery aligncenter columns-1 is-cropped wp-block-gallery-1 is-layout-flex wp-block-gallery-is-layout-flex\"><ul class=\"blocks-gallery-grid\"><li class=\"blocks-gallery-item\"><figure><img loading=\"lazy\" decoding=\"async\" width=\"1024\" height=\"574\" src=\"http:\/\/www.sustainable-everyday-project.net\/ville-collaborative\/files\/2020\/08\/Acteur.trice_.s1-1024x574.png\" alt=\"\" data-id=\"3581\" data-full-url=\"http:\/\/www.sustainable-everyday-project.net\/ville-collaborative\/files\/2020\/08\/Acteur.trice_.s1.png\" data-link=\"http:\/\/www.sustainable-everyday-project.net\/ville-collaborative\/?attachment_id=3581\" class=\"wp-image-3581\" srcset=\"https:\/\/www.sustainable-everyday-project.net\/ville-collaborative\/files\/2020\/08\/Acteur.trice_.s1-1024x574.png 1024w, https:\/\/www.sustainable-everyday-project.net\/ville-collaborative\/files\/2020\/08\/Acteur.trice_.s1-300x168.png 300w, https:\/\/www.sustainable-everyday-project.net\/ville-collaborative\/files\/2020\/08\/Acteur.trice_.s1-768x431.png 768w, https:\/\/www.sustainable-everyday-project.net\/ville-collaborative\/files\/2020\/08\/Acteur.trice_.s1-1536x861.png 1536w, https:\/\/www.sustainable-everyday-project.net\/ville-collaborative\/files\/2020\/08\/Acteur.trice_.s1-2048x1148.png 2048w\" sizes=\"auto, (max-width: 1024px) 100vw, 1024px\" \/><figcaption class=\"blocks-gallery-item__caption\">\u00a9 Maison POC Ville Collaborative<\/figcaption><\/figure><\/li><\/ul><\/figure>\n\n\n\n<div style=\"height:50px\" aria-hidden=\"true\" class=\"wp-block-spacer\"><\/div>\n\n\n\n<div class=\"wp-block-columns is-layout-flex wp-container-core-columns-is-layout-9d6595d7 wp-block-columns-is-layout-flex\">\n<div class=\"wp-block-column is-layout-flow wp-block-column-is-layout-flow\">\n<p><strong>#1 SPECTACLES DE DESIGN&nbsp;<\/strong><\/p>\n\n\n\n<p>Le design dans la ville collaborative mis en sc\u00e8ne par des r\u00e9cits, des t\u00e9moignages, des histoires.&nbsp;&nbsp;<\/p>\n\n\n\n<p class=\"has-small-font-size\">Le r\u00f4le du design collaboratif est de mixer les alt\u00e9rit\u00e9s, croiser les flux, inventer les convergences, adresser l\u2019int\u00e9r\u00eat g\u00e9n\u00e9ral&#8230; Les processus de projet, de d\u00e9lib\u00e9ration citoyenne, de co-construction entre acteurs sont aussi importants que les r\u00e9sultats. La Maison Ville Collaborative emprunte les formes du spectacle de rue, du th\u00e9\u00e2tre forum, de la performance pour mieux raconter la valeur de ce design qui \u00e9coute les gens, collecte des t\u00e9moignages, re questionne la demande, met les id\u00e9es en r\u00e9cits, communique les solutions \u00e0 travers des histoires.&nbsp;<\/p>\n<\/div>\n\n\n\n<div class=\"wp-block-column is-layout-flow wp-block-column-is-layout-flow\">\n<p><strong>#2 DESIGN A HAUTES QUALIT\u00c9S D\u00c9MOCRATIQUES<\/strong><\/p>\n\n\n\n<p>Les valeurs et les outils pour un design participatif, inclusif, soutenable, r\u00e9silient.&nbsp;&nbsp;&nbsp;<\/p>\n\n\n\n<p class=\"has-small-font-size\">Au-del\u00e0 d\u2019une question de politique, de d\u00e9bat d&rsquo;id\u00e9es, de gouvernance, la d\u00e9mocratie se cache aussi dans les replis de notre quotidien. Le design des produits et les services que nous utilisons dans la vie de tous les jours peut favoriser l\u2019\u00e9coute mutuelle, susciter des croisements atypiques, augmenter la socio-diversit\u00e9, outiller les \u00e9changes, cr\u00e9er des synergies, favoriser l\u2019inclusion et in fine contribuer \u00e0 renforcer la d\u00e9mocratie dans notre soci\u00e9t\u00e9.<\/p>\n\n\n\n<div style=\"height:50px\" aria-hidden=\"true\" class=\"wp-block-spacer\"><\/div>\n<\/div>\n<\/div>\n\n\n\n<div class=\"wp-block-columns is-layout-flex wp-container-core-columns-is-layout-9d6595d7 wp-block-columns-is-layout-flex\">\n<div class=\"wp-block-column is-layout-flow wp-block-column-is-layout-flow\">\n<figure class=\"wp-block-gallery aligncenter columns-1 is-cropped wp-block-gallery-2 is-layout-flex wp-block-gallery-is-layout-flex\"><ul class=\"blocks-gallery-grid\"><li class=\"blocks-gallery-item\"><figure><img loading=\"lazy\" decoding=\"async\" width=\"1024\" height=\"574\" src=\"http:\/\/www.sustainable-everyday-project.net\/ville-collaborative\/files\/2020\/08\/Sectioopn-3-1024x574.png\" alt=\"\" data-id=\"3582\" data-full-url=\"http:\/\/www.sustainable-everyday-project.net\/ville-collaborative\/files\/2020\/08\/Sectioopn-3.png\" data-link=\"http:\/\/www.sustainable-everyday-project.net\/ville-collaborative\/?attachment_id=3582\" class=\"wp-image-3582\" srcset=\"https:\/\/www.sustainable-everyday-project.net\/ville-collaborative\/files\/2020\/08\/Sectioopn-3-1024x574.png 1024w, https:\/\/www.sustainable-everyday-project.net\/ville-collaborative\/files\/2020\/08\/Sectioopn-3-300x168.png 300w, https:\/\/www.sustainable-everyday-project.net\/ville-collaborative\/files\/2020\/08\/Sectioopn-3-768x430.png 768w, https:\/\/www.sustainable-everyday-project.net\/ville-collaborative\/files\/2020\/08\/Sectioopn-3-1536x861.png 1536w, https:\/\/www.sustainable-everyday-project.net\/ville-collaborative\/files\/2020\/08\/Sectioopn-3-2048x1148.png 2048w\" sizes=\"auto, (max-width: 1024px) 100vw, 1024px\" \/><figcaption class=\"blocks-gallery-item__caption\">\u00a9 Maison POC Ville Collaborative<\/figcaption><\/figure><\/li><\/ul><\/figure>\n<\/div>\n\n\n\n<div class=\"wp-block-column is-layout-flow wp-block-column-is-layout-flow\">\n<p><strong>#3 REGARDER DE LOIN ET AU LOIN&nbsp;<\/strong><\/p>\n\n\n\n<p>Peut-on transf\u00e9rer les pratiques d\u2019une ville \u00e0 une autre&nbsp;? Les exp\u00e9rimentations du design peuvent-elles inspirer les acteurs sur le terrain&nbsp;?&nbsp;<\/p>\n\n\n\n<p class=\"has-small-font-size\">Pour montrer comment les villes peuvent \u00eatre collaboratives, la Maison POC accueille des projets d\u2019autres villes europ\u00e9ennes des r\u00e9seaux URBACT qui organisent l\u2019\u00e9change de pratiques durables et l\u2019inspiration mutuelles entre villes europ\u00e9ennes. Elle accueille aussi une s\u00e9lection de projets de recherche des \u00e9coles et universit\u00e9s du r\u00e9seau DESIS du design pour l\u2019innovation sociale et le d\u00e9veloppement durable qui explorent comment la ville collaborative se r\u00e9invente apr\u00e8s la pand\u00e9mie. Ces projets d\u2019ici et d\u2019ailleurs r\u00e9sonnent ensemble, se renforcent, sugg\u00e8rent autant de tendances en \u00e9mergence.<\/p>\n<\/div>\n<\/div>\n\n\n\n<div class=\"wp-block-columns is-layout-flex wp-container-core-columns-is-layout-9d6595d7 wp-block-columns-is-layout-flex\">\n<div class=\"wp-block-column is-layout-flow wp-block-column-is-layout-flow\">\n<p><strong>#4 RIEN POUR MOI SANS MOI&nbsp;!<\/strong><\/p>\n\n\n\n<p>Collectivit\u00e9s locales, entreprises, soci\u00e9t\u00e9 civile exp\u00e9rimentent la co-cr\u00e9ation par le design&nbsp;<\/p>\n\n\n\n<p class=\"has-small-font-size\">Les processus de conception participative impliquant tous les acteurs concern\u00e9s, caract\u00e9ristiques des approches de design deviennent monnaie courante dans les projets tant pour les acteurs publics que priv\u00e9s ou citoyens&nbsp;: rien qui me concerne ne doit \u00eatre fait sans m\u2019impliquer ! Cette \u00e9volution g\u00e9n\u00e9ralis\u00e9e de la mani\u00e8re de faire les projets \u00e9merge dans l\u2019\u00e9chantillon d\u2019une centaine de POC de la Maison Ville Collaborative. Elle contraste avec des pratiques trop souvent \u00e9pingl\u00e9es comme descendantes, des processus hi\u00e9rarchiques en surplomb coup\u00e9s des parties prenantes et d\u00e9connect\u00e9s des usagers finaux !<\/p>\n<\/div>\n\n\n\n<div class=\"wp-block-column is-layout-flow wp-block-column-is-layout-flow\">\n<figure class=\"wp-block-gallery columns-1 is-cropped wp-block-gallery-3 is-layout-flex wp-block-gallery-is-layout-flex\"><ul class=\"blocks-gallery-grid\"><li class=\"blocks-gallery-item\"><figure><img loading=\"lazy\" decoding=\"async\" width=\"1024\" height=\"574\" src=\"http:\/\/www.sustainable-everyday-project.net\/ville-collaborative\/files\/2020\/08\/NICE-2035-LIVING-LINE-1024x574.png\" alt=\"\" data-id=\"3583\" data-full-url=\"http:\/\/www.sustainable-everyday-project.net\/ville-collaborative\/files\/2020\/08\/NICE-2035-LIVING-LINE.png\" data-link=\"http:\/\/www.sustainable-everyday-project.net\/ville-collaborative\/?attachment_id=3583\" class=\"wp-image-3583\" srcset=\"https:\/\/www.sustainable-everyday-project.net\/ville-collaborative\/files\/2020\/08\/NICE-2035-LIVING-LINE-1024x574.png 1024w, https:\/\/www.sustainable-everyday-project.net\/ville-collaborative\/files\/2020\/08\/NICE-2035-LIVING-LINE-300x168.png 300w, https:\/\/www.sustainable-everyday-project.net\/ville-collaborative\/files\/2020\/08\/NICE-2035-LIVING-LINE-768x431.png 768w, https:\/\/www.sustainable-everyday-project.net\/ville-collaborative\/files\/2020\/08\/NICE-2035-LIVING-LINE-1536x862.png 1536w, https:\/\/www.sustainable-everyday-project.net\/ville-collaborative\/files\/2020\/08\/NICE-2035-LIVING-LINE-2048x1149.png 2048w\" sizes=\"auto, (max-width: 1024px) 100vw, 1024px\" \/><figcaption class=\"blocks-gallery-item__caption\">&nbsp;&nbsp;\u00a9 Tonji University<\/figcaption><\/figure><\/li><\/ul><\/figure>\n\n\n\n<p class=\"has-background has-small-font-size has-luminous-vivid-amber-background-color\"><strong>NICE 2035 LIVING LINE<\/strong> &#8230;\u00e0 Shanghai, l\u2019universit\u00e9 de Tonji a install\u00e9 un campus de design hors les murs.&nbsp;La \u00ab&nbsp;prototype street&nbsp;\u00bb dans la quartier populaire de Siping est une rue enti\u00e8re accueillant des locaux de l\u2019universit\u00e9 mais aussi d\u2019acteurs priv\u00e9s qui travaillent avec la population alentour pour co-\u00e9laborer, prototyper et tester des nouveaux produits et services.<\/p>\n<\/div>\n<\/div>\n\n\n\n<div class=\"wp-block-columns is-layout-flex wp-container-core-columns-is-layout-9d6595d7 wp-block-columns-is-layout-flex\">\n<div class=\"wp-block-column is-layout-flow wp-block-column-is-layout-flow\">\n<figure class=\"wp-block-gallery aligncenter columns-1 is-cropped wp-block-gallery-4 is-layout-flex wp-block-gallery-is-layout-flex\"><ul class=\"blocks-gallery-grid\"><li class=\"blocks-gallery-item\"><figure><img loading=\"lazy\" decoding=\"async\" width=\"1024\" height=\"572\" src=\"http:\/\/www.sustainable-everyday-project.net\/ville-collaborative\/files\/2020\/08\/Section-5-1024x572.png\" alt=\"\" data-id=\"3593\" data-full-url=\"http:\/\/www.sustainable-everyday-project.net\/ville-collaborative\/files\/2020\/08\/Section-5.png\" data-link=\"http:\/\/www.sustainable-everyday-project.net\/ville-collaborative\/?attachment_id=3593\" class=\"wp-image-3593\" srcset=\"https:\/\/www.sustainable-everyday-project.net\/ville-collaborative\/files\/2020\/08\/Section-5-1024x572.png 1024w, https:\/\/www.sustainable-everyday-project.net\/ville-collaborative\/files\/2020\/08\/Section-5-300x168.png 300w, https:\/\/www.sustainable-everyday-project.net\/ville-collaborative\/files\/2020\/08\/Section-5-768x429.png 768w, https:\/\/www.sustainable-everyday-project.net\/ville-collaborative\/files\/2020\/08\/Section-5-1536x859.png 1536w, https:\/\/www.sustainable-everyday-project.net\/ville-collaborative\/files\/2020\/08\/Section-5-2048x1145.png 2048w\" sizes=\"auto, (max-width: 1024px) 100vw, 1024px\" \/><figcaption class=\"blocks-gallery-item__caption\">&nbsp;&nbsp;\u00a9 Maison POC Ville Collaborative<\/figcaption><\/figure><\/li><\/ul><\/figure>\n<\/div>\n\n\n\n<div class=\"wp-block-column is-layout-flow wp-block-column-is-layout-flow\">\n<p><strong>#5 FAIRE SOCI\u00c9T\u00c9<\/strong><\/p>\n\n\n\n<p>Une maquette pour se projeter au quotidien dans une ville plus collaborative&nbsp;<\/p>\n\n\n\n<p class=\"has-small-font-size\">Les POC d\u2019ici et d\u2019ailleurs sont autant de stimulations pour la transformation de nos soci\u00e9t\u00e9s en mal de visions inspirantes. La Maison&nbsp;<em>Ville Collaborative<\/em>invite chacun \u00e0 questionner son propre mode de vie, \u00e0 \u00ab&nbsp;faire son march\u00e9&nbsp;\u00bb dans les multiples POC, \u00e0 choisir des solutions durables et inclusives et \u00e0 imaginer son propre mode de vie. En se projetant dans la maquette, le visiteur fait sa propre&nbsp;preuve de concept&nbsp;:&nbsp;<em>\u00ab&nbsp;A quoi ressemblerait ma vie si ma ville \u00e9tait plus collaborative&nbsp;?&nbsp;\u00bb<\/em><\/p>\n<\/div>\n<\/div>\n\n\n\n<div style=\"height:25px\" aria-hidden=\"true\" class=\"wp-block-spacer\"><\/div>\n\n\n\n<div class=\"wp-block-columns is-layout-flex wp-container-core-columns-is-layout-9d6595d7 wp-block-columns-is-layout-flex\">\n<div class=\"wp-block-column is-layout-flow wp-block-column-is-layout-flow\">\n<p><strong>#6 REMETTRE LE COLLECTIF AU CENTRE<\/strong><\/p>\n\n\n\n<p>(R\u00e9)inventer la collaboration dans la ville au-del\u00e0 de la distanciation sociale<\/p>\n\n\n\n<p class=\"has-small-font-size\">La crise sanitaire interroge brutalement la collaboration : l\u2019autre est un danger potentiel, l\u2019entraide ne d\u00e9passe pas le m\u00e8tre cinquante r\u00e9glementaire, la distance sociale emp\u00eache de faire soci\u00e9t\u00e9&#8230; Des voix du monde entier interrompent le visiteur dans son parcours solitaire pour le remettre dans le collectif. Elles interrogent l\u2019urgence de la crise, la transition vers une nouvelle normalit\u00e9. Elles conjuguent les initiatives, les projets, les sc\u00e9narios de villes plus r\u00e9silientes et durables dont la crise affirme l\u2019urgence. Et elles d\u00e9cryptent comment les imp\u00e9ratifs de l\u2019urgence ouvrent peut-\u00eatre aussi de nouvelles perspectives enthousiasmantes.<\/p>\n<\/div>\n\n\n\n<div class=\"wp-block-column is-layout-flow wp-block-column-is-layout-flow\">\n<figure class=\"wp-block-gallery columns-1 is-cropped wp-block-gallery-5 is-layout-flex wp-block-gallery-is-layout-flex\"><ul class=\"blocks-gallery-grid\"><li class=\"blocks-gallery-item\"><figure><img loading=\"lazy\" decoding=\"async\" width=\"906\" height=\"680\" src=\"http:\/\/www.sustainable-everyday-project.net\/ville-collaborative\/files\/2020\/08\/image-3.png\" alt=\"\" data-id=\"3616\" data-full-url=\"http:\/\/www.sustainable-everyday-project.net\/ville-collaborative\/files\/2020\/08\/image-3.png\" data-link=\"http:\/\/www.sustainable-everyday-project.net\/ville-collaborative\/?attachment_id=3616\" class=\"wp-image-3616\" srcset=\"https:\/\/www.sustainable-everyday-project.net\/ville-collaborative\/files\/2020\/08\/image-3.png 906w, https:\/\/www.sustainable-everyday-project.net\/ville-collaborative\/files\/2020\/08\/image-3-300x225.png 300w, https:\/\/www.sustainable-everyday-project.net\/ville-collaborative\/files\/2020\/08\/image-3-768x576.png 768w, https:\/\/www.sustainable-everyday-project.net\/ville-collaborative\/files\/2020\/08\/image-3-285x214.png 285w\" sizes=\"auto, (max-width: 906px) 100vw, 906px\" \/><figcaption class=\"blocks-gallery-item__caption\"><strong>&nbsp;<\/strong>&nbsp;\u00a9 Nicolas Lee<\/figcaption><\/figure><\/li><\/ul><\/figure>\n<\/div>\n<\/div>\n","protected":false},"excerpt":{"rendered":"<p>Parcours de l&rsquo;exposition R\u00e9p\u00e9tition g\u00e9n\u00e9rale La Maison POC est une invitation \u00e0 parcourir le spectacle de la ville collaborative en pr\u00e9paration&nbsp; La Maison POC Ville Collaborative met en sc\u00e8ne un grand chantier de design \u00e0 explorer&nbsp;: comment&nbsp;la collaboration \u00e9merge, comment les habitants exp\u00e9rimentent des nouvelles mani\u00e8res de vivre ensemble, comment la ville s\u2019invente et se <a href=\"https:\/\/www.sustainable-everyday-project.net\/ville-collaborative\/parcours-de-lexposition\/\" rel=\"nofollow\"><span class=\"sr-only\">Read more about Parcours de l&rsquo;exposition<\/span>[&hellip;]<\/a><\/p>\n","protected":false},"author":1,"featured_media":0,"parent":0,"menu_order":0,"comment_status":"closed","ping_status":"closed","template":"","meta":{"footnotes":""},"class_list":["post-3578","page","type-page","status-publish","hentry"],"_links":{"self":[{"href":"https:\/\/www.sustainable-everyday-project.net\/ville-collaborative\/wp-json\/wp\/v2\/pages\/3578","targetHints":{"allow":["GET"]}}],"collection":[{"href":"https:\/\/www.sustainable-everyday-project.net\/ville-collaborative\/wp-json\/wp\/v2\/pages"}],"about":[{"href":"https:\/\/www.sustainable-everyday-project.net\/ville-collaborative\/wp-json\/wp\/v2\/types\/page"}],"author":[{"embeddable":true,"href":"https:\/\/www.sustainable-everyday-project.net\/ville-collaborative\/wp-json\/wp\/v2\/users\/1"}],"replies":[{"embeddable":true,"href":"https:\/\/www.sustainable-everyday-project.net\/ville-collaborative\/wp-json\/wp\/v2\/comments?post=3578"}],"version-history":[{"count":34,"href":"https:\/\/www.sustainable-everyday-project.net\/ville-collaborative\/wp-json\/wp\/v2\/pages\/3578\/revisions"}],"predecessor-version":[{"id":3678,"href":"https:\/\/www.sustainable-everyday-project.net\/ville-collaborative\/wp-json\/wp\/v2\/pages\/3578\/revisions\/3678"}],"wp:attachment":[{"href":"https:\/\/www.sustainable-everyday-project.net\/ville-collaborative\/wp-json\/wp\/v2\/media?parent=3578"}],"curies":[{"name":"wp","href":"https:\/\/api.w.org\/{rel}","templated":true}]}}