{"id":3619,"date":"2020-08-05T13:58:36","date_gmt":"2020-08-05T13:58:36","guid":{"rendered":"http:\/\/www.sustainable-everyday-project.net\/ville-collaborative\/?page_id=3619"},"modified":"2020-08-06T11:19:09","modified_gmt":"2020-08-06T11:19:09","slug":"poc-dailleurs","status":"publish","type":"page","link":"https:\/\/www.sustainable-everyday-project.net\/ville-collaborative\/poc-dailleurs\/","title":{"rendered":"POC d&rsquo;ailleurs"},"content":{"rendered":"\n<div style=\"height:50px\" aria-hidden=\"true\" class=\"wp-block-spacer\"><\/div>\n\n\n\n<h2 class=\"has-text-align-center wp-block-heading\">POC d&rsquo;ailleurs<\/h2>\n\n\n\n<div style=\"height:50px\" aria-hidden=\"true\" class=\"wp-block-spacer\"><\/div>\n\n\n\n<p><strong>Les projets du territoire de la M\u00e9tropole Europ\u00e9enne de Lille sont invit\u00e9s \u00e0 dialoguer avec les projet d\u2019\u00e9coles et universit\u00e9s de design du monde entier<\/strong>.<\/p>\n\n\n\n<div style=\"height:25px\" aria-hidden=\"true\" class=\"wp-block-spacer\"><\/div>\n\n\n\n<h3 class=\"wp-block-heading\"><strong>Design post-pand\u00e9mie<\/strong><\/h3>\n\n\n\n<p>Une quinzaine de labos du r\u00e9seau international DESIS (Design pour l\u2019innovation sociale et le d\u00e9veloppement durable) font \u00e9chos aux POC pour mobiliser les ressources dans l\u2019urgence, pour repenser l\u2019espace public et la vie sociale en distanciation, pour inventer des nouveaux mix entre pr\u00e9sentiel et en ligne&#8230;<\/p>\n\n\n\n<div style=\"height:25px\" aria-hidden=\"true\" class=\"wp-block-spacer\"><\/div>\n\n\n\n<div class=\"wp-block-columns is-layout-flex wp-container-core-columns-is-layout-9d6595d7 wp-block-columns-is-layout-flex\">\n<div class=\"wp-block-column is-layout-flow wp-block-column-is-layout-flow\">\n<div style=\"height:50px\" aria-hidden=\"true\" class=\"wp-block-spacer\"><\/div>\n\n\n\n<figure class=\"wp-block-gallery aligncenter columns-1 is-cropped wp-block-gallery-1 is-layout-flex wp-block-gallery-is-layout-flex\"><ul class=\"blocks-gallery-grid\"><li class=\"blocks-gallery-item\"><figure><img loading=\"lazy\" decoding=\"async\" width=\"1024\" height=\"683\" src=\"http:\/\/www.sustainable-everyday-project.net\/ville-collaborative\/files\/2020\/08\/02_Curious_Timeline_MyNeighbourhoodProject_2019-1024x683.jpg\" alt=\"\" data-id=\"3620\" data-full-url=\"http:\/\/www.sustainable-everyday-project.net\/ville-collaborative\/files\/2020\/08\/02_Curious_Timeline_MyNeighbourhoodProject_2019-scaled.jpg\" data-link=\"http:\/\/www.sustainable-everyday-project.net\/ville-collaborative\/?attachment_id=3620\" class=\"wp-image-3620\" srcset=\"https:\/\/www.sustainable-everyday-project.net\/ville-collaborative\/files\/2020\/08\/02_Curious_Timeline_MyNeighbourhoodProject_2019-1024x683.jpg 1024w, https:\/\/www.sustainable-everyday-project.net\/ville-collaborative\/files\/2020\/08\/02_Curious_Timeline_MyNeighbourhoodProject_2019-300x200.jpg 300w, https:\/\/www.sustainable-everyday-project.net\/ville-collaborative\/files\/2020\/08\/02_Curious_Timeline_MyNeighbourhoodProject_2019-768x512.jpg 768w, https:\/\/www.sustainable-everyday-project.net\/ville-collaborative\/files\/2020\/08\/02_Curious_Timeline_MyNeighbourhoodProject_2019-1536x1024.jpg 1536w, https:\/\/www.sustainable-everyday-project.net\/ville-collaborative\/files\/2020\/08\/02_Curious_Timeline_MyNeighbourhoodProject_2019-2048x1365.jpg 2048w, https:\/\/www.sustainable-everyday-project.net\/ville-collaborative\/files\/2020\/08\/02_Curious_Timeline_MyNeighbourhoodProject_2019-750x500.jpg 750w\" sizes=\"auto, (max-width: 1024px) 100vw, 1024px\" \/><figcaption class=\"blocks-gallery-item__caption\">\u00a9&nbsp;Rio Desis Lab, UFRJ<\/figcaption><\/figure><\/li><\/ul><\/figure>\n<\/div>\n\n\n\n<div class=\"wp-block-column is-layout-flow wp-block-column-is-layout-flow\">\n<p><strong>Collab Graja\u00fa, local et connect\u00e9<\/strong><strong><\/strong><\/p>\n\n\n\n<p class=\"has-small-font-size\">Dans le quartier de Graja\u00fa, \u00e0 Rio de Janeiro l\u2019initiative de l\u2019universit\u00e9 de design&nbsp;&nbsp;\u00ab\u00a0Mon projet de quartier\u00a0\u00bb \u00e9tait de construire une relation solide avec les gens, en encourageant les r\u00e9sidents \u00e0 \u00eatre des agents actifs du changement dans leur communaut\u00e9.<\/p>\n\n\n\n<p class=\"has-small-font-size\">Pendant la p\u00e9riode de pand\u00e9mie, une cartographie participative Collab Graja\u00fa a permis d\u2019identifier les petites entreprises et les b\u00e9n\u00e9voles dans le quartier de mani\u00e8re \u00e0 stimuler l\u2019entraide et les connexion personnelles entre r\u00e9sidents\/travailleurs.<\/p>\n\n\n\n<p class=\"has-small-font-size\">Apr\u00e8s la pand\u00e9mie, la cartographie de Graja\u00fa Collab continuera \u00e0 \u00eatre disponible en ligne comme une source fiable de services, encourageant l&rsquo;\u00e9conomie locale et mettant en avant les petites entreprises locales.<\/p>\n<\/div>\n<\/div>\n\n\n\n<div class=\"wp-block-columns is-layout-flex wp-container-core-columns-is-layout-9d6595d7 wp-block-columns-is-layout-flex\">\n<div class=\"wp-block-column is-layout-flow wp-block-column-is-layout-flow\">\n<div style=\"height:25px\" aria-hidden=\"true\" class=\"wp-block-spacer\"><\/div>\n\n\n\n<p><strong>Temporary Local Address<\/strong><strong><\/strong><\/p>\n\n\n\n<p class=\"has-small-font-size\">Le projet&nbsp;<em>Temporary Local Address&nbsp;<\/em>cherche comment les personnes sans domicile fixe peuvent acc\u00e9der \u00e0 des informations du le Covid19 et \u00e0 des aides financi\u00e8res durant la pand\u00e9mie.&nbsp;<\/p>\n\n\n\n<p class=\"has-small-font-size\">Les \u00e9tudiants de Parsons \u00e0 New-York collaborent avec les biblioth\u00e8ques publiques de Brooklyn pour faire le design d\u2019un services d&rsquo;adresses locales temporaires\u00a0: comment donner acc\u00e8s \u00e0 des boites \u00e0 lettre personnelles, notifier des personnes sans abri, relever son courrier, pallier \u00e0 une situation d\u2019urgence sans installer la pr\u00e9carit\u00e9&#8230;<\/p>\n<\/div>\n\n\n\n<div class=\"wp-block-column is-layout-flow wp-block-column-is-layout-flow\">\n<figure class=\"wp-block-gallery aligncenter columns-1 is-cropped wp-block-gallery-2 is-layout-flex wp-block-gallery-is-layout-flex\"><ul class=\"blocks-gallery-grid\"><li class=\"blocks-gallery-item\"><figure><img loading=\"lazy\" decoding=\"async\" width=\"1024\" height=\"768\" src=\"http:\/\/www.sustainable-everyday-project.net\/ville-collaborative\/files\/2020\/08\/PPCS_-1024x768.jpg\" alt=\"\" data-id=\"3621\" data-full-url=\"http:\/\/www.sustainable-everyday-project.net\/ville-collaborative\/files\/2020\/08\/PPCS_-scaled.jpg\" data-link=\"http:\/\/www.sustainable-everyday-project.net\/ville-collaborative\/?attachment_id=3621\" class=\"wp-image-3621\" srcset=\"https:\/\/www.sustainable-everyday-project.net\/ville-collaborative\/files\/2020\/08\/PPCS_-1024x768.jpg 1024w, https:\/\/www.sustainable-everyday-project.net\/ville-collaborative\/files\/2020\/08\/PPCS_-300x225.jpg 300w, https:\/\/www.sustainable-everyday-project.net\/ville-collaborative\/files\/2020\/08\/PPCS_-768x576.jpg 768w, https:\/\/www.sustainable-everyday-project.net\/ville-collaborative\/files\/2020\/08\/PPCS_-1536x1152.jpg 1536w, https:\/\/www.sustainable-everyday-project.net\/ville-collaborative\/files\/2020\/08\/PPCS_-2048x1536.jpg 2048w, https:\/\/www.sustainable-everyday-project.net\/ville-collaborative\/files\/2020\/08\/PPCS_-285x214.jpg 285w\" sizes=\"auto, (max-width: 1024px) 100vw, 1024px\" \/><figcaption class=\"blocks-gallery-item__caption\">\u00a9&nbsp;Parsons DESIS Lab, Parsons School of Design<\/figcaption><\/figure><\/li><\/ul><\/figure>\n<\/div>\n<\/div>\n\n\n\n<div style=\"height:25px\" aria-hidden=\"true\" class=\"wp-block-spacer\"><\/div>\n\n\n\n<h3 class=\"wp-block-heading\"><strong>Villes paires&nbsp;<\/strong><\/h3>\n\n\n\n<p>Les projets de la M\u00e9tropole feront aussi \u00e9cho \u00e0 une s\u00e9lection des initiatives pour le faire et le vivre ensemble de villes europ\u00e9ennes des r\u00e9seaux URBACT.<\/p>\n\n\n\n<div style=\"height:25px\" aria-hidden=\"true\" class=\"wp-block-spacer\"><\/div>\n\n\n\n<div class=\"wp-block-columns is-layout-flex wp-container-core-columns-is-layout-9d6595d7 wp-block-columns-is-layout-flex\">\n<div class=\"wp-block-column is-layout-flow wp-block-column-is-layout-flow\">\n<figure class=\"wp-block-gallery columns-1 is-cropped wp-block-gallery-3 is-layout-flex wp-block-gallery-is-layout-flex\"><ul class=\"blocks-gallery-grid\"><li class=\"blocks-gallery-item\"><figure><img loading=\"lazy\" decoding=\"async\" width=\"610\" height=\"458\" src=\"http:\/\/www.sustainable-everyday-project.net\/ville-collaborative\/files\/2020\/08\/image-4.png\" alt=\"\" data-id=\"3622\" class=\"wp-image-3622\" srcset=\"https:\/\/www.sustainable-everyday-project.net\/ville-collaborative\/files\/2020\/08\/image-4.png 610w, https:\/\/www.sustainable-everyday-project.net\/ville-collaborative\/files\/2020\/08\/image-4-300x225.png 300w, https:\/\/www.sustainable-everyday-project.net\/ville-collaborative\/files\/2020\/08\/image-4-285x214.png 285w\" sizes=\"auto, (max-width: 610px) 100vw, 610px\" \/><figcaption class=\"blocks-gallery-item__caption\">@ Gilles Perole<\/figcaption><\/figure><\/li><\/ul><\/figure>\n<\/div>\n\n\n\n<div class=\"wp-block-column is-layout-flow wp-block-column-is-layout-flow\">\n<p><strong>BioCanteens<\/strong><\/p>\n\n\n\n<p class=\"has-small-font-size\">Sur la cot\u00e9 entre Grasse et Antibes, la petite ville de Mouans-Sartoux sert tous les jours dans les cantines de ses 3 \u00e9coles primaires, 1000 repas 100% bio et locaux. Le secret, le design minutieux de cantines durables \u00e0 chaque \u00e9tape du processus : 7ha de terrains pr\u00e9serv\u00e9s en centre-ville o\u00f9 est install\u00e9e une r\u00e9gie agricole certifi\u00e9e bio&nbsp;; une ferme municipale o\u00f9 3 fermiers-agents municipaux produisent l\u2019essentiel des fruits et l\u00e9gumes fournissant la cantine&nbsp;; une participation des enfants, des enseignants et des \u00e9quipes de cuisine pour arriver \u00e0 un quasi z\u00e9ro-d\u00e9chets alimentaire. R\u00e9sultats, des repas bio-locaux au m\u00eame prix que du catering industriel et Mouans-Sartoux chef de file d\u2019un r\u00e9seau de transfert de ses bonnes pratiques vers 10 villes en France et 6 villes en Europe&#8230;<\/p>\n<\/div>\n<\/div>\n\n\n\n<div class=\"wp-block-columns is-layout-flex wp-container-core-columns-is-layout-9d6595d7 wp-block-columns-is-layout-flex\">\n<div class=\"wp-block-column is-layout-flow wp-block-column-is-layout-flow\">\n<div style=\"height:50px\" aria-hidden=\"true\" class=\"wp-block-spacer\"><\/div>\n\n\n\n<p><strong>Urban Living Room<\/strong><strong><\/strong><\/p>\n\n\n\n<p class=\"has-small-font-size\">A Cluj, le programme Urban Living Room installe des espaces domestiques comme un salon, une cuisine, une chambre&#8230; dans l\u2019espace public pour susciter la rencontre et la conversation entre les habitants comme s\u2019ils se retrouvaient entre voisins&#8230;<\/p>\n<\/div>\n\n\n\n<div class=\"wp-block-column is-layout-flow wp-block-column-is-layout-flow\">\n<figure class=\"wp-block-gallery aligncenter columns-1 is-cropped wp-block-gallery-4 is-layout-flex wp-block-gallery-is-layout-flex\"><ul class=\"blocks-gallery-grid\"><li class=\"blocks-gallery-item\"><figure><img loading=\"lazy\" decoding=\"async\" width=\"756\" height=\"502\" src=\"http:\/\/www.sustainable-everyday-project.net\/ville-collaborative\/files\/2020\/08\/image-5.png\" alt=\"\" data-id=\"3623\" class=\"wp-image-3623\" srcset=\"https:\/\/www.sustainable-everyday-project.net\/ville-collaborative\/files\/2020\/08\/image-5.png 756w, https:\/\/www.sustainable-everyday-project.net\/ville-collaborative\/files\/2020\/08\/image-5-300x199.png 300w\" sizes=\"auto, (max-width: 756px) 100vw, 756px\" \/><figcaption class=\"blocks-gallery-item__caption\">@ MASS<\/figcaption><\/figure><\/li><\/ul><\/figure>\n<\/div>\n<\/div>\n","protected":false},"excerpt":{"rendered":"<p>POC d&rsquo;ailleurs Les projets du territoire de la M\u00e9tropole Europ\u00e9enne de Lille sont invit\u00e9s \u00e0 dialoguer avec les projet d\u2019\u00e9coles et universit\u00e9s de design du monde entier. Design post-pand\u00e9mie Une quinzaine de labos du r\u00e9seau international DESIS (Design pour l\u2019innovation sociale et le d\u00e9veloppement durable) font \u00e9chos aux POC pour mobiliser les ressources dans l\u2019urgence, <a href=\"https:\/\/www.sustainable-everyday-project.net\/ville-collaborative\/poc-dailleurs\/\" rel=\"nofollow\"><span class=\"sr-only\">Read more about POC d&rsquo;ailleurs<\/span>[&hellip;]<\/a><\/p>\n","protected":false},"author":1,"featured_media":0,"parent":0,"menu_order":0,"comment_status":"closed","ping_status":"closed","template":"","meta":{"footnotes":""},"class_list":["post-3619","page","type-page","status-publish","hentry"],"_links":{"self":[{"href":"https:\/\/www.sustainable-everyday-project.net\/ville-collaborative\/wp-json\/wp\/v2\/pages\/3619","targetHints":{"allow":["GET"]}}],"collection":[{"href":"https:\/\/www.sustainable-everyday-project.net\/ville-collaborative\/wp-json\/wp\/v2\/pages"}],"about":[{"href":"https:\/\/www.sustainable-everyday-project.net\/ville-collaborative\/wp-json\/wp\/v2\/types\/page"}],"author":[{"embeddable":true,"href":"https:\/\/www.sustainable-everyday-project.net\/ville-collaborative\/wp-json\/wp\/v2\/users\/1"}],"replies":[{"embeddable":true,"href":"https:\/\/www.sustainable-everyday-project.net\/ville-collaborative\/wp-json\/wp\/v2\/comments?post=3619"}],"version-history":[{"count":11,"href":"https:\/\/www.sustainable-everyday-project.net\/ville-collaborative\/wp-json\/wp\/v2\/pages\/3619\/revisions"}],"predecessor-version":[{"id":3682,"href":"https:\/\/www.sustainable-everyday-project.net\/ville-collaborative\/wp-json\/wp\/v2\/pages\/3619\/revisions\/3682"}],"wp:attachment":[{"href":"https:\/\/www.sustainable-everyday-project.net\/ville-collaborative\/wp-json\/wp\/v2\/media?parent=3619"}],"curies":[{"name":"wp","href":"https:\/\/api.w.org\/{rel}","templated":true}]}}