{"id":426,"date":"2020-03-18T19:40:06","date_gmt":"2020-03-18T19:40:06","guid":{"rendered":"http:\/\/www.sustainable-everyday-project.net\/ville-collaborative\/?page_id=426"},"modified":"2020-08-06T14:34:38","modified_gmt":"2020-08-06T14:34:38","slug":"maison-ville-collaborative","status":"publish","type":"page","link":"https:\/\/www.sustainable-everyday-project.net\/ville-collaborative\/maison-ville-collaborative\/","title":{"rendered":"Maison POC Ville Collaborative"},"content":{"rendered":"\n<div style=\"height:51px\" aria-hidden=\"true\" class=\"wp-block-spacer\"><\/div>\n\n\n\n<h6 class=\"has-cyan-bluish-gray-color has-text-color has-text-align-center wp-block-heading\"><strong>Une \u00ab\u00a0non-exposition\u00a0\u00bb pour Lille M\u00e9tropole 2020, Capitale Mondiale du Design<\/strong><\/h6>\n\n\n\n<div style=\"height:25px\" aria-hidden=\"true\" class=\"wp-block-spacer\"><\/div>\n\n\n\n<h2 class=\"has-text-align-center wp-block-heading\"><strong>Comment le design peut faciliter la collaboration entre citoyens pour inventer des modes de vie plus solidaires, soutenable et d\u00e9mocratique ?<\/strong><\/h2>\n\n\n\n<div style=\"height:51px\" aria-hidden=\"true\" class=\"wp-block-spacer\"><\/div>\n\n\n\n<p>La <strong>Maison POC Ville Collaborative<\/strong> enqu\u00eatera sur le design de la collaboration entre citoyens, entreprises, acteurs publics et associatifs\u00e0 travers une centaine de projets locaux, d\u2019Europe et du monde.Cette &nbsp;\u00ab&nbsp;non-expo&nbsp;\u00bb explorera \u00e0 travers des \u00ab&nbsp;spectacles de design&nbsp;\u00bb les visions \u00e9mergentes de partage, d\u2019entre-aide et de coop\u00e9ration entre les acteurs de la ville. Elle proposera aux publics des exp\u00e9riences participatives et transformatives pour co-produire les villes plus collaboratives de demain.<\/p>\n\n\n\n<div style=\"height:51px\" aria-hidden=\"true\" class=\"wp-block-spacer\"><\/div>\n\n\n\n<figure class=\"wp-block-gallery columns-2 is-cropped wp-block-gallery-1 is-layout-flex wp-block-gallery-is-layout-flex\"><ul class=\"blocks-gallery-grid\"><li class=\"blocks-gallery-item\"><figure><img loading=\"lazy\" decoding=\"async\" width=\"1024\" height=\"683\" src=\"http:\/\/www.sustainable-everyday-project.net\/ville-collaborative\/files\/2020\/03\/CampusGare_2concertation-campus-gare_Nicolas-Lee-1-1024x683.jpg\" alt=\"\" data-id=\"455\" data-full-url=\"http:\/\/www.sustainable-everyday-project.net\/ville-collaborative\/files\/2020\/03\/CampusGare_2concertation-campus-gare_Nicolas-Lee-1-scaled.jpg\" data-link=\"http:\/\/www.sustainable-everyday-project.net\/ville-collaborative\/fr\/maison-ville-collaborative\/campusgare_2concertation-campus-gare_nicolas-lee-1\/\" class=\"wp-image-455\" srcset=\"https:\/\/www.sustainable-everyday-project.net\/ville-collaborative\/files\/2020\/03\/CampusGare_2concertation-campus-gare_Nicolas-Lee-1-1024x683.jpg 1024w, https:\/\/www.sustainable-everyday-project.net\/ville-collaborative\/files\/2020\/03\/CampusGare_2concertation-campus-gare_Nicolas-Lee-1-300x200.jpg 300w, https:\/\/www.sustainable-everyday-project.net\/ville-collaborative\/files\/2020\/03\/CampusGare_2concertation-campus-gare_Nicolas-Lee-1-768x512.jpg 768w, https:\/\/www.sustainable-everyday-project.net\/ville-collaborative\/files\/2020\/03\/CampusGare_2concertation-campus-gare_Nicolas-Lee-1-1536x1024.jpg 1536w, https:\/\/www.sustainable-everyday-project.net\/ville-collaborative\/files\/2020\/03\/CampusGare_2concertation-campus-gare_Nicolas-Lee-1-2048x1365.jpg 2048w, https:\/\/www.sustainable-everyday-project.net\/ville-collaborative\/files\/2020\/03\/CampusGare_2concertation-campus-gare_Nicolas-Lee-1-750x500.jpg 750w\" sizes=\"auto, (max-width: 1024px) 100vw, 1024px\" \/><figcaption class=\"blocks-gallery-item__caption\">\u00a9Nicolas Lee<\/figcaption><\/figure><\/li><li class=\"blocks-gallery-item\"><figure><img loading=\"lazy\" decoding=\"async\" width=\"1024\" height=\"768\" src=\"http:\/\/www.sustainable-everyday-project.net\/ville-collaborative\/files\/2020\/03\/CampusGare_IMG_7601-3-1024x768.jpg\" alt=\"\" data-id=\"456\" data-full-url=\"http:\/\/www.sustainable-everyday-project.net\/ville-collaborative\/files\/2020\/03\/CampusGare_IMG_7601-3-scaled.jpg\" data-link=\"http:\/\/www.sustainable-everyday-project.net\/ville-collaborative\/fr\/maison-ville-collaborative\/campusgare_img_7601-3\/\" class=\"wp-image-456\" srcset=\"https:\/\/www.sustainable-everyday-project.net\/ville-collaborative\/files\/2020\/03\/CampusGare_IMG_7601-3-1024x768.jpg 1024w, https:\/\/www.sustainable-everyday-project.net\/ville-collaborative\/files\/2020\/03\/CampusGare_IMG_7601-3-300x225.jpg 300w, https:\/\/www.sustainable-everyday-project.net\/ville-collaborative\/files\/2020\/03\/CampusGare_IMG_7601-3-768x576.jpg 768w, https:\/\/www.sustainable-everyday-project.net\/ville-collaborative\/files\/2020\/03\/CampusGare_IMG_7601-3-1536x1152.jpg 1536w, https:\/\/www.sustainable-everyday-project.net\/ville-collaborative\/files\/2020\/03\/CampusGare_IMG_7601-3-2048x1536.jpg 2048w, https:\/\/www.sustainable-everyday-project.net\/ville-collaborative\/files\/2020\/03\/CampusGare_IMG_7601-3-285x214.jpg 285w\" sizes=\"auto, (max-width: 1024px) 100vw, 1024px\" \/><figcaption class=\"blocks-gallery-item__caption\">\u00a9Nicolas Lee<\/figcaption><\/figure><\/li><\/ul><\/figure>\n\n\n\n<div style=\"height:51px\" aria-hidden=\"true\" class=\"wp-block-spacer\"><\/div>\n\n\n\n<h3 class=\"has-text-align-left wp-block-heading\"><strong><a href=\"http:\/\/www.sustainable-everyday-project.net\/ville-collaborative\/fr\/communique-de-presse\/\">Communiqu\u00e9 de presse<\/a><\/strong><\/h3>\n\n\n\n<div style=\"height:20px\" aria-hidden=\"true\" class=\"wp-block-spacer\"><\/div>\n\n\n\n<hr class=\"wp-block-separator is-style-wide\"\/>\n\n\n\n<div style=\"height:20px\" aria-hidden=\"true\" class=\"wp-block-spacer\"><\/div>\n\n\n\n<h3 class=\"has-text-align-left wp-block-heading\"><strong><a href=\"http:\/\/www.sustainable-everyday-project.net\/ville-collaborative\/fr\/entretien-avec-le-commissaire\/\">Entretien avec le commissaire<\/a><\/strong><\/h3>\n\n\n\n<div style=\"height:20px\" aria-hidden=\"true\" class=\"wp-block-spacer\"><\/div>\n\n\n\n<hr class=\"wp-block-separator\"\/>\n\n\n\n<div style=\"height:20px\" aria-hidden=\"true\" class=\"wp-block-spacer\"><\/div>\n\n\n\n<h3 class=\"has-text-align-left wp-block-heading\"><strong><a href=\"http:\/\/www.sustainable-everyday-project.net\/ville-collaborative\/fr\/la-maison-poc-ville-collaborative\/\">La Maison POC<\/a><\/strong><\/h3>\n\n\n\n<div style=\"height:20px\" aria-hidden=\"true\" class=\"wp-block-spacer\"><\/div>\n\n\n\n<hr class=\"wp-block-separator\"\/>\n\n\n\n<div style=\"height:20px\" aria-hidden=\"true\" class=\"wp-block-spacer\"><\/div>\n\n\n\n<h3 class=\"has-text-align-left wp-block-heading\"><strong><a href=\"http:\/\/www.sustainable-everyday-project.net\/ville-collaborative\/fr\/parcours-de-lexposition\/\">Parcours de l&rsquo;exposition<\/a><\/strong><\/h3>\n\n\n\n<div style=\"height:20px\" aria-hidden=\"true\" class=\"wp-block-spacer\"><\/div>\n\n\n\n<hr class=\"wp-block-separator\"\/>\n\n\n\n<div style=\"height:20px\" aria-hidden=\"true\" class=\"wp-block-spacer\"><\/div>\n\n\n\n<h3 class=\"has-text-align-left wp-block-heading\"><strong><a href=\"http:\/\/www.sustainable-everyday-project.net\/ville-collaborative\/fr\/poc-dailleurs\/\">POC d&rsquo;ailleurs<\/a><\/strong><\/h3>\n\n\n\n<div style=\"height:20px\" aria-hidden=\"true\" class=\"wp-block-spacer\"><\/div>\n\n\n\n<hr class=\"wp-block-separator\"\/>\n\n\n\n<div style=\"height:20px\" aria-hidden=\"true\" class=\"wp-block-spacer\"><\/div>\n\n\n\n<h3 class=\"wp-block-heading\"><strong><a href=\"http:\/\/www.sustainable-everyday-project.net\/ville-collaborative\/fr\/colophon\/\">Colophon<\/a><\/strong><\/h3>\n\n\n\n<div style=\"height:54px\" aria-hidden=\"true\" class=\"wp-block-spacer\"><\/div>\n","protected":false},"excerpt":{"rendered":"<p>Une \u00ab\u00a0non-exposition\u00a0\u00bb pour Lille M\u00e9tropole 2020, Capitale Mondiale du Design Comment le design peut faciliter la collaboration entre citoyens pour inventer des modes de vie plus solidaires, soutenable et d\u00e9mocratique ? La Maison POC Ville Collaborative enqu\u00eatera sur le design de la collaboration entre citoyens, entreprises, acteurs publics et associatifs\u00e0 travers une centaine de projets <a href=\"https:\/\/www.sustainable-everyday-project.net\/ville-collaborative\/maison-ville-collaborative\/\" rel=\"nofollow\"><span class=\"sr-only\">Read more about Maison POC Ville Collaborative<\/span>[&hellip;]<\/a><\/p>\n","protected":false},"author":1,"featured_media":0,"parent":0,"menu_order":0,"comment_status":"closed","ping_status":"closed","template":"","meta":{"footnotes":""},"class_list":["post-426","page","type-page","status-publish","hentry"],"_links":{"self":[{"href":"https:\/\/www.sustainable-everyday-project.net\/ville-collaborative\/wp-json\/wp\/v2\/pages\/426","targetHints":{"allow":["GET"]}}],"collection":[{"href":"https:\/\/www.sustainable-everyday-project.net\/ville-collaborative\/wp-json\/wp\/v2\/pages"}],"about":[{"href":"https:\/\/www.sustainable-everyday-project.net\/ville-collaborative\/wp-json\/wp\/v2\/types\/page"}],"author":[{"embeddable":true,"href":"https:\/\/www.sustainable-everyday-project.net\/ville-collaborative\/wp-json\/wp\/v2\/users\/1"}],"replies":[{"embeddable":true,"href":"https:\/\/www.sustainable-everyday-project.net\/ville-collaborative\/wp-json\/wp\/v2\/comments?post=426"}],"version-history":[{"count":9,"href":"https:\/\/www.sustainable-everyday-project.net\/ville-collaborative\/wp-json\/wp\/v2\/pages\/426\/revisions"}],"predecessor-version":[{"id":3710,"href":"https:\/\/www.sustainable-everyday-project.net\/ville-collaborative\/wp-json\/wp\/v2\/pages\/426\/revisions\/3710"}],"wp:attachment":[{"href":"https:\/\/www.sustainable-everyday-project.net\/ville-collaborative\/wp-json\/wp\/v2\/media?parent=426"}],"curies":[{"name":"wp","href":"https:\/\/api.w.org\/{rel}","templated":true}]}}