{"id":429,"date":"2020-03-18T19:42:10","date_gmt":"2020-03-18T19:42:10","guid":{"rendered":"http:\/\/www.sustainable-everyday-project.net\/ville-collaborative\/?page_id=429"},"modified":"2020-03-20T16:19:06","modified_gmt":"2020-03-20T16:19:06","slug":"contact-2","status":"publish","type":"page","link":"https:\/\/www.sustainable-everyday-project.net\/ville-collaborative\/contact-2\/","title":{"rendered":"Contact"},"content":{"rendered":"\n<div style=\"height:51px\" aria-hidden=\"true\" class=\"wp-block-spacer\"><\/div>\n\n\n\n<div class=\"wp-block-columns are-vertically-aligned-center is-layout-flex wp-container-core-columns-is-layout-9d6595d7 wp-block-columns-is-layout-flex\">\n<div class=\"wp-block-column is-vertically-aligned-center is-layout-flow wp-block-column-is-layout-flow\" style=\"flex-basis:33.33%\">\n<figure class=\"wp-block-image size-large is-resized\"><img loading=\"lazy\" decoding=\"async\" src=\"http:\/\/www.sustainable-everyday-project.net\/ville-collaborative\/files\/2020\/03\/320x240_lille-ma-tropole-2020-world-design-capital-45881.png\" alt=\"\" class=\"wp-image-623\" width=\"191\" height=\"191\" srcset=\"https:\/\/www.sustainable-everyday-project.net\/ville-collaborative\/files\/2020\/03\/320x240_lille-ma-tropole-2020-world-design-capital-45881.png 320w, https:\/\/www.sustainable-everyday-project.net\/ville-collaborative\/files\/2020\/03\/320x240_lille-ma-tropole-2020-world-design-capital-45881-300x300.png 300w, https:\/\/www.sustainable-everyday-project.net\/ville-collaborative\/files\/2020\/03\/320x240_lille-ma-tropole-2020-world-design-capital-45881-150x150.png 150w, https:\/\/www.sustainable-everyday-project.net\/ville-collaborative\/files\/2020\/03\/320x240_lille-ma-tropole-2020-world-design-capital-45881-250x250.png 250w, https:\/\/www.sustainable-everyday-project.net\/ville-collaborative\/files\/2020\/03\/320x240_lille-ma-tropole-2020-world-design-capital-45881-174x174.png 174w\" sizes=\"auto, (max-width: 191px) 100vw, 191px\" \/><\/figure>\n<\/div>\n\n\n\n<div class=\"wp-block-column is-vertically-aligned-center is-layout-flow wp-block-column-is-layout-flow\" style=\"flex-basis:66.66%\">\n<h4 class=\"wp-block-heading\"><strong>Lille M\u00e9tropole 2020&nbsp;<br>Capitale Mondiale du Design<\/strong><\/h4>\n\n\n\n<div style=\"height:20px\" aria-hidden=\"true\" class=\"wp-block-spacer\"><\/div>\n\n\n\n<p class=\"has-medium-font-size\"><a href=\"https:\/\/www.designiscapital.com\">designiscapital.com<\/a><\/p>\n<\/div>\n<\/div>\n\n\n\n<div style=\"height:25px\" aria-hidden=\"true\" class=\"wp-block-spacer\"><\/div>\n\n\n\n<h3 class=\"wp-block-heading\">Commissariat Maison POC Ville Collaborative<\/h3>\n\n\n\n<div style=\"height:25px\" aria-hidden=\"true\" class=\"wp-block-spacer\"><\/div>\n\n\n\n<h5 class=\"wp-block-heading\"><strong>Si vous souhaitez nous envoyer un email&#8230;<\/strong><\/h5>\n\n\n\n<div style=\"height:25px\" aria-hidden=\"true\" class=\"wp-block-spacer\"><\/div>\n\n\n\n<p>Fran\u00e7ois J\u00e9gou &#8211; fran\u00e7ois[at]strategicdesignscenarios.net<\/p>\n\n\n\n<p>Dom\u00e9thilde Majek &#8211; domethilde[at]strategicdesignscenarios.net<\/p>\n\n\n\n<p>Fiora No\u00ebl &#8211; fiora[at]strategicdesignscenarios.net<\/p>\n\n\n\n<div style=\"height:25px\" aria-hidden=\"true\" class=\"wp-block-spacer\"><\/div>\n","protected":false},"excerpt":{"rendered":"<p>Lille M\u00e9tropole 2020&nbsp;Capitale Mondiale du Design designiscapital.com Commissariat Maison POC Ville Collaborative Si vous souhaitez nous envoyer un email&#8230; Fran\u00e7ois J\u00e9gou &#8211; fran\u00e7ois[at]strategicdesignscenarios.net Dom\u00e9thilde Majek &#8211; domethilde[at]strategicdesignscenarios.net Fiora No\u00ebl &#8211; fiora[at]strategicdesignscenarios.net<\/p>\n","protected":false},"author":1,"featured_media":0,"parent":0,"menu_order":0,"comment_status":"closed","ping_status":"closed","template":"","meta":{"footnotes":""},"class_list":["post-429","page","type-page","status-publish","hentry"],"_links":{"self":[{"href":"https:\/\/www.sustainable-everyday-project.net\/ville-collaborative\/wp-json\/wp\/v2\/pages\/429","targetHints":{"allow":["GET"]}}],"collection":[{"href":"https:\/\/www.sustainable-everyday-project.net\/ville-collaborative\/wp-json\/wp\/v2\/pages"}],"about":[{"href":"https:\/\/www.sustainable-everyday-project.net\/ville-collaborative\/wp-json\/wp\/v2\/types\/page"}],"author":[{"embeddable":true,"href":"https:\/\/www.sustainable-everyday-project.net\/ville-collaborative\/wp-json\/wp\/v2\/users\/1"}],"replies":[{"embeddable":true,"href":"https:\/\/www.sustainable-everyday-project.net\/ville-collaborative\/wp-json\/wp\/v2\/comments?post=429"}],"version-history":[{"count":7,"href":"https:\/\/www.sustainable-everyday-project.net\/ville-collaborative\/wp-json\/wp\/v2\/pages\/429\/revisions"}],"predecessor-version":[{"id":627,"href":"https:\/\/www.sustainable-everyday-project.net\/ville-collaborative\/wp-json\/wp\/v2\/pages\/429\/revisions\/627"}],"wp:attachment":[{"href":"https:\/\/www.sustainable-everyday-project.net\/ville-collaborative\/wp-json\/wp\/v2\/media?parent=429"}],"curies":[{"name":"wp","href":"https:\/\/api.w.org\/{rel}","templated":true}]}}