{"id":444,"date":"2020-03-18T19:47:14","date_gmt":"2020-03-18T19:47:14","guid":{"rendered":"http:\/\/www.sustainable-everyday-project.net\/ville-collaborative\/?page_id=444"},"modified":"2020-12-09T17:14:12","modified_gmt":"2020-12-09T17:14:12","slug":"programme-2","status":"publish","type":"page","link":"https:\/\/www.sustainable-everyday-project.net\/ville-collaborative\/programme-2\/","title":{"rendered":"Programmation"},"content":{"rendered":"\n<div style=\"height:51px\" aria-hidden=\"true\" class=\"wp-block-spacer\"><\/div>\n\n\n\n<h2 class=\"has-text-align-center wp-block-heading\">Les \u00e9v\u00e9nements pass\u00e9s de la Maison POC Ville Collaborative<\/h2>\n\n\n\n<div style=\"height:25px\" aria-hidden=\"true\" class=\"wp-block-spacer\"><\/div>\n\n\n\n<figure class=\"wp-block-gallery columns-1 is-cropped wp-block-gallery-1 is-layout-flex wp-block-gallery-is-layout-flex\"><ul class=\"blocks-gallery-grid\"><li class=\"blocks-gallery-item\"><figure><img loading=\"lazy\" decoding=\"async\" width=\"1024\" height=\"482\" src=\"http:\/\/www.sustainable-everyday-project.net\/ville-collaborative\/files\/2020\/09\/IMG_2833-1024x482.jpeg\" alt=\"\" data-id=\"4268\" class=\"wp-image-4268\" srcset=\"https:\/\/www.sustainable-everyday-project.net\/ville-collaborative\/files\/2020\/09\/IMG_2833-1024x482.jpeg 1024w, https:\/\/www.sustainable-everyday-project.net\/ville-collaborative\/files\/2020\/09\/IMG_2833-300x141.jpeg 300w, https:\/\/www.sustainable-everyday-project.net\/ville-collaborative\/files\/2020\/09\/IMG_2833-768x361.jpeg 768w, https:\/\/www.sustainable-everyday-project.net\/ville-collaborative\/files\/2020\/09\/IMG_2833-1536x723.jpeg 1536w, https:\/\/www.sustainable-everyday-project.net\/ville-collaborative\/files\/2020\/09\/IMG_2833-2048x964.jpeg 2048w\" sizes=\"auto, (max-width: 1024px) 100vw, 1024px\" \/><\/figure><\/li><\/ul><\/figure>\n\n\n\n<div style=\"height:51px\" aria-hidden=\"true\" class=\"wp-block-spacer\"><\/div>\n\n\n\n<div class=\"wp-block-columns is-layout-flex wp-container-core-columns-is-layout-9d6595d7 wp-block-columns-is-layout-flex\">\n<div class=\"wp-block-column is-layout-flow wp-block-column-is-layout-flow\">\n<h4 class=\"has-text-align-center wp-block-heading\"><strong>Les pitchs POC<\/strong><\/h4>\n\n\n\n<hr class=\"wp-block-separator\"\/>\n\n\n\n<div style=\"height:25px\" aria-hidden=\"true\" class=\"wp-block-spacer\"><\/div>\n\n\n\n<p>Les pitchs POC sont des soir\u00e9es d\u00e9di\u00e9es \u00e0 la pr\u00e9sentation de 3 \u00e0 5 POC par les porteurs eux-m\u00eames. <\/p>\n<\/div>\n\n\n\n<div class=\"wp-block-column is-layout-flow wp-block-column-is-layout-flow\">\n<h4 class=\"has-text-align-center wp-block-heading\"><strong>Les POC d&rsquo;ici et d&rsquo;ailleurs<\/strong><\/h4>\n\n\n\n<hr class=\"wp-block-separator\"\/>\n\n\n\n<div style=\"height:25px\" aria-hidden=\"true\" class=\"wp-block-spacer\"><\/div>\n\n\n\n<p>Les POC d&rsquo;ici et d&rsquo;ailleurs sont des rencontres entre un intervenant international et un ou plusieurs intervenants locaux. <\/p>\n<\/div>\n\n\n\n<div class=\"wp-block-column is-layout-flow wp-block-column-is-layout-flow\">\n<h4 class=\"has-text-align-center wp-block-heading\"><strong>Les autres \u00e9v\u00e8nements<\/strong><\/h4>\n\n\n\n<hr class=\"wp-block-separator\"\/>\n\n\n\n<div style=\"height:25px\" aria-hidden=\"true\" class=\"wp-block-spacer\"><\/div>\n\n\n\n<p>De nombreux \u00e9v\u00e8nements satellites sont h\u00e9berg\u00e9s au sein de la Maison POC Ville Collaborative. Ces \u00e9v\u00e8nements, organis\u00e9s de mani\u00e8re ind\u00e9pendante, sont port\u00e9s par des acteurs actifs du territoire \u00e9largi de la M\u00e9tropole lilloise. Ils peuvent prendre diff\u00e9rentes formes : ateliers, conf\u00e9rences, etc.<\/p>\n<\/div>\n<\/div>\n\n\n\n<div style=\"height:51px\" aria-hidden=\"true\" class=\"wp-block-spacer\"><\/div>\n\n\n\n<h2 class=\"has-text-align-center wp-block-heading\">La programmation<\/h2>\n\n\n\n<hr class=\"wp-block-separator\"\/>\n\n\n\n<div style=\"height:51px\" aria-hidden=\"true\" class=\"wp-block-spacer\"><\/div>\n\n\n\n<h3 class=\"wp-block-heading\">ATELIER DE DESIGN FORUM<\/h3>\n\n\n\n<h6 class=\"has-luminous-vivid-orange-color has-text-color wp-block-heading\">18\/09\/2020 &#8211; 18:00<\/h6>\n\n\n\n<div style=\"height:25px\" aria-hidden=\"true\" class=\"wp-block-spacer\"><\/div>\n\n\n\n<p>Le design dans la ville collaborative mis en sc\u00e8ne par des r\u00e9cits, des t\u00e9moignages, des histoires. Elle emprunte les formes du spectacle de rue, du th\u00e9\u00e2tre forum, de la performance pour mieux raconter la valeur de ce design qui \u00e9coute les gens, collecte des t\u00e9moignages, requestionne la demande, met les id\u00e9es en r\u00e9cits, communique les solutions \u00e0 travers des histoires.&nbsp;<\/p>\n\n\n\n<p>Un atelier co-construit avec la compagnie de Th\u00e9\u00e2tre Forum NAJE pr\u00e9sentera un spectacle exp\u00e9rimental de Design Forum&nbsp;: plusieurs acteurs de la transition alimentaire partageront leurs r\u00e9cits sur l\u2019agriculture urbaine et l\u2019alimentation durable, exploreront les enjeux, les synergies mais aussi les divergences entre leurs POC et inviteront les spectateurs \u00e0 \u00ab&nbsp;faire forum&nbsp;\u00bb en interagissant sur sc\u00e8ne.&nbsp;<\/p>\n\n\n\n<div style=\"height:30px\" aria-hidden=\"true\" class=\"wp-block-spacer\"><\/div>\n\n\n\n<div class=\"wp-block-button alignright\"><a class=\"wp-block-button__link has-background has-luminous-vivid-orange-background-color\" href=\"http:\/\/www.sustainable-everyday-project.net\/ville-collaborative\/fr\/2020\/11\/17\/cine-atelier-de-design-forum\/\">D\u00e9couvrir le Cin\u00e9 &#8211; Atelier de Design Forum<\/a><\/div>\n\n\n\n<div style=\"height:25px\" aria-hidden=\"true\" class=\"wp-block-spacer\"><\/div>\n\n\n\n<h3 class=\"wp-block-heading\">PITCH DE POC : INSTALLER LE \u00ab\u00a0VIVRE ENSEMBLE\u00a0\u00bb #1<\/h3>\n\n\n\n<h6 class=\"has-luminous-vivid-orange-color has-text-color wp-block-heading\">24\/09\/2020 &#8211; 18:00<\/h6>\n\n\n\n<div style=\"height:25px\" aria-hidden=\"true\" class=\"wp-block-spacer\"><\/div>\n\n\n\n<p>La Ville Collaborative est une ville o\u00f9 des lieux, des infrastructures, des dispositifs\u2026 sont pens\u00e9s pour favoriser la&nbsp;rencontre entre des populations, des acteurs, des entit\u00e9s qui n\u2019ont pas l\u2019occasion de se retrouver ensemble.&nbsp;Pour pouvoir collaborer il faut se croiser, se retrouver, se familiariser, se connaitre\u2026&nbsp;<\/p>\n\n\n\n<p>5 porteurs de POC\/designers auront 1 image et 5 minutes pour raconter leur POC. Le public et l\u2019\u00e9quipe de la Ville Collaborative exploreront comment ces POC inspirent, facilitent, enrichissent le \u00ab&nbsp;vivre ensemble&nbsp;\u00bb&nbsp;<\/p>\n\n\n<p><iframe loading=\"lazy\" src=\"https:\/\/player.vimeo.com\/video\/488953074\" width=\"960\" height=\"540\" frameborder=\"0\" allow=\"autoplay; fullscreen\" allowfullscreen=\"\"><\/iframe><\/p>\n\n\n\n<div style=\"height:25px\" aria-hidden=\"true\" class=\"wp-block-spacer\"><\/div>\n\n\n\n<h3 class=\"wp-block-heading\">ATELIER \u00ab\u00a0AU TOUR DE TABLE\u00a0\u00bb: DESIGN &#8211; PARTICIPATION, POUVOIR, ET PRIVILEGE<\/h3>\n\n\n\n<h6 class=\"has-luminous-vivid-orange-color has-text-color wp-block-heading\">27\/09\/2020 &#8211; 13:00<\/h6>\n\n\n\n<div style=\"height:25px\" aria-hidden=\"true\" class=\"wp-block-spacer\"><\/div>\n\n\n\n<p><em>Laetitia Wolff est consultante en design, strat\u00e8ge en ing\u00e9nierie culturelle, commissaire d\u2019exposition, et auteure passionn\u00e9e par la construction de passerelles entre le design et la ville.<\/em><\/p>\n\n\n\n<p>En relation avec les projets en exposition des&nbsp;<em>Maison POC : Villes Collaboratives<\/em>ce d\u00e9bat s\u2019int\u00e9resse au sujet du design comme outil de participation citoyenne et du d\u00e9fi de comment faire face aux notions de pouvoir et privil\u00e8ge.&nbsp;<\/p>\n\n\n\n<p>A l\u2019heure o\u00f9 les politiques divisent pour mieux r\u00e9gner, que les crises sociales r\u00e9v\u00e8lent des diff\u00e9rences accentu\u00e9es, quelles responsabilit\u00e9s les designers ont-ils quand ils facilitent la participation d\u00e9mocratique des habitants d\u2019un quartier? De quel privil\u00e8ge ont-ils conscience ? Pour illustrer ce propos, led\u00e9bat prendra appui sur des initiatives men\u00e9es aux Etats-Unis, en dialogue avec une s\u00e9lection de designers expos\u00e9s dans&nbsp;<em>Villes Collaboratives<\/em>.<\/p>\n\n\n\n<p>POC invit\u00e9s&nbsp;: Tisserands Lomme , M\u00e9tamorphoses silencieuses, Carto participative des chemin\u00e9es industrielles.<\/p>\n\n\n\n<div style=\"height:25px\" aria-hidden=\"true\" class=\"wp-block-spacer\"><\/div>\n\n\n\n<p>Temps fort comme des \u00ab&nbsp;portes ouvertes de la ville collaborative \u00bb avec quartier<\/p>\n\n\n\n<div style=\"height:25px\" aria-hidden=\"true\" class=\"wp-block-spacer\"><\/div>\n\n\n\n<h3 class=\"wp-block-heading\">ATELIER \u00ab\u00a0AU TOUR DE TABLE\u00a0\u00bb : COPIER SUR SES VOISINS<\/h3>\n\n\n\n<h6 class=\"has-luminous-vivid-orange-color has-text-color wp-block-heading\">29\/09\/2020 &#8211; 14:00<\/h6>\n\n\n\n<div style=\"height:25px\" aria-hidden=\"true\" class=\"wp-block-spacer\"><\/div>\n\n\n\n<p><em>Mod\u00e9ration Thomas Delahaie, Karine Sage, Fran\u00e7ois J\u00e9gou<\/em><\/p>\n\n\n\n<p><em>Invit\u00e9s&nbsp;:<\/em> La Fabrique des Transitions,&nbsp;r\u00e9seaux de transfert URBACT, Programme UIA, Urban Innovative Action, La 27<sup>e<\/sup>R\u00e9gion (tbc)<\/p>\n\n\n\n<p>Comment le design facilite la collaboration entre les territoires, la collecte de cas inspirants, la traduction des pratiques culturelles, l\u2019\u00e9mulation et le transfert entre les villes (et l\u2019entraide face aux probl\u00e8mes sans pr\u00e9c\u00e9dent)&nbsp;?&nbsp;&nbsp;<strong><\/strong><\/p>\n\n\n\n<p>L\u2019atelier \u00ab&nbsp;au tour de table&nbsp;\u00bb mettra en d\u00e9bat le design de la collaboration entre villes, le transfert de pratique, l\u2019inspiration mutuelle entre territoires&nbsp;&nbsp;<\/p>\n\n\n\n<div style=\"height:25px\" aria-hidden=\"true\" class=\"wp-block-spacer\"><\/div>\n\n\n\n<h3 class=\"wp-block-heading\">PITCH DE POC : PRODUIRE EN COMMUN #1<\/h3>\n\n\n\n<h6 class=\"has-luminous-vivid-orange-color has-text-color wp-block-heading\">30\/09\/2020 &#8211; 18:00<\/h6>\n\n\n\n<div style=\"height:25px\" aria-hidden=\"true\" class=\"wp-block-spacer\"><\/div>\n\n\n\n<p>Dans la Ville Collaborative les produits, les services, les politiques publiques sont con\u00e7us, \u00e9labor\u00e9s et d\u00e9velopp\u00e9s en commun. La collaboration permet plus d\u2019efficience, plus d\u2019int\u00e9gration, elle retisse les liens sociaux, favorise l\u2019inclusion&nbsp;<\/p>\n\n\n\n<p>5 porteurs de POC\/designers auront 1 image et 5 minutes pour raconter leur POC. Le public et l\u2019\u00e9quipe de la Ville Collaborative exploreront comment ces POC influencent, inspirent, aident le fait de produire en commun&nbsp;<s>&nbsp;<\/s><\/p>\n\n\n<p><iframe loading=\"lazy\" src=\"https:\/\/player.vimeo.com\/video\/488970260\" width=\"960\" height=\"540\" frameborder=\"0\" allow=\"autoplay; fullscreen\" allowfullscreen=\"\"><\/iframe><\/p>\n\n\n\n<div style=\"height:25px\" aria-hidden=\"true\" class=\"wp-block-spacer\"><\/div>\n\n\n\n<h3 class=\"wp-block-heading\">FABLABPHILO #1<\/h3>\n\n\n\n<h6 class=\"has-luminous-vivid-orange-color has-text-color wp-block-heading\">03\/10\/2020 &#8211; 15:00<\/h6>\n\n\n\n<div style=\"height:25px\" aria-hidden=\"true\" class=\"wp-block-spacer\"><\/div>\n\n\n\n<p><em>Ludovic Duhem, philosophe, responsable de la recherche ESAD Valenciennes<\/em><\/p>\n\n\n\n<p>Atelier collaboratif et contributif pour faire de la philosophie sans \u00eatre philosophe et en produisant des formes mat\u00e9rialis\u00e9es autre que le texte. Le FabLabPhilo explorera une th\u00e9matique de la Ville Collaborative li\u00e9e au design pour r\u00e9aliser un objet mat\u00e9rialisant un concept, une id\u00e9e, une th\u00e9orie, un d\u00e9bat. Il s\u2019adresse \u00e0 des non-philosophes : habitants du quartier, \u00e9tudiants, association de quartier, \u00e9ducateurs, designers, animateurs de FabLabs&#8230;<\/p>\n\n\n\n<div style=\"height:25px\" aria-hidden=\"true\" class=\"wp-block-spacer\"><\/div>\n\n\n\n<h3 class=\"wp-block-heading\">PITCH DE POCS : INSTALLER LE \u00ab\u00a0VIVRE ENSEMBLE\u00a0\u00bb #2<\/h3>\n\n\n\n<h6 class=\"has-luminous-vivid-orange-color has-text-color wp-block-heading\">03\/10\/2020 &#8211; 18:00<\/h6>\n\n\n\n<p>La Ville Collaborative est une ville o\u00f9 des lieux, des infrastructures, des dispositifs\u2026 sont pens\u00e9s pour favoriser la&nbsp;rencontre entre des populations, des acteurs, des entit\u00e9s qui n\u2019ont pas l\u2019occasion de se retrouver ensemble.&nbsp;Pour pouvoir collaborer il faut se croiser, se retrouver, se familiariser, se connaitre\u2026&nbsp;<\/p>\n\n\n\n<p>5 porteurs de POC\/designers auront 1 image et 5 minutes pour raconter leur POC. Le public et l\u2019\u00e9quipe de la Ville Collaborative exploreront comment ces POC inspirent, facilitent, enrichissent le \u00ab&nbsp;vivre ensemble&nbsp;\u00bb&nbsp;<\/p>\n\n\n<p><iframe loading=\"lazy\" src=\"https:\/\/player.vimeo.com\/video\/488976488\" width=\"960\" height=\"540\" frameborder=\"0\" allow=\"autoplay; fullscreen\" allowfullscreen=\"\"><\/iframe><\/p>\n\n\n\n<div style=\"height:25px\" aria-hidden=\"true\" class=\"wp-block-spacer\"><\/div>\n\n\n\n<h3 class=\"wp-block-heading\">RACONTE-MOI BERKEM<\/h3>\n\n\n\n<h6 class=\"has-luminous-vivid-orange-color has-text-color wp-block-heading\">04\/10\/2020 &#8211; 13:00<\/h6>\n\n\n\n<p>VivaCit\u00e9S HdF et Berkem Label<\/p>\n\n\n\n<p>Comment les personnes qui vivent ce quartier, le traversent, y reviennent, l\u2019habitent, le fa\u00e7onnent ? Comment ils s\u2019en souviennent et comment ils le racontent ?&nbsp;<\/p>\n\n\n\n<p>La cartographie participative du quartier de Berkem propose une vision sensible entre souvenirs du pass\u00e9 et v\u00e9cu au pr\u00e9sent. Une fa\u00e7on pour chacun de s\u2019approprier les \u00e9volutions du quartier et de se projeter vers l\u2019avenir !<\/p>\n\n\n\n<div style=\"height:25px\" aria-hidden=\"true\" class=\"wp-block-spacer\"><\/div>\n\n\n\n<h3 class=\"wp-block-heading\">PITCH DE POC : FACILITER LA COLLABORATION #1<\/h3>\n\n\n\n<h6 class=\"has-luminous-vivid-orange-color has-text-color wp-block-heading\">04\/10\/2020 &#8211; 18:00<\/h6>\n\n\n\n<div style=\"height:25px\" aria-hidden=\"true\" class=\"wp-block-spacer\"><\/div>\n\n\n\n<p>Dans la Ville Collaborative les pratiques, les processus, les m\u00e9thodes aident \u00e0 croiser, \u00e0 conjuguer, \u00e0 retisser la soci\u00e9t\u00e9 et \u00e0 nous mettre en synergie. La collaboration ne va pas de soi, elle n\u00e9cessite de syst\u00e9matiser les rencontres, d\u2019outiller les \u00e9changes, de faciliter les interactions.&nbsp;<\/p>\n\n\n\n<p>5 porteurs de POC\/designers auront 1 image et 5 minutes pour raconter leur POC. Le public et l\u2019\u00e9quipe de la Ville Collaborative exploreront comment ces POC encouragent, enrichissent, facilitent la collaboration&nbsp;<\/p>\n\n\n<p><iframe loading=\"lazy\" src=\"https:\/\/player.vimeo.com\/video\/488959868\" width=\"960\" height=\"540\" frameborder=\"0\" allow=\"autoplay; fullscreen\" allowfullscreen=\"\"><\/iframe><\/p>\n\n\n\n<div style=\"height:25px\" aria-hidden=\"true\" class=\"wp-block-spacer\"><\/div>\n\n\n\n<h3 class=\"wp-block-heading\">AVANT-GOUT BIENNALE DE CARTOGRAPHIE<\/h3>\n\n\n\n<h6 class=\"has-luminous-vivid-orange-color has-text-color wp-block-heading\">08\/10\/2020 &#8211; 14:00<\/h6>\n\n\n\n<div style=\"height:25px\" aria-hidden=\"true\" class=\"wp-block-spacer\"><\/div>\n\n\n\n<p><em>VivaCit\u00e9S HdF et Interphaz&nbsp;<\/em><\/p>\n\n\n\n<p>Un temps d\u2019avant-go\u00fbt de la seconde Biennale de cartographie participative avec la participation du Non Lieu et la ville de Tourcoing pour un atelier d\u00e9di\u00e9 \u00e0 la cartographie participative des chemin\u00e9es d\u2019usine dans la MEL.<\/p>\n\n\n\n<div style=\"height:25px\" aria-hidden=\"true\" class=\"wp-block-spacer\"><\/div>\n\n\n\n<h3 class=\"wp-block-heading\">ATELIER \u00ab\u00a0AU TOUR DE TABLE\u00a0\u00bb : FAIRE LA VILLE AVEC (TOUS) LES GENS<\/h3>\n\n\n\n<h6 class=\"has-luminous-vivid-orange-color has-text-color wp-block-heading\">10\/10\/2020 &#8211; 14:00<\/h6>\n\n\n\n<div style=\"height:25px\" aria-hidden=\"true\" class=\"wp-block-spacer\"><\/div>\n\n\n\n<p>Les territoires comptent des multitudes d\u2019initiatives citoyennes, de collectifs d\u2019habitants qui s\u2019engagent pour une meilleure qualit\u00e9 de vie, pour une mobilit\u00e9 plus douce, pour un meilleur vivre ensemble, pour le climat, etc. De leur c\u00f4t\u00e9, les communes et les administrations multiplient elles aussi les politiques et actions en faveur du d\u00e9veloppement durable. Et si en conjuguant l\u2019\u00e9nergie d\u00e9ploy\u00e9e de part et d\u2019autre par une plus grande collaboration des acteurs, on pouvait contribuer \u00e0 rendre la ville plus r\u00e9siliente et plus collaborative ?&nbsp;<\/p>\n\n\n\n<p>L\u2019atelier \u00ab&nbsp;au tour de table&nbsp;\u00bb mettra en d\u00e9bat plusieurs POC dans la th\u00e9matique \u00ab&nbsp;Faire la ville avec (tous) les gens&nbsp;\u00bb&nbsp;<\/p>\n\n\n\n<div style=\"height:25px\" aria-hidden=\"true\" class=\"wp-block-spacer\"><\/div>\n\n\n\n<h3 class=\"wp-block-heading\">ATELIER \u00ab\u00a0AU TOUR DE TABLE\u00a0\u00bb : VILLE RESTAURATIVE<\/h3>\n\n\n\n<h6 class=\"has-luminous-vivid-orange-color has-text-color wp-block-heading\">15\/10\/2020 &#8211; 14:00<\/h6>\n\n\n\n<div style=\"height:25px\" aria-hidden=\"true\" class=\"wp-block-spacer\"><\/div>\n\n\n\n<p><em>Luc Henry Choquet.<\/em><em><\/em><em>Ivo Aertsen, Antonio Buenatesta, Jessica Philippi, designers avec une exp\u00e9rience dans le domaine de la protection judiciaire de la Jeunesse<\/em><em><\/em><\/p>\n\n\n\n<p>Les villes d\u2019aujourd\u2019hui n\u2019apparaissent \u00e0 premi\u00e8re vue pas tr\u00e8s collaboratives aux citoyens et la collaboration ne leur semble peut-\u00eatre pas un vecteur de solution aux multiples probl\u00e8mes qu\u2019ils et elles rencontrent au quotidien dans la ville. La justice restaurative apporte d\u2019embl\u00e9e un contre-exemple fructueux de collaboration dans une situation o\u00f9 on l\u2019attendrait le moins, soit entre une victime, son agresseur et les parties prenantes de la d\u00e9marche.<\/p>\n\n\n\n<p>L\u2019atelier \u00ab&nbsp;au tour de table&nbsp;\u00bb mettra en d\u00e9batl\u2019exp\u00e9rience des \u00ab villes restauratives \u00bb et la pratique de la justice restaurative, en g\u00e9n\u00e9ral, comme une voie alternative \u00e0 la sanction avec l&rsquo;id\u00e9e manifeste d&rsquo;un r\u00e9tablissement de la paix sociale, d&rsquo;une restauration du vivre ensemble et d&rsquo;un souci de reconstruire une communaut\u00e9.<\/p>\n\n\n\n<div style=\"height:25px\" aria-hidden=\"true\" class=\"wp-block-spacer\"><\/div>\n\n\n\n<div style=\"height:25px\" aria-hidden=\"true\" class=\"wp-block-spacer\"><\/div>\n\n\n\n<h3 class=\"wp-block-heading\">MAISON POC VILLE COLLABORATIVE DESIGN WEEK<\/h3>\n\n\n\n<p><strong>DxCC Lille 2020 &#8211; Design for Collaborative City Lille 2020<\/strong><\/p>\n\n\n\n<h6 class=\"has-luminous-vivid-orange-color has-text-color wp-block-heading\">17\/10\/2020 \u2013 17:00 (Lieu : Gare de St Sauveur, Lille)<\/h6>\n\n\n\n<div style=\"height:25px\" aria-hidden=\"true\" class=\"wp-block-spacer\"><\/div>\n\n\n\n<p>Tiers-lieux,<em>living-lab<\/em>, quartiers durables, etc. font partie des zones sur le territoire o\u00f9 s\u2019exp\u00e9rimentent de nouvelles formes du vivre ensemble.&nbsp;<\/p>\n\n\n\n<p>DxCC Lille 2020 accueillera une demi-journ\u00e9e de conversations en pr\u00e9sentiel et \u00e0 distance pour croiser les exp\u00e9rimentations du territoire avec d\u2019autres d\u00e9velopp\u00e9es par les labos DESIS de Milan et Barcelone et des contributions provenant d\u2019autres villes comme Londres, New-York, Medellin, Rio de Janeiro, Shanghai.&nbsp;<\/p>\n\n\n\n<p>Quelles formes prennent ces exp\u00e9rimentations ? Comment \u00e9mergent-elles d\u2019initiatives sociales, environnementales, p\u00e9dagogiques, entrepreneuriales, etc. ? Qu\u2019est-ce qu\u2019elles nous apprennent sur les nouveaux modes de vie urbain ? Quels r\u00f4les joue de design dans leur d\u00e9veloppement ? Comment dessinent-elles des villes plus collaboratives du faire et du vivre ensemble ?&nbsp;<\/p>\n\n\n\n<div style=\"height:25px\" aria-hidden=\"true\" class=\"wp-block-spacer\"><\/div>\n\n\n\n<h3 class=\"wp-block-heading\">FABLABPHILO #2<\/h3>\n\n\n\n<h6 class=\"has-luminous-vivid-orange-color has-text-color wp-block-heading\">18\/10\/2020 &#8211; 15:00 \u00e0 17:00<\/h6>\n\n\n\n<div style=\"height:25px\" aria-hidden=\"true\" class=\"wp-block-spacer\"><\/div>\n\n\n\n<p><em>Ludovic Duhem, philosophe, responsable de la recherche ESAD Valenciennes<\/em><\/p>\n\n\n\n<p>Atelier collaboratif et contributif pour faire de la philosophie sans \u00eatre philosophe et en produisant des formes mat\u00e9rialis\u00e9es autre que le texte. Le FabLabPhilo explorera une th\u00e9matique de la Ville Collaborative li\u00e9e au design pour r\u00e9aliser un objet mat\u00e9rialisant un concept, une id\u00e9e, une th\u00e9orie, un d\u00e9bat. Il s\u2019adresse \u00e0 des non-philosophes : habitants du quartier, \u00e9tudiants, association de quartier, \u00e9ducateurs, designers, animateurs de FabLabs&#8230;<\/p>\n\n\n\n<div style=\"height:25px\" aria-hidden=\"true\" class=\"wp-block-spacer\"><\/div>\n\n\n\n<h3 class=\"wp-block-heading\">CINE : ATELIER DE DESIGN FORUM<\/h3>\n\n\n\n<h6 class=\"has-luminous-vivid-orange-color has-text-color wp-block-heading\">22\/10\/2020 &#8211; 19:00<\/h6>\n\n\n\n<div style=\"height:25px\" aria-hidden=\"true\" class=\"wp-block-spacer\"><\/div>\n\n\n\n<p>Le design dans la ville collaborative mis en sc\u00e8ne par des r\u00e9cits, des t\u00e9moignages, des histoires. Elle emprunte les formes du spectacle de rue, du th\u00e9\u00e2tre forum, de la performance pour mieux raconter la valeur de ce design qui \u00e9coute les gens, collecte des t\u00e9moignages, requestionne la demande, met les id\u00e9es en r\u00e9cits, communique les solutions \u00e0 travers des histoires.&nbsp;<\/p>\n\n\n\n<p>Captation vid\u00e9o d\u2019un atelier co-construit avec la compagnie de Th\u00e9\u00e2tre Forum NAJE pr\u00e9senterant un spectacle exp\u00e9rimental de Design Forum&nbsp;: plusieurs acteurs de la transition alimentaire partageront leurs r\u00e9cits sur l\u2019agriculture urbaine et l\u2019alimentation durable, exploreront les enjeux, les synergies mais aussi les divergences entre leurs POC et inviteront les spectateurs \u00e0 \u00ab&nbsp;faire forum&nbsp;\u00bb en interagissant sur sc\u00e8ne.&nbsp;<\/p>\n\n\n\n<div class=\"wp-block-button alignright\"><a class=\"wp-block-button__link has-background has-luminous-vivid-orange-background-color\" href=\"http:\/\/www.sustainable-everyday-project.net\/ville-collaborative\/fr\/2020\/11\/17\/cine-atelier-de-design-forum\/\">D\u00e9couvrir le Cin\u00e9 &#8211; Atelier de Design Forum<\/a><\/div>\n\n\n\n<div style=\"height:25px\" aria-hidden=\"true\" class=\"wp-block-spacer\"><\/div>\n\n\n\n<h3 class=\"wp-block-heading\">PITCH DE POC : PRODUIRE EN COMMUN #2<\/h3>\n\n\n\n<h6 class=\"has-luminous-vivid-orange-color has-text-color wp-block-heading\">29\/10\/2020 &#8211; 18:00<\/h6>\n\n\n\n<div style=\"height:25px\" aria-hidden=\"true\" class=\"wp-block-spacer\"><\/div>\n\n\n\n<p>Dans la Ville Collaborative les produits, les services, les politiques publiques sont con\u00e7us, \u00e9labor\u00e9s et d\u00e9velopp\u00e9s en commun. La collaboration permet plus d\u2019efficience, plus d\u2019int\u00e9gration, elle retisse les liens sociaux, favorise l\u2019inclusion&nbsp;<\/p>\n\n\n\n<p>5 porteurs de POC\/designers auront 1 image et 5 minutes pour raconter leur POC. Le public et l\u2019\u00e9quipe de la Ville Collaborative exploreront comment ces POC influencent, inspirent, aident le fait de produire en commun&nbsp;<\/p>\n\n\n\n<div style=\"height:25px\" aria-hidden=\"true\" class=\"wp-block-spacer\"><\/div>\n\n\n\n<h3 class=\"wp-block-heading\">PITCH DE POC : FACILITER LA COLLABORATION #2<\/h3>\n\n\n\n<h6 class=\"has-luminous-vivid-orange-color has-text-color wp-block-heading\">05\/11\/2020 &#8211; 18:00<\/h6>\n\n\n\n<div style=\"height:25px\" aria-hidden=\"true\" class=\"wp-block-spacer\"><\/div>\n\n\n\n<p>Dans la Ville Collaborative les pratiques, les processus, les m\u00e9thodes aident \u00e0 croiser, \u00e0 conjuguer, \u00e0 retisser la soci\u00e9t\u00e9 et \u00e0 nous mettre en synergie. La collaboration ne va pas de soi, elle n\u00e9cessite de syst\u00e9matiser les rencontres, d\u2019outiller les \u00e9changes, de faciliter les interactions.&nbsp;<\/p>\n\n\n\n<p>5 porteurs de POC\/designers auront 1 image et 5 minutes pour raconter leur POC. Le public et l\u2019\u00e9quipe de la Ville Collaborative exploreront comment ces POC encouragent, enrichissent, facilitent la collaboration&nbsp;<\/p>\n\n\n<p><iframe loading=\"lazy\" src=\"https:\/\/player.vimeo.com\/video\/488985370\" width=\"960\" height=\"540\" frameborder=\"0\" allow=\"autoplay; fullscreen\" allowfullscreen=\"\"><\/iframe><\/p>\n\n\n\n<div style=\"height:50px\" aria-hidden=\"true\" class=\"wp-block-spacer\"><\/div>\n\n\n\n<hr class=\"wp-block-separator\"\/>\n","protected":false},"excerpt":{"rendered":"<p>Les \u00e9v\u00e9nements pass\u00e9s de la Maison POC Ville Collaborative Les pitchs POC Les pitchs POC sont des soir\u00e9es d\u00e9di\u00e9es \u00e0 la pr\u00e9sentation de 3 \u00e0 5 POC par les porteurs eux-m\u00eames. Les POC d&rsquo;ici et d&rsquo;ailleurs Les POC d&rsquo;ici et d&rsquo;ailleurs sont des rencontres entre un intervenant international et un ou plusieurs intervenants locaux. Les <a href=\"https:\/\/www.sustainable-everyday-project.net\/ville-collaborative\/programme-2\/\" rel=\"nofollow\"><span class=\"sr-only\">Read more about Programmation<\/span>[&hellip;]<\/a><\/p>\n","protected":false},"author":1,"featured_media":0,"parent":0,"menu_order":0,"comment_status":"closed","ping_status":"closed","template":"","meta":{"footnotes":""},"class_list":["post-444","page","type-page","status-publish","hentry"],"_links":{"self":[{"href":"https:\/\/www.sustainable-everyday-project.net\/ville-collaborative\/wp-json\/wp\/v2\/pages\/444","targetHints":{"allow":["GET"]}}],"collection":[{"href":"https:\/\/www.sustainable-everyday-project.net\/ville-collaborative\/wp-json\/wp\/v2\/pages"}],"about":[{"href":"https:\/\/www.sustainable-everyday-project.net\/ville-collaborative\/wp-json\/wp\/v2\/types\/page"}],"author":[{"embeddable":true,"href":"https:\/\/www.sustainable-everyday-project.net\/ville-collaborative\/wp-json\/wp\/v2\/users\/1"}],"replies":[{"embeddable":true,"href":"https:\/\/www.sustainable-everyday-project.net\/ville-collaborative\/wp-json\/wp\/v2\/comments?post=444"}],"version-history":[{"count":15,"href":"https:\/\/www.sustainable-everyday-project.net\/ville-collaborative\/wp-json\/wp\/v2\/pages\/444\/revisions"}],"predecessor-version":[{"id":4980,"href":"https:\/\/www.sustainable-everyday-project.net\/ville-collaborative\/wp-json\/wp\/v2\/pages\/444\/revisions\/4980"}],"wp:attachment":[{"href":"https:\/\/www.sustainable-everyday-project.net\/ville-collaborative\/wp-json\/wp\/v2\/media?parent=444"}],"curies":[{"name":"wp","href":"https:\/\/api.w.org\/{rel}","templated":true}]}}