{"id":528,"date":"2020-03-19T11:16:37","date_gmt":"2020-03-19T11:16:37","guid":{"rendered":"http:\/\/www.sustainable-everyday-project.net\/ville-collaborative\/?page_id=528"},"modified":"2020-07-10T08:36:01","modified_gmt":"2020-07-10T08:36:01","slug":"explorez-les-poc","status":"publish","type":"page","link":"https:\/\/www.sustainable-everyday-project.net\/ville-collaborative\/explorez-les-poc\/","title":{"rendered":"Explorez les POC"},"content":{"rendered":"\n<h6 class=\"has-cyan-bluish-gray-color has-text-color has-text-align-center wp-block-heading\">Les enjeux de la Ville Collaborative<\/h6>\n\n\n\n<div style=\"height:25px\" aria-hidden=\"true\" class=\"wp-block-spacer\"><\/div>\n\n\n\n<h2 class=\"has-text-align-center wp-block-heading\">Pourquoi la Ville Collaborative ?<\/h2>\n\n\n\n<div style=\"height:30px\" aria-hidden=\"true\" class=\"wp-block-spacer\"><\/div>\n\n\n\n<p class=\"has-text-align-center\">Les modes de vie contemporains sont centr\u00e9s sur l\u2019individu, le consommateur est l\u2019unit\u00e9 de r\u00e9f\u00e9rence, Les solutions sont toujours plus personnalis\u00e9es, les algorithmes sont plus cibl\u00e9s, les mentalit\u00e9s individualistes, les int\u00e9r\u00eats personnels\u2026. L\u2019enjeu de la Ville Collaborative est de restaurer le collectif, r\u00e9g\u00e9n\u00e9rer les biens communs, retrouver la communaut\u00e9, favoriser l\u2019entre-aide Dans cette Ville Collaborative, le r\u00f4le du design est de mixer les alt\u00e9rites, de croiser les flux, d\u2019inventer les convergences, d\u2019adresser l\u2019int\u00e9r\u00eat g\u00e9n\u00e9ral\u2026<\/p>\n\n\n\n<div style=\"height:30px\" aria-hidden=\"true\" class=\"wp-block-spacer\"><\/div>\n\n\n\n<div class=\"wp-block-media-text alignwide is-vertically-aligned-center\"><figure class=\"wp-block-media-text__media\"><img loading=\"lazy\" decoding=\"async\" width=\"800\" height=\"800\" src=\"http:\/\/www.sustainable-everyday-project.net\/ville-collaborative\/files\/2020\/07\/1_installerlevivreensemble.jpg\" alt=\"\" class=\"wp-image-2680\" srcset=\"https:\/\/www.sustainable-everyday-project.net\/ville-collaborative\/files\/2020\/07\/1_installerlevivreensemble.jpg 800w, https:\/\/www.sustainable-everyday-project.net\/ville-collaborative\/files\/2020\/07\/1_installerlevivreensemble-300x300.jpg 300w, https:\/\/www.sustainable-everyday-project.net\/ville-collaborative\/files\/2020\/07\/1_installerlevivreensemble-150x150.jpg 150w, https:\/\/www.sustainable-everyday-project.net\/ville-collaborative\/files\/2020\/07\/1_installerlevivreensemble-768x768.jpg 768w, https:\/\/www.sustainable-everyday-project.net\/ville-collaborative\/files\/2020\/07\/1_installerlevivreensemble-250x250.jpg 250w, https:\/\/www.sustainable-everyday-project.net\/ville-collaborative\/files\/2020\/07\/1_installerlevivreensemble-174x174.jpg 174w\" sizes=\"auto, (max-width: 800px) 100vw, 800px\" \/><\/figure><div class=\"wp-block-media-text__content\">\n<blockquote class=\"wp-block-quote is-layout-flow wp-block-quote-is-layout-flow\"><p><strong>Le design de la Ville Collaborative imagine des projets qui augmentent la diversit\u00e9 sociale, favorisent les rencontre, provoquent la s\u00e9rendipit\u00e9, confortent l\u2019\u00e9quit\u00e9 et d\u00e9veloppent les communaut\u00e9s&#8230;.<\/strong><\/p><\/blockquote>\n\n\n\n<div style=\"height:30px\" aria-hidden=\"true\" class=\"wp-block-spacer\"><\/div>\n\n\n\n<h6 class=\"has-text-align-left wp-block-heading\"><a href=\"http:\/\/www.sustainable-everyday-project.net\/ville-collaborative\/fr\/2020\/03\/23\/installer-le-vivre-ensemble\/\">Explorez les POC de  <strong>Installer le \u00ab\u00a0vivre ensemble\u00a0\u00bb<\/strong> (comme un atout) <\/a><\/h6>\n<\/div><\/div>\n\n\n\n<div style=\"height:50px\" aria-hidden=\"true\" class=\"wp-block-spacer\"><\/div>\n\n\n\n<div class=\"wp-block-media-text alignwide has-media-on-the-right is-vertically-aligned-center\"><figure class=\"wp-block-media-text__media\"><img loading=\"lazy\" decoding=\"async\" width=\"1024\" height=\"1021\" src=\"http:\/\/www.sustainable-everyday-project.net\/ville-collaborative\/files\/2020\/07\/2_faciliterlacollaboration-1024x1021.jpg\" alt=\"\" class=\"wp-image-2681\" srcset=\"https:\/\/www.sustainable-everyday-project.net\/ville-collaborative\/files\/2020\/07\/2_faciliterlacollaboration-1024x1021.jpg 1024w, https:\/\/www.sustainable-everyday-project.net\/ville-collaborative\/files\/2020\/07\/2_faciliterlacollaboration-300x300.jpg 300w, https:\/\/www.sustainable-everyday-project.net\/ville-collaborative\/files\/2020\/07\/2_faciliterlacollaboration-150x150.jpg 150w, https:\/\/www.sustainable-everyday-project.net\/ville-collaborative\/files\/2020\/07\/2_faciliterlacollaboration-768x766.jpg 768w, https:\/\/www.sustainable-everyday-project.net\/ville-collaborative\/files\/2020\/07\/2_faciliterlacollaboration-1536x1532.jpg 1536w, https:\/\/www.sustainable-everyday-project.net\/ville-collaborative\/files\/2020\/07\/2_faciliterlacollaboration-250x250.jpg 250w, https:\/\/www.sustainable-everyday-project.net\/ville-collaborative\/files\/2020\/07\/2_faciliterlacollaboration-174x174.jpg 174w, https:\/\/www.sustainable-everyday-project.net\/ville-collaborative\/files\/2020\/07\/2_faciliterlacollaboration.jpg 1710w\" sizes=\"auto, (max-width: 1024px) 100vw, 1024px\" \/><\/figure><div class=\"wp-block-media-text__content\">\n<blockquote class=\"wp-block-quote is-layout-flow wp-block-quote-is-layout-flow\"><p><strong>Le design de la Ville Collaborative installe la conversation entre les acteurs, assure que tous soient \u00e9cout\u00e9s, met chacun en capacit\u00e9 de contribuer et construit la confiance entre les parties prenantes.<\/strong><\/p><\/blockquote>\n\n\n\n<div style=\"height:30px\" aria-hidden=\"true\" class=\"wp-block-spacer\"><\/div>\n\n\n\n<h6 class=\"has-text-align-left wp-block-heading\"><a href=\"http:\/\/www.sustainable-everyday-project.net\/ville-collaborative\/fr\/2020\/03\/23\/faciliter-la-collaboration\/\">Explorez les POC de Faciliter la collaboration (pour r\u00e9inventer le monde)<\/a><\/h6>\n<\/div><\/div>\n\n\n\n<div class=\"wp-block-media-text alignwide is-vertically-aligned-center\"><figure class=\"wp-block-media-text__media\"><img loading=\"lazy\" decoding=\"async\" width=\"1024\" height=\"1021\" src=\"http:\/\/www.sustainable-everyday-project.net\/ville-collaborative\/files\/2020\/07\/3_produireencommun-1024x1021.jpg\" alt=\"\" class=\"wp-image-2682\" srcset=\"https:\/\/www.sustainable-everyday-project.net\/ville-collaborative\/files\/2020\/07\/3_produireencommun-1024x1021.jpg 1024w, https:\/\/www.sustainable-everyday-project.net\/ville-collaborative\/files\/2020\/07\/3_produireencommun-300x300.jpg 300w, https:\/\/www.sustainable-everyday-project.net\/ville-collaborative\/files\/2020\/07\/3_produireencommun-150x150.jpg 150w, https:\/\/www.sustainable-everyday-project.net\/ville-collaborative\/files\/2020\/07\/3_produireencommun-768x766.jpg 768w, https:\/\/www.sustainable-everyday-project.net\/ville-collaborative\/files\/2020\/07\/3_produireencommun-1536x1532.jpg 1536w, https:\/\/www.sustainable-everyday-project.net\/ville-collaborative\/files\/2020\/07\/3_produireencommun-250x250.jpg 250w, https:\/\/www.sustainable-everyday-project.net\/ville-collaborative\/files\/2020\/07\/3_produireencommun-174x174.jpg 174w, https:\/\/www.sustainable-everyday-project.net\/ville-collaborative\/files\/2020\/07\/3_produireencommun.jpg 1710w\" sizes=\"auto, (max-width: 1024px) 100vw, 1024px\" \/><\/figure><div class=\"wp-block-media-text__content\">\n<blockquote class=\"wp-block-quote is-layout-flow wp-block-quote-is-layout-flow\"><p><strong>Le design de la Ville Collaborative augmente les synergies, int\u00e8gre plusieurs fonctions dans un m\u00eame dispositif, imagine des effets multiplicateurs.<\/strong><\/p><\/blockquote>\n\n\n\n<div style=\"height:30px\" aria-hidden=\"true\" class=\"wp-block-spacer\"><\/div>\n\n\n\n<h6 class=\"has-text-align-right wp-block-heading\"><a href=\"http:\/\/www.sustainable-everyday-project.net\/ville-collaborative\/fr\/2020\/03\/23\/co-produire-en-commun\/\"> Explorez les POC de Produire (la r\u00e9silience) en commun <\/a><\/h6>\n<\/div><\/div>\n\n\n\n<div style=\"height:50px\" aria-hidden=\"true\" class=\"wp-block-spacer\"><\/div>\n\n\n\n<h2 class=\"has-text-align-center wp-block-heading\">La collaboration comme enjeux de la transition<strong>&#8230;<\/strong><\/h2>\n\n\n\n<div style=\"height:25px\" aria-hidden=\"true\" class=\"wp-block-spacer\"><\/div>\n\n\n\n<p class=\"has-text-align-center\">Comme l\u2019\u00e9tude du vivant l\u2019a abondement montr\u00e9, l\u2019entraide entre les esp\u00e8ces et la collaboration sont bien plus puissantes et efficaces que la force et la comp\u00e9tition. La collaboration est la v\u00e9ritable \u00ab loi de la jungle \u00bb et dans nos soci\u00e9t\u00e9s urbaines modernes que certains d\u00e9crivent au bord de l\u2019effondrement, la collaboration est la seule mani\u00e8re de conjuguer entre elles les ressources humaines, les seules ressources dont notre monde dispose en abondance pour engager une transition durable.<\/p>\n","protected":false},"excerpt":{"rendered":"<p>Les enjeux de la Ville Collaborative Pourquoi la Ville Collaborative ? Les modes de vie contemporains sont centr\u00e9s sur l\u2019individu, le consommateur est l\u2019unit\u00e9 de r\u00e9f\u00e9rence, Les solutions sont toujours plus personnalis\u00e9es, les algorithmes sont plus cibl\u00e9s, les mentalit\u00e9s individualistes, les int\u00e9r\u00eats personnels\u2026. L\u2019enjeu de la Ville Collaborative est de restaurer le collectif, r\u00e9g\u00e9n\u00e9rer les <a href=\"https:\/\/www.sustainable-everyday-project.net\/ville-collaborative\/explorez-les-poc\/\" rel=\"nofollow\"><span class=\"sr-only\">Read more about Explorez les POC<\/span>[&hellip;]<\/a><\/p>\n","protected":false},"author":1,"featured_media":0,"parent":0,"menu_order":0,"comment_status":"closed","ping_status":"closed","template":"","meta":{"footnotes":""},"class_list":["post-528","page","type-page","status-publish","hentry"],"_links":{"self":[{"href":"https:\/\/www.sustainable-everyday-project.net\/ville-collaborative\/wp-json\/wp\/v2\/pages\/528","targetHints":{"allow":["GET"]}}],"collection":[{"href":"https:\/\/www.sustainable-everyday-project.net\/ville-collaborative\/wp-json\/wp\/v2\/pages"}],"about":[{"href":"https:\/\/www.sustainable-everyday-project.net\/ville-collaborative\/wp-json\/wp\/v2\/types\/page"}],"author":[{"embeddable":true,"href":"https:\/\/www.sustainable-everyday-project.net\/ville-collaborative\/wp-json\/wp\/v2\/users\/1"}],"replies":[{"embeddable":true,"href":"https:\/\/www.sustainable-everyday-project.net\/ville-collaborative\/wp-json\/wp\/v2\/comments?post=528"}],"version-history":[{"count":12,"href":"https:\/\/www.sustainable-everyday-project.net\/ville-collaborative\/wp-json\/wp\/v2\/pages\/528\/revisions"}],"predecessor-version":[{"id":2686,"href":"https:\/\/www.sustainable-everyday-project.net\/ville-collaborative\/wp-json\/wp\/v2\/pages\/528\/revisions\/2686"}],"wp:attachment":[{"href":"https:\/\/www.sustainable-everyday-project.net\/ville-collaborative\/wp-json\/wp\/v2\/media?parent=528"}],"curies":[{"name":"wp","href":"https:\/\/api.w.org\/{rel}","templated":true}]}}